{"id":873,"date":"2023-12-27T10:41:48","date_gmt":"2023-12-27T07:41:48","guid":{"rendered":"https:\/\/woodly.ecom.themepreview.xyz\/home01\/?page_id=873"},"modified":"2024-01-31T12:52:09","modified_gmt":"2024-01-31T09:52:09","slug":"hakkimizda","status":"publish","type":"page","link":"https:\/\/www.dipack.com.tr\/en\/about\/","title":{"rendered":"About us"},"content":{"rendered":"<div data-elementor-type=\"wp-page\" data-elementor-id=\"873\" class=\"elementor elementor-873\">\n\t\t\t\t<div class=\"elementor-element elementor-element-4e03927 e-flex e-con-boxed e-con e-parent\" data-id=\"4e03927\" data-element_type=\"container\">\n\t\t\t\t\t<div class=\"e-con-inner\">\n\t\t<div class=\"elementor-element elementor-element-90d6add elementor-hidden-mobile e-con-full e-flex e-con e-child\" data-id=\"90d6add\" data-element_type=\"container\">\n\t\t\t\t<\/div>\n\t\t<div class=\"elementor-element elementor-element-b9ff36c e-con-full e-flex e-con e-child\" data-id=\"b9ff36c\" data-element_type=\"container\">\n\t\t\t\t<div class=\"elementor-element elementor-element-ce68c1c elementor-widget elementor-widget-image\" data-id=\"ce68c1c\" data-element_type=\"widget\" data-widget_type=\"image.default\">\n\t\t\t\t<div class=\"elementor-widget-container\">\n\t\t\t\t\t\t\t\t\t\t\t\t\t<img fetchpriority=\"high\" decoding=\"async\" width=\"1920\" height=\"600\" src=\"https:\/\/www.dipack.com.tr\/wp-content\/uploads\/2023\/12\/Dipack_web_banner1-2.jpg\" class=\"attachment-full size-full wp-image-12270\" alt=\"\" srcset=\"https:\/\/www.dipack.com.tr\/wp-content\/uploads\/2023\/12\/Dipack_web_banner1-2.jpg 1920w, https:\/\/www.dipack.com.tr\/wp-content\/uploads\/2023\/12\/Dipack_web_banner1-2-300x94.jpg 300w, https:\/\/www.dipack.com.tr\/wp-content\/uploads\/2023\/12\/Dipack_web_banner1-2-1024x320.jpg 1024w, https:\/\/www.dipack.com.tr\/wp-content\/uploads\/2023\/12\/Dipack_web_banner1-2-768x240.jpg 768w, https:\/\/www.dipack.com.tr\/wp-content\/uploads\/2023\/12\/Dipack_web_banner1-2-1536x480.jpg 1536w, https:\/\/www.dipack.com.tr\/wp-content\/uploads\/2023\/12\/Dipack_web_banner1-2-600x188.jpg 600w\" sizes=\"(max-width: 1920px) 100vw, 1920px\" \/>\t\t\t\t\t\t\t\t\t\t\t\t\t<\/div>\n\t\t\t\t<\/div>\n\t\t<div class=\"elementor-element elementor-element-213202a e-con-full e-flex e-con e-child\" data-id=\"213202a\" data-element_type=\"container\">\n\t\t\t\t<div class=\"elementor-element elementor-element-5ddec97 elementor-widget elementor-widget-woodly_heading\" data-id=\"5ddec97\" data-element_type=\"widget\" data-widget_type=\"woodly_heading.default\">\n\t\t\t\t<div class=\"elementor-widget-container\">\n\t\t\t<h2 class=\"elementor-heading-title woodly_animated_heading_title elementor-size-default\" data-splitting>Dipack<\/h2>\t\t<\/div>\n\t\t\t\t<\/div>\n\t\t\t\t<div class=\"elementor-element elementor-element-fcf1e64 elementor-widget elementor-widget-text-editor\" data-id=\"fcf1e64\" data-element_type=\"widget\" data-widget_type=\"text-editor.default\">\n\t\t\t\t<div class=\"elementor-widget-container\">\n\t\t\t\t\t\t\t<p>Dipack leads the industry as the industry's reliable supplier for industrial foods. Our company offers a wide range of products<span style=\"font-size: 1.1875rem; text-align: var(--text-align);\">\u00a0With its range, it offers various packaging solutions such as disposable products such as Leak-Proof Containers, Baklava Containers, Salad Containers, Cookie Containers, Cake Containers, Sauce Containers, Delicatessen Containers, Meat Containers, Cheese Containers, Special Production Containers.<\/span><\/p><p><br \/><br \/>In addition to its sector leadership in Turkey, Dipack also has a respected position internationally. It assumes a leading role in the packaging industry by offering quality and innovative solutions to our customers in the industrial food industry and end-user disposable container needs.<br \/><br \/><br \/>Our company acts with a vision that pioneers the developments in the sector by keeping customer satisfaction and quality standards at the highest level. The Dipack brand aims to not only offer superior quality packaging products to its customers, but also to lead in environmental sustainability and innovation.<\/p>\t\t\t\t\t\t<\/div>\n\t\t\t\t<\/div>\n\t\t\t\t<\/div>\n\t\t\t\t<\/div>\n\t\t<div class=\"elementor-element elementor-element-6233051 e-con-full e-flex e-con e-child\" data-id=\"6233051\" data-element_type=\"container\">\n\t\t\t\t<\/div>\n\t\t\t\t\t<\/div>\n\t\t\t\t<\/div>\n\t\t<div class=\"elementor-element elementor-element-85ff283 e-flex e-con-boxed e-con e-parent\" data-id=\"85ff283\" data-element_type=\"container\">\n\t\t\t\t\t<div class=\"e-con-inner\">\n\t\t<div class=\"elementor-element elementor-element-98703a2 e-con-full e-flex e-con e-child\" data-id=\"98703a2\" data-element_type=\"container\">\n\t\t<div class=\"elementor-element elementor-element-150b9a1 e-con-full e-flex e-con e-child\" data-id=\"150b9a1\" data-element_type=\"container\">\n\t\t<div class=\"elementor-element elementor-element-1b362b2 e-con-full e-flex e-con e-child\" data-id=\"1b362b2\" data-element_type=\"container\">\n\t\t\t\t<div class=\"elementor-element elementor-element-b8b4b16 elementor-view-stacked elementor-shape-circle elementor-position-top elementor-mobile-position-top elementor-widget elementor-widget-icon-box\" data-id=\"b8b4b16\" data-element_type=\"widget\" data-widget_type=\"icon-box.default\">\n\t\t\t\t<div class=\"elementor-widget-container\">\n\t\t\t\t\t<div class=\"elementor-icon-box-wrapper\">\n\n\t\t\t\t\t\t<div class=\"elementor-icon-box-icon\">\n\t\t\t\t<span  class=\"elementor-icon elementor-animation-\">\n\t\t\t\t<i aria-hidden=\"true\" class=\"isax icon-truck-tick1\"><\/i>\t\t\t\t<\/span>\n\t\t\t<\/div>\n\t\t\t\n\t\t\t\t\t\t<div class=\"elementor-icon-box-content\">\n\n\t\t\t\t\t\t\t\t\t<h4 class=\"elementor-icon-box-title\">\n\t\t\t\t\t\t<span  >\n\t\t\t\t\t\t\tProduction and Transportation\t\t\t\t\t\t<\/span>\n\t\t\t\t\t<\/h4>\n\t\t\t\t\n\t\t\t\t\t\t\t\t\t<p class=\"elementor-icon-box-description\">\n\t\t\t\t\t\tProduction and shipping support.\t\t\t\t\t<\/p>\n\t\t\t\t\n\t\t\t<\/div>\n\t\t\t\n\t\t<\/div>\n\t\t\t\t<\/div>\n\t\t\t\t<\/div>\n\t\t\t\t<\/div>\n\t\t<div class=\"elementor-element elementor-element-7cd7d01 e-con-full e-flex e-con e-child\" data-id=\"7cd7d01\" data-element_type=\"container\">\n\t\t\t\t<div class=\"elementor-element elementor-element-8cfe267 elementor-view-stacked elementor-shape-circle elementor-position-top elementor-mobile-position-top elementor-widget elementor-widget-icon-box\" data-id=\"8cfe267\" data-element_type=\"widget\" data-widget_type=\"icon-box.default\">\n\t\t\t\t<div class=\"elementor-widget-container\">\n\t\t\t\t\t<div class=\"elementor-icon-box-wrapper\">\n\n\t\t\t\t\t\t<div class=\"elementor-icon-box-icon\">\n\t\t\t\t<span  class=\"elementor-icon elementor-animation-\">\n\t\t\t\t<i aria-hidden=\"true\" class=\"isax icon-money-2\"><\/i>\t\t\t\t<\/span>\n\t\t\t<\/div>\n\t\t\t\n\t\t\t\t\t\t<div class=\"elementor-icon-box-content\">\n\n\t\t\t\t\t\t\t\t\t<h4 class=\"elementor-icon-box-title\">\n\t\t\t\t\t\t<span  >\n\t\t\t\t\t\t\tProduct design\t\t\t\t\t\t<\/span>\n\t\t\t\t\t<\/h4>\n\t\t\t\t\n\t\t\t\t\t\t\t\t\t<p class=\"elementor-icon-box-description\">\n\t\t\t\t\t\tProduct design support.\t\t\t\t\t<\/p>\n\t\t\t\t\n\t\t\t<\/div>\n\t\t\t\n\t\t<\/div>\n\t\t\t\t<\/div>\n\t\t\t\t<\/div>\n\t\t\t\t<\/div>\n\t\t<div class=\"elementor-element elementor-element-2fcbf2e e-con-full e-flex e-con e-child\" data-id=\"2fcbf2e\" data-element_type=\"container\">\n\t\t\t\t<div class=\"elementor-element elementor-element-fb2bd20 elementor-view-stacked elementor-shape-circle elementor-position-top elementor-mobile-position-top elementor-widget elementor-widget-icon-box\" data-id=\"fb2bd20\" data-element_type=\"widget\" data-widget_type=\"icon-box.default\">\n\t\t\t\t<div class=\"elementor-widget-container\">\n\t\t\t\t\t<div class=\"elementor-icon-box-wrapper\">\n\n\t\t\t\t\t\t<div class=\"elementor-icon-box-icon\">\n\t\t\t\t<span  class=\"elementor-icon elementor-animation-\">\n\t\t\t\t<i aria-hidden=\"true\" class=\"isax icon-headphone1\"><\/i>\t\t\t\t<\/span>\n\t\t\t<\/div>\n\t\t\t\n\t\t\t\t\t\t<div class=\"elementor-icon-box-content\">\n\n\t\t\t\t\t\t\t\t\t<h4 class=\"elementor-icon-box-title\">\n\t\t\t\t\t\t<span  >\n\t\t\t\t\t\t\tCustomer service\t\t\t\t\t\t<\/span>\n\t\t\t\t\t<\/h4>\n\t\t\t\t\n\t\t\t\t\t\t\t\t\t<p class=\"elementor-icon-box-description\">\n\t\t\t\t\t\tCustomer service support.\t\t\t\t\t<\/p>\n\t\t\t\t\n\t\t\t<\/div>\n\t\t\t\n\t\t<\/div>\n\t\t\t\t<\/div>\n\t\t\t\t<\/div>\n\t\t\t\t<\/div>\n\t\t<div class=\"elementor-element elementor-element-4ce3c5a e-con-full e-flex e-con e-child\" data-id=\"4ce3c5a\" data-element_type=\"container\">\n\t\t\t\t<div class=\"elementor-element elementor-element-438514d elementor-view-stacked elementor-shape-circle elementor-position-top elementor-mobile-position-top elementor-widget elementor-widget-icon-box\" data-id=\"438514d\" data-element_type=\"widget\" data-widget_type=\"icon-box.default\">\n\t\t\t\t<div class=\"elementor-widget-container\">\n\t\t\t\t\t<div class=\"elementor-icon-box-wrapper\">\n\n\t\t\t\t\t\t<div class=\"elementor-icon-box-icon\">\n\t\t\t\t<span  class=\"elementor-icon elementor-animation-\">\n\t\t\t\t<i aria-hidden=\"true\" class=\"isax icon-shield-security1\"><\/i>\t\t\t\t<\/span>\n\t\t\t<\/div>\n\t\t\t\n\t\t\t\t\t\t<div class=\"elementor-icon-box-content\">\n\n\t\t\t\t\t\t\t\t\t<h4 class=\"elementor-icon-box-title\">\n\t\t\t\t\t\t<span  >\n\t\t\t\t\t\t\tAR-GE\t\t\t\t\t\t<\/span>\n\t\t\t\t\t<\/h4>\n\t\t\t\t\n\t\t\t\t\t\t\t\t\t<p class=\"elementor-icon-box-description\">\n\t\t\t\t\t\tResearch and development support.\t\t\t\t\t<\/p>\n\t\t\t\t\n\t\t\t<\/div>\n\t\t\t\n\t\t<\/div>\n\t\t\t\t<\/div>\n\t\t\t\t<\/div>\n\t\t\t\t<\/div>\n\t\t\t\t<\/div>\n\t\t\t\t<\/div>\n\t\t\t\t\t<\/div>\n\t\t\t\t<\/div>\n\t\t<div class=\"elementor-element elementor-element-b0ecff9 elementor-hidden-desktop elementor-hidden-tablet elementor-hidden-mobile e-flex e-con-boxed e-con e-parent\" data-id=\"b0ecff9\" data-element_type=\"container\" data-settings=\"{&quot;background_background&quot;:&quot;classic&quot;}\">\n\t\t\t\t\t<div class=\"e-con-inner\">\n\t\t\t\t<div class=\"elementor-element elementor-element-990760b elementor-widget__width-initial elementor-widget elementor-widget-woodly_heading\" data-id=\"990760b\" data-element_type=\"widget\" data-widget_type=\"woodly_heading.default\">\n\t\t\t\t<div class=\"elementor-widget-container\">\n\t\t\t<h2 class=\"elementor-heading-title woodly_animated_heading_title elementor-size-default\" data-splitting>%10'a varan \u0130ND\u0130R\u0130M f\u0131rsat\u0131!<\/h2>\t\t<\/div>\n\t\t\t\t<\/div>\n\t\t\t\t<div class=\"elementor-element elementor-element-4252d15 elementor-align-center elementor-widget elementor-widget-button\" data-id=\"4252d15\" data-element_type=\"widget\" data-widget_type=\"button.default\">\n\t\t\t\t<div class=\"elementor-widget-container\">\n\t\t\t\t\t\t\t<div class=\"elementor-button-wrapper\">\n\t\t\t\t\t<a class=\"elementor-button elementor-button-link elementor-size-sm\" href=\"https:\/\/www.dipack.com.tr\/en\/contact\/\">\n\t\t\t\t\t\t<span class=\"elementor-button-content-wrapper\">\n\t\t\t\t\t\t<span class=\"elementor-button-icon\">\n\t\t\t\t<i aria-hidden=\"true\" class=\"isax icon-arrow-right1\"><\/i>\t\t\t<\/span>\n\t\t\t\t\t\t\t\t\t<span class=\"elementor-button-text\">Contact<\/span>\n\t\t\t\t\t<\/span>\n\t\t\t\t\t<\/a>\n\t\t\t\t<\/div>\n\t\t\t\t\t\t<\/div>\n\t\t\t\t<\/div>\n\t\t\t\t\t<\/div>\n\t\t\t\t<\/div>\n\t\t<div class=\"elementor-element elementor-element-cb205bc e-con-full e-flex e-con e-child\" data-id=\"cb205bc\" data-element_type=\"container\">\n\t\t\t\t<div class=\"elementor-element elementor-element-9a86312 elementor-widget elementor-widget-woodly_heading\" data-id=\"9a86312\" data-element_type=\"widget\" data-widget_type=\"woodly_heading.default\">\n\t\t\t\t<div class=\"elementor-widget-container\">\n\t\t\t<h2 class=\"elementor-heading-title woodly_animated_heading_title elementor-size-default\" data-splitting>Send us a message!<\/h2>\t\t<\/div>\n\t\t\t\t<\/div>\n\t\t\t\t<div class=\"elementor-element elementor-element-2c4c56f elementor-widget elementor-widget-text-editor\" data-id=\"2c4c56f\" data-element_type=\"widget\" data-widget_type=\"text-editor.default\">\n\t\t\t\t<div class=\"elementor-widget-container\">\n\t\t\t\t\t\t\tFor your product suggestions, pre-sales questions or any questions you may have, you can leave us your information using the contact form below.\t\t\t\t\t\t<\/div>\n\t\t\t\t<\/div>\n\t\t\t\t<div class=\"elementor-element elementor-element-bfde561 elementor-widget elementor-widget-text-editor\" data-id=\"bfde561\" data-element_type=\"widget\" data-widget_type=\"text-editor.default\">\n\t\t\t\t<div class=\"elementor-widget-container\">\n\t\t\t\t\t\t\t\n<div class=\"wpcf7 no-js\" id=\"wpcf7-f12442-o1\" lang=\"tr-TR\" dir=\"ltr\" data-wpcf7-id=\"12442\">\n<div class=\"screen-reader-response\"><p role=\"status\" aria-live=\"polite\" aria-atomic=\"true\"><\/p> <ul><\/ul><\/div>\n<form action=\"\/en\/wp-json\/wp\/v2\/pages\/873#wpcf7-f12442-o1\" method=\"post\" class=\"wpcf7-form init\" aria-label=\"\u0130leti\u015fim Formu\" novalidate=\"novalidate\" data-status=\"init\" data-trp-original-action=\"\/en\/wp-json\/wp\/v2\/pages\/873#wpcf7-f12442-o1\">\n<div style=\"display: none;\">\n<input type=\"hidden\" name=\"_wpcf7\" value=\"12442\" \/>\n<input type=\"hidden\" name=\"_wpcf7_version\" value=\"6.0.4\" \/>\n<input type=\"hidden\" name=\"_wpcf7_locale\" value=\"tr_TR\" \/>\n<input type=\"hidden\" name=\"_wpcf7_unit_tag\" value=\"wpcf7-f12442-o1\" \/>\n<input type=\"hidden\" name=\"_wpcf7_container_post\" value=\"0\" \/>\n<input type=\"hidden\" name=\"_wpcf7_posted_data_hash\" value=\"\" \/>\n<\/div>\n<div class=\"row\">\n   <div class=\"col-sm-6 col-xs-12\">\n     <span class=\"wpcf7-form-control-wrap\" data-name=\"your-name\"><input size=\"40\" maxlength=\"400\" class=\"wpcf7-form-control wpcf7-text wpcf7-validates-as-required\" aria-required=\"true\" aria-invalid=\"false\" placeholder=\"Name\" value=\"\" type=\"text\" name=\"your-name\" \/><\/span>\n   <\/div>\n  <div class=\"col-sm-6 col-xs-12\"><span class=\"wpcf7-form-control-wrap\" data-name=\"phonetext-357\"><input size=\"40\" class=\"wpcf7-form-control wpcf7-phonetext wpcf7-validates-as-required wpcf7-text wpcf7-validates-as-phonetext\" aria-required=\"true\" aria-invalid=\"false\" placeholder=\"Telephone\" value=\"\" type=\"text\" name=\"phonetext-357\" \/><input type=\"hidden\" name=\"phonetext-357-country-code\" class=\"wpcf7-phonetext-country-code\" \/><\/span><\/div>\n<\/div>\n<div class=\"row\">\n   <div class=\"col-sm-6 col-xs-12\">\n      <span class=\"wpcf7-form-control-wrap\" data-name=\"your-email\"><input size=\"40\" maxlength=\"400\" class=\"wpcf7-form-control wpcf7-email wpcf7-validates-as-required wpcf7-text wpcf7-validates-as-email\" aria-required=\"true\" aria-invalid=\"false\" placeholder=\"E-mail\" value=\"\" type=\"email\" name=\"your-email\" \/><\/span>\n   <\/div>\n   <div class=\"col-sm-6 col-xs-12\">\n      <span class=\"wpcf7-form-control-wrap\" data-name=\"your-subject\"><input size=\"40\" maxlength=\"400\" class=\"wpcf7-form-control wpcf7-text\" aria-invalid=\"false\" placeholder=\"Subject\" value=\"\" type=\"text\" name=\"your-subject\" \/><\/span>\n   <\/div>\n<\/div>\n<div class=\"row\">\n   <div class=\"col-sm-12 col-xs-12\">\n      <span class=\"wpcf7-form-control-wrap\" data-name=\"your-message\"><textarea cols=\"40\" rows=\"10\" maxlength=\"2000\" class=\"wpcf7-form-control wpcf7-textarea\" aria-invalid=\"false\" placeholder=\"Your message..\" name=\"your-message\"><\/textarea><\/span>\n   <\/div>\n   <div class=\"col-sm-12 col-xs-12 action text-left\"><span class=\"form-action\"><input class=\"wpcf7-form-control wpcf7-submit has-spinner\" type=\"submit\" value=\"Send\" \/><\/span><\/div>\n<\/div><div class=\"wpcf7-response-output\" aria-hidden=\"true\"><\/div>\n<input type=\"hidden\" name=\"trp-form-language\" value=\"en\"\/><\/form>\n<\/div>\n\t\t\t\t\t\t<\/div>\n\t\t\t\t<\/div>\n\t\t\t\t<\/div>\n\t\t\t\t<\/div>","protected":false},"excerpt":{"rendered":"<p>Dipack Dipack, end\u00fcstriyel g\u0131dalar i\u00e7in sekt\u00f6r\u00fcn g\u00fcvenilir tedarik\u00e7isi olarak sekt\u00f6re \u00f6nc\u00fcl\u00fck etmektedir. \u015eirketimiz, geni\u015f \u00fcr\u00fcn\u00a0yelpazesiyle, S\u0131zd\u0131rmaz Kaplar, Baklava Kaplar\u0131, Salata Kaplar\u0131, Kurabi\u0307ye Kaplar\u0131, Pasta Kaplar\u0131, Sos Kaplar\u0131, \u015eark\u00fcteri\u0307 Kaplar\u0131, Et Kaplar\u0131, Peyni\u0307r Kaplar\u0131, \u00d6zel \u00dcreti\u0307m Kaplar gibi tek kullan\u0131ml\u0131k \u00fcr\u00fcnler gibi \u00e7e\u015fitli ambalaj \u00e7\u00f6z\u00fcmleri sunmaktad\u0131r. Dipack, T\u00fcrkiye&#8217;deki sekt\u00f6r liderli\u011finin yan\u0131 s\u0131ra, uluslararas\u0131 alanda da sayg\u0131n [&hellip;]<\/p>","protected":false},"author":1,"featured_media":0,"parent":0,"menu_order":0,"comment_status":"closed","ping_status":"closed","template":"full-width-page.php","meta":{"_acf_changed":false,"_joinchat":[],"footnotes":""},"class_list":["post-873","page","type-page","status-publish","hentry"],"acf":[],"yoast_head":"<!-- This site is optimized with the Yoast SEO plugin v24.6 - https:\/\/yoast.com\/wordpress\/plugins\/seo\/ -->\n<title>Hakk\u0131m\u0131zda | Dipack.com.tr<\/title>\n<meta name=\"robots\" content=\"index, follow, max-snippet:-1, max-image-preview:large, max-video-preview:-1\" \/>\n<link rel=\"canonical\" href=\"https:\/\/www.dipack.com.tr\/en\/about\/\" \/>\n<meta property=\"og:locale\" content=\"en_US\" \/>\n<meta property=\"og:type\" content=\"article\" \/>\n<meta property=\"og:title\" content=\"Hakk\u0131m\u0131zda | Dipack.com.tr\" \/>\n<meta property=\"og:description\" content=\"Dipack Dipack, end\u00fcstriyel g\u0131dalar i\u00e7in sekt\u00f6r\u00fcn g\u00fcvenilir tedarik\u00e7isi olarak sekt\u00f6re \u00f6nc\u00fcl\u00fck etmektedir. \u015eirketimiz, geni\u015f \u00fcr\u00fcn\u00a0yelpazesiyle, S\u0131zd\u0131rmaz Kaplar, Baklava Kaplar\u0131, Salata Kaplar\u0131, Kurabi\u0307ye Kaplar\u0131, Pasta Kaplar\u0131, Sos Kaplar\u0131, \u015eark\u00fcteri\u0307 Kaplar\u0131, Et Kaplar\u0131, Peyni\u0307r Kaplar\u0131, \u00d6zel \u00dcreti\u0307m Kaplar gibi tek kullan\u0131ml\u0131k \u00fcr\u00fcnler gibi \u00e7e\u015fitli ambalaj \u00e7\u00f6z\u00fcmleri sunmaktad\u0131r. Dipack, T\u00fcrkiye&#8217;deki sekt\u00f6r liderli\u011finin yan\u0131 s\u0131ra, uluslararas\u0131 alanda da sayg\u0131n [&hellip;]\" \/>\n<meta property=\"og:url\" content=\"https:\/\/www.dipack.com.tr\/en\/about\/\" \/>\n<meta property=\"og:site_name\" content=\"Dipack\" \/>\n<meta property=\"article:modified_time\" content=\"2024-01-31T09:52:09+00:00\" \/>\n<meta property=\"og:image\" content=\"https:\/\/www.dipack.com.tr\/wp-content\/uploads\/2023\/12\/Dipack_web_banner1-2.jpg\" \/>\n<meta name=\"twitter:card\" content=\"summary_large_image\" \/>\n<meta name=\"twitter:label1\" content=\"Est. reading time\" \/>\n\t<meta name=\"twitter:data1\" content=\"2 minutes\" \/>\n<script type=\"application\/ld+json\" class=\"yoast-schema-graph\">{\"@context\":\"https:\/\/schema.org\",\"@graph\":[{\"@type\":\"WebPage\",\"@id\":\"https:\/\/www.dipack.com.tr\/hakkimizda\/\",\"url\":\"https:\/\/www.dipack.com.tr\/hakkimizda\/\",\"name\":\"Hakk\u0131m\u0131zda | Dipack.com.tr\",\"isPartOf\":{\"@id\":\"https:\/\/www.dipack.com.tr\/#website\"},\"primaryImageOfPage\":{\"@id\":\"https:\/\/www.dipack.com.tr\/hakkimizda\/#primaryimage\"},\"image\":{\"@id\":\"https:\/\/www.dipack.com.tr\/hakkimizda\/#primaryimage\"},\"thumbnailUrl\":\"https:\/\/www.dipack.com.tr\/wp-content\/uploads\/2023\/12\/Dipack_web_banner1-2.jpg\",\"datePublished\":\"2023-12-27T07:41:48+00:00\",\"dateModified\":\"2024-01-31T09:52:09+00:00\",\"breadcrumb\":{\"@id\":\"https:\/\/www.dipack.com.tr\/hakkimizda\/#breadcrumb\"},\"inLanguage\":\"en-US\",\"potentialAction\":[{\"@type\":\"ReadAction\",\"target\":[\"https:\/\/www.dipack.com.tr\/hakkimizda\/\"]}]},{\"@type\":\"ImageObject\",\"inLanguage\":\"en-US\",\"@id\":\"https:\/\/www.dipack.com.tr\/hakkimizda\/#primaryimage\",\"url\":\"https:\/\/www.dipack.com.tr\/wp-content\/uploads\/2023\/12\/Dipack_web_banner1-2.jpg\",\"contentUrl\":\"https:\/\/www.dipack.com.tr\/wp-content\/uploads\/2023\/12\/Dipack_web_banner1-2.jpg\"},{\"@type\":\"BreadcrumbList\",\"@id\":\"https:\/\/www.dipack.com.tr\/hakkimizda\/#breadcrumb\",\"itemListElement\":[{\"@type\":\"ListItem\",\"position\":1,\"name\":\"Anasayfa\",\"item\":\"https:\/\/www.dipack.com.tr\/\"},{\"@type\":\"ListItem\",\"position\":2,\"name\":\"Hakk\u0131m\u0131zda\"}]},{\"@type\":\"WebSite\",\"@id\":\"https:\/\/www.dipack.com.tr\/#website\",\"url\":\"https:\/\/www.dipack.com.tr\/\",\"name\":\"Dipack\",\"description\":\"Pratik Ambalaj, M&uuml;kemmel Tazelik!\",\"potentialAction\":[{\"@type\":\"SearchAction\",\"target\":{\"@type\":\"EntryPoint\",\"urlTemplate\":\"https:\/\/www.dipack.com.tr\/?s={search_term_string}\"},\"query-input\":{\"@type\":\"PropertyValueSpecification\",\"valueRequired\":true,\"valueName\":\"search_term_string\"}}],\"inLanguage\":\"en-US\"}]}<\/script>\n<!-- \/ Yoast SEO plugin. -->","yoast_head_json":{"title":"Hakk\u0131m\u0131zda | Dipack.com.tr","robots":{"index":"index","follow":"follow","max-snippet":"max-snippet:-1","max-image-preview":"max-image-preview:large","max-video-preview":"max-video-preview:-1"},"canonical":"https:\/\/www.dipack.com.tr\/en\/about\/","og_locale":"en_US","og_type":"article","og_title":"Hakk\u0131m\u0131zda | Dipack.com.tr","og_description":"Dipack Dipack, end\u00fcstriyel g\u0131dalar i\u00e7in sekt\u00f6r\u00fcn g\u00fcvenilir tedarik\u00e7isi olarak sekt\u00f6re \u00f6nc\u00fcl\u00fck etmektedir. \u015eirketimiz, geni\u015f \u00fcr\u00fcn\u00a0yelpazesiyle, S\u0131zd\u0131rmaz Kaplar, Baklava Kaplar\u0131, Salata Kaplar\u0131, Kurabi\u0307ye Kaplar\u0131, Pasta Kaplar\u0131, Sos Kaplar\u0131, \u015eark\u00fcteri\u0307 Kaplar\u0131, Et Kaplar\u0131, Peyni\u0307r Kaplar\u0131, \u00d6zel \u00dcreti\u0307m Kaplar gibi tek kullan\u0131ml\u0131k \u00fcr\u00fcnler gibi \u00e7e\u015fitli ambalaj \u00e7\u00f6z\u00fcmleri sunmaktad\u0131r. Dipack, T\u00fcrkiye&#8217;deki sekt\u00f6r liderli\u011finin yan\u0131 s\u0131ra, uluslararas\u0131 alanda da sayg\u0131n [&hellip;]","og_url":"https:\/\/www.dipack.com.tr\/en\/about\/","og_site_name":"Dipack","article_modified_time":"2024-01-31T09:52:09+00:00","og_image":[{"url":"https:\/\/www.dipack.com.tr\/wp-content\/uploads\/2023\/12\/Dipack_web_banner1-2.jpg","type":"","width":"","height":""}],"twitter_card":"summary_large_image","twitter_misc":{"Est. reading time":"2 minutes"},"schema":{"@context":"https:\/\/schema.org","@graph":[{"@type":"WebPage","@id":"https:\/\/www.dipack.com.tr\/hakkimizda\/","url":"https:\/\/www.dipack.com.tr\/hakkimizda\/","name":"Hakk\u0131m\u0131zda | Dipack.com.tr","isPartOf":{"@id":"https:\/\/www.dipack.com.tr\/#website"},"primaryImageOfPage":{"@id":"https:\/\/www.dipack.com.tr\/hakkimizda\/#primaryimage"},"image":{"@id":"https:\/\/www.dipack.com.tr\/hakkimizda\/#primaryimage"},"thumbnailUrl":"https:\/\/www.dipack.com.tr\/wp-content\/uploads\/2023\/12\/Dipack_web_banner1-2.jpg","datePublished":"2023-12-27T07:41:48+00:00","dateModified":"2024-01-31T09:52:09+00:00","breadcrumb":{"@id":"https:\/\/www.dipack.com.tr\/hakkimizda\/#breadcrumb"},"inLanguage":"en-US","potentialAction":[{"@type":"ReadAction","target":["https:\/\/www.dipack.com.tr\/hakkimizda\/"]}]},{"@type":"ImageObject","inLanguage":"en-US","@id":"https:\/\/www.dipack.com.tr\/hakkimizda\/#primaryimage","url":"https:\/\/www.dipack.com.tr\/wp-content\/uploads\/2023\/12\/Dipack_web_banner1-2.jpg","contentUrl":"https:\/\/www.dipack.com.tr\/wp-content\/uploads\/2023\/12\/Dipack_web_banner1-2.jpg"},{"@type":"BreadcrumbList","@id":"https:\/\/www.dipack.com.tr\/hakkimizda\/#breadcrumb","itemListElement":[{"@type":"ListItem","position":1,"name":"Anasayfa","item":"https:\/\/www.dipack.com.tr\/"},{"@type":"ListItem","position":2,"name":"Hakk\u0131m\u0131zda"}]},{"@type":"WebSite","@id":"https:\/\/www.dipack.com.tr\/#website","url":"https:\/\/www.dipack.com.tr\/","name":"Dipack","description":"Pratik Ambalaj, M&uuml;kemmel Tazelik!","potentialAction":[{"@type":"SearchAction","target":{"@type":"EntryPoint","urlTemplate":"https:\/\/www.dipack.com.tr\/?s={search_term_string}"},"query-input":{"@type":"PropertyValueSpecification","valueRequired":true,"valueName":"search_term_string"}}],"inLanguage":"en-US"}]}},"_links":{"self":[{"href":"https:\/\/www.dipack.com.tr\/en\/wp-json\/wp\/v2\/pages\/873","targetHints":{"allow":["GET"]}}],"collection":[{"href":"https:\/\/www.dipack.com.tr\/en\/wp-json\/wp\/v2\/pages"}],"about":[{"href":"https:\/\/www.dipack.com.tr\/en\/wp-json\/wp\/v2\/types\/page"}],"author":[{"embeddable":true,"href":"https:\/\/www.dipack.com.tr\/en\/wp-json\/wp\/v2\/users\/1"}],"replies":[{"embeddable":true,"href":"https:\/\/www.dipack.com.tr\/en\/wp-json\/wp\/v2\/comments?post=873"}],"version-history":[{"count":0,"href":"https:\/\/www.dipack.com.tr\/en\/wp-json\/wp\/v2\/pages\/873\/revisions"}],"wp:attachment":[{"href":"https:\/\/www.dipack.com.tr\/en\/wp-json\/wp\/v2\/media?parent=873"}],"curies":[{"name":"wp","href":"https:\/\/api.w.org\/{rel}","templated":true}]}}