{"id":875,"date":"2023-12-27T14:08:42","date_gmt":"2023-12-27T11:08:42","guid":{"rendered":"https:\/\/woodly.ecom.themepreview.xyz\/home01\/?page_id=875"},"modified":"2024-01-09T20:34:55","modified_gmt":"2024-01-09T17:34:55","slug":"iletisim","status":"publish","type":"page","link":"https:\/\/www.dipack.com.tr\/en\/contact\/","title":{"rendered":"Contact"},"content":{"rendered":"<div data-elementor-type=\"wp-page\" data-elementor-id=\"875\" class=\"elementor elementor-875\">\n\t\t\t\t<div class=\"elementor-element elementor-element-ca32481 e-flex e-con-boxed e-con e-parent\" data-id=\"ca32481\" data-element_type=\"container\">\n\t\t\t\t\t<div class=\"e-con-inner\">\n\t\t\t\t<div class=\"elementor-element elementor-element-e403916 elementor-widget elementor-widget-google_maps\" data-id=\"e403916\" data-element_type=\"widget\" data-widget_type=\"google_maps.default\">\n\t\t\t\t<div class=\"elementor-widget-container\">\n\t\t\t\t\t<div class=\"elementor-custom-embed\">\n\t\t\t<iframe loading=\"lazy\"\n\t\t\t\t\tsrc=\"https:\/\/maps.google.com\/maps?q=Beylikd%C3%BCz%C3%BC%20OSB%20Mah.%2010.%20Cad.%20No%3A10%2F12%20%C4%B0%C3%A7%20Kap%C4%B1%20No%3A1%2C%2034010%2C%2034000%20Beylikd%C3%BCz%C3%BC%2F%C4%B0stanbul&#038;t=m&#038;z=10&#038;output=embed&#038;iwloc=near\"\n\t\t\t\t\ttitle=\"Beylikd\u00fcz\u00fc OSB Mah. 10. Cad. No:10\/12 \u0130\u00e7 Kap\u0131 No:1, 34010, 34000 Beylikd\u00fcz\u00fc\/\u0130stanbul\"\n\t\t\t\t\taria-label=\"Beylikd\u00fcz\u00fc OSB Mah. 10. Cad. No:10\/12 \u0130\u00e7 Kap\u0131 No:1, 34010, 34000 Beylikd\u00fcz\u00fc\/\u0130stanbul\"\n\t\t\t><\/iframe>\n\t\t<\/div>\n\t\t\t\t<\/div>\n\t\t\t\t<\/div>\n\t\t\t\t\t<\/div>\n\t\t\t\t<\/div>\n\t\t<div class=\"elementor-element elementor-element-3efc58a e-flex e-con-boxed e-con e-parent\" data-id=\"3efc58a\" data-element_type=\"container\">\n\t\t\t\t\t<div class=\"e-con-inner\">\n\t\t<div class=\"elementor-element elementor-element-edd9923 e-con-full e-flex e-con e-child\" data-id=\"edd9923\" data-element_type=\"container\">\n\t\t\t\t<div class=\"elementor-element elementor-element-7b399a7 elementor-widget elementor-widget-woodly_heading\" data-id=\"7b399a7\" data-element_type=\"widget\" data-widget_type=\"woodly_heading.default\">\n\t\t\t\t<div class=\"elementor-widget-container\">\n\t\t\t<h2 class=\"elementor-heading-title woodly_animated_heading_title elementor-size-default\" data-splitting>Contact<\/h2>\t\t<\/div>\n\t\t\t\t<\/div>\n\t\t\t\t<div class=\"elementor-element elementor-element-eda4523 elementor-widget elementor-widget-text-editor\" data-id=\"eda4523\" data-element_type=\"widget\" data-widget_type=\"text-editor.default\">\n\t\t\t\t<div class=\"elementor-widget-container\">\n\t\t\t\t\t\t\tIn addition to its sector leadership in Turkey, Dipack also has a respected position internationally.\t\t\t\t\t\t<\/div>\n\t\t\t\t<\/div>\n\t\t<div class=\"elementor-element elementor-element-3c3aa79 e-con-full e-flex e-con e-child\" data-id=\"3c3aa79\" data-element_type=\"container\">\n\t\t<div class=\"elementor-element elementor-element-b91764d e-con-full e-flex e-con e-child\" data-id=\"b91764d\" data-element_type=\"container\">\n\t\t\t\t<div class=\"elementor-element elementor-element-ef5fb6c elementor-widget elementor-widget-woodly_heading\" data-id=\"ef5fb6c\" data-element_type=\"widget\" data-widget_type=\"woodly_heading.default\">\n\t\t\t\t<div class=\"elementor-widget-container\">\n\t\t\t<h2 class=\"elementor-heading-title woodly_animated_heading_title elementor-size-default\" data-splitting>Address<\/h2>\t\t<\/div>\n\t\t\t\t<\/div>\n\t\t\t\t<div class=\"elementor-element elementor-element-f939ab2 elementor-icon-list--layout-traditional elementor-list-item-link-full_width elementor-widget elementor-widget-icon-list\" data-id=\"f939ab2\" data-element_type=\"widget\" data-widget_type=\"icon-list.default\">\n\t\t\t\t<div class=\"elementor-widget-container\">\n\t\t\t\t\t<ul class=\"elementor-icon-list-items\">\n\t\t\t\t\t\t\t<li class=\"elementor-icon-list-item\">\n\t\t\t\t\t\t\t\t\t\t\t<a href=\"https:\/\/maps.app.goo.gl\/3S2x1D2rESkxdTL78\">\n\n\t\t\t\t\t\t\t\t\t\t\t<span class=\"elementor-icon-list-text\">Beylikd\u00fcz\u00fc OSB Mah. 10. Cad. No:10\/12 34524 Beylikd\u00fcz\u00fc \/ \u0130stanbul<\/span>\n\t\t\t\t\t\t\t\t\t\t\t<\/a>\n\t\t\t\t\t\t\t\t\t<\/li>\n\t\t\t\t\t\t<\/ul>\n\t\t\t\t<\/div>\n\t\t\t\t<\/div>\n\t\t\t\t<\/div>\n\t\t\t\t<\/div>\n\t\t<div class=\"elementor-element elementor-element-6c5c6e8 e-con-full e-flex e-con e-child\" data-id=\"6c5c6e8\" data-element_type=\"container\">\n\t\t<div class=\"elementor-element elementor-element-b0e1e84 e-con-full e-flex e-con e-child\" data-id=\"b0e1e84\" data-element_type=\"container\">\n\t\t\t\t<div class=\"elementor-element elementor-element-446d1f5 elementor-widget elementor-widget-woodly_heading\" data-id=\"446d1f5\" data-element_type=\"widget\" data-widget_type=\"woodly_heading.default\">\n\t\t\t\t<div class=\"elementor-widget-container\">\n\t\t\t<h2 class=\"elementor-heading-title woodly_animated_heading_title elementor-size-default\" data-splitting>Telephone<\/h2>\t\t<\/div>\n\t\t\t\t<\/div>\n\t\t\t\t<div class=\"elementor-element elementor-element-ec13e49 elementor-icon-list--layout-traditional elementor-list-item-link-full_width elementor-widget elementor-widget-icon-list\" data-id=\"ec13e49\" data-element_type=\"widget\" data-widget_type=\"icon-list.default\">\n\t\t\t\t<div class=\"elementor-widget-container\">\n\t\t\t\t\t<ul class=\"elementor-icon-list-items\">\n\t\t\t\t\t\t\t<li class=\"elementor-icon-list-item\">\n\t\t\t\t\t\t\t\t\t\t\t<a href=\"tel:+90%20549%20121%2005%2021\">\n\n\t\t\t\t\t\t\t\t\t\t\t<span class=\"elementor-icon-list-text\">+90 549 121 05 21<\/span>\n\t\t\t\t\t\t\t\t\t\t\t<\/a>\n\t\t\t\t\t\t\t\t\t<\/li>\n\t\t\t\t\t\t\t\t<li class=\"elementor-icon-list-item\">\n\t\t\t\t\t\t\t\t\t\t\t<a href=\"tel:+90%20212%20544%2093%2085\">\n\n\t\t\t\t\t\t\t\t\t\t\t<span class=\"elementor-icon-list-text\">+90 212 544 93 85<\/span>\n\t\t\t\t\t\t\t\t\t\t\t<\/a>\n\t\t\t\t\t\t\t\t\t<\/li>\n\t\t\t\t\t\t\t\t<li class=\"elementor-icon-list-item\">\n\t\t\t\t\t\t\t\t\t\t\t<a href=\"tel:+90%20533%20073%2060%2085\">\n\n\t\t\t\t\t\t\t\t\t\t\t<span class=\"elementor-icon-list-text\">+90 533 073 60 85<\/span>\n\t\t\t\t\t\t\t\t\t\t\t<\/a>\n\t\t\t\t\t\t\t\t\t<\/li>\n\t\t\t\t\t\t<\/ul>\n\t\t\t\t<\/div>\n\t\t\t\t<\/div>\n\t\t\t\t<\/div>\n\t\t\t\t<\/div>\n\t\t<div class=\"elementor-element elementor-element-c0114c7 e-con-full e-flex e-con e-child\" data-id=\"c0114c7\" data-element_type=\"container\">\n\t\t<div class=\"elementor-element elementor-element-ab7ce90 e-con-full e-flex e-con e-child\" data-id=\"ab7ce90\" data-element_type=\"container\">\n\t\t\t\t<div class=\"elementor-element elementor-element-c846651 elementor-widget elementor-widget-woodly_heading\" data-id=\"c846651\" data-element_type=\"widget\" data-widget_type=\"woodly_heading.default\">\n\t\t\t\t<div class=\"elementor-widget-container\">\n\t\t\t<h2 class=\"elementor-heading-title woodly_animated_heading_title elementor-size-default\" data-splitting>E-mail<\/h2>\t\t<\/div>\n\t\t\t\t<\/div>\n\t\t\t\t<div class=\"elementor-element elementor-element-12805c4 elementor-icon-list--layout-traditional elementor-list-item-link-full_width elementor-widget elementor-widget-icon-list\" data-id=\"12805c4\" data-element_type=\"widget\" data-widget_type=\"icon-list.default\">\n\t\t\t\t<div class=\"elementor-widget-container\">\n\t\t\t\t\t<ul class=\"elementor-icon-list-items\">\n\t\t\t\t\t\t\t<li class=\"elementor-icon-list-item\">\n\t\t\t\t\t\t\t\t\t\t\t<a href=\"mailto:info@dipack.com.tr\">\n\n\t\t\t\t\t\t\t\t\t\t\t<span class=\"elementor-icon-list-text\">info@dipack.com.tr<\/span>\n\t\t\t\t\t\t\t\t\t\t\t<\/a>\n\t\t\t\t\t\t\t\t\t<\/li>\n\t\t\t\t\t\t\t\t<li class=\"elementor-icon-list-item\">\n\t\t\t\t\t\t\t\t\t\t\t<a href=\"mailto:satis@dipack.com.tr\">\n\n\t\t\t\t\t\t\t\t\t\t\t<span class=\"elementor-icon-list-text\">satis@dipack.com.tr<\/span>\n\t\t\t\t\t\t\t\t\t\t\t<\/a>\n\t\t\t\t\t\t\t\t\t<\/li>\n\t\t\t\t\t\t\t\t<li class=\"elementor-icon-list-item\">\n\t\t\t\t\t\t\t\t\t\t\t<a href=\"mailto:export@dipack.com.tr\">\n\n\t\t\t\t\t\t\t\t\t\t\t<span class=\"elementor-icon-list-text\">export@dipack.com.tr<\/span>\n\t\t\t\t\t\t\t\t\t\t\t<\/a>\n\t\t\t\t\t\t\t\t\t<\/li>\n\t\t\t\t\t\t<\/ul>\n\t\t\t\t<\/div>\n\t\t\t\t<\/div>\n\t\t\t\t<\/div>\n\t\t\t\t<\/div>\n\t\t\t\t<\/div>\n\t\t<div class=\"elementor-element elementor-element-7d91f9e e-con-full e-flex e-con e-child\" data-id=\"7d91f9e\" data-element_type=\"container\">\n\t\t\t\t<div class=\"elementor-element elementor-element-499f27d elementor-widget elementor-widget-woodly_heading\" data-id=\"499f27d\" data-element_type=\"widget\" data-widget_type=\"woodly_heading.default\">\n\t\t\t\t<div class=\"elementor-widget-container\">\n\t\t\t<h2 class=\"elementor-heading-title woodly_animated_heading_title elementor-size-default\" data-splitting>Send us a message!<\/h2>\t\t<\/div>\n\t\t\t\t<\/div>\n\t\t\t\t<div class=\"elementor-element elementor-element-93b024a elementor-widget elementor-widget-text-editor\" data-id=\"93b024a\" data-element_type=\"widget\" data-widget_type=\"text-editor.default\">\n\t\t\t\t<div class=\"elementor-widget-container\">\n\t\t\t\t\t\t\tFor your product suggestions, pre-sales questions or any questions you may have, you can leave us your information using the contact form below.\t\t\t\t\t\t<\/div>\n\t\t\t\t<\/div>\n\t\t\t\t<div class=\"elementor-element elementor-element-4428a8d elementor-widget elementor-widget-text-editor\" data-id=\"4428a8d\" data-element_type=\"widget\" data-widget_type=\"text-editor.default\">\n\t\t\t\t<div class=\"elementor-widget-container\">\n\t\t\t\t\t\t\t\n<div class=\"wpcf7 no-js\" id=\"wpcf7-f12442-o1\" lang=\"tr-TR\" dir=\"ltr\" data-wpcf7-id=\"12442\">\n<div class=\"screen-reader-response\"><p role=\"status\" aria-live=\"polite\" aria-atomic=\"true\"><\/p> <ul><\/ul><\/div>\n<form action=\"\/en\/wp-json\/wp\/v2\/pages\/875#wpcf7-f12442-o1\" method=\"post\" class=\"wpcf7-form init\" aria-label=\"\u0130leti\u015fim Formu\" novalidate=\"novalidate\" data-status=\"init\" data-trp-original-action=\"\/en\/wp-json\/wp\/v2\/pages\/875#wpcf7-f12442-o1\">\n<div style=\"display: none;\">\n<input type=\"hidden\" name=\"_wpcf7\" value=\"12442\" \/>\n<input type=\"hidden\" name=\"_wpcf7_version\" value=\"6.0.4\" \/>\n<input type=\"hidden\" name=\"_wpcf7_locale\" value=\"tr_TR\" \/>\n<input type=\"hidden\" name=\"_wpcf7_unit_tag\" value=\"wpcf7-f12442-o1\" \/>\n<input type=\"hidden\" name=\"_wpcf7_container_post\" value=\"0\" \/>\n<input type=\"hidden\" name=\"_wpcf7_posted_data_hash\" value=\"\" \/>\n<\/div>\n<div class=\"row\">\n   <div class=\"col-sm-6 col-xs-12\">\n     <span class=\"wpcf7-form-control-wrap\" data-name=\"your-name\"><input size=\"40\" maxlength=\"400\" class=\"wpcf7-form-control wpcf7-text wpcf7-validates-as-required\" aria-required=\"true\" aria-invalid=\"false\" placeholder=\"Name\" value=\"\" type=\"text\" name=\"your-name\" \/><\/span>\n   <\/div>\n  <div class=\"col-sm-6 col-xs-12\"><span class=\"wpcf7-form-control-wrap\" data-name=\"phonetext-357\"><input size=\"40\" class=\"wpcf7-form-control wpcf7-phonetext wpcf7-validates-as-required wpcf7-text wpcf7-validates-as-phonetext\" aria-required=\"true\" aria-invalid=\"false\" placeholder=\"Telephone\" value=\"\" type=\"text\" name=\"phonetext-357\" \/><input type=\"hidden\" name=\"phonetext-357-country-code\" class=\"wpcf7-phonetext-country-code\" \/><\/span><\/div>\n<\/div>\n<div class=\"row\">\n   <div class=\"col-sm-6 col-xs-12\">\n      <span class=\"wpcf7-form-control-wrap\" data-name=\"your-email\"><input size=\"40\" maxlength=\"400\" class=\"wpcf7-form-control wpcf7-email wpcf7-validates-as-required wpcf7-text wpcf7-validates-as-email\" aria-required=\"true\" aria-invalid=\"false\" placeholder=\"E-mail\" value=\"\" type=\"email\" name=\"your-email\" \/><\/span>\n   <\/div>\n   <div class=\"col-sm-6 col-xs-12\">\n      <span class=\"wpcf7-form-control-wrap\" data-name=\"your-subject\"><input size=\"40\" maxlength=\"400\" class=\"wpcf7-form-control wpcf7-text\" aria-invalid=\"false\" placeholder=\"Subject\" value=\"\" type=\"text\" name=\"your-subject\" \/><\/span>\n   <\/div>\n<\/div>\n<div class=\"row\">\n   <div class=\"col-sm-12 col-xs-12\">\n      <span class=\"wpcf7-form-control-wrap\" data-name=\"your-message\"><textarea cols=\"40\" rows=\"10\" maxlength=\"2000\" class=\"wpcf7-form-control wpcf7-textarea\" aria-invalid=\"false\" placeholder=\"Your message..\" name=\"your-message\"><\/textarea><\/span>\n   <\/div>\n   <div class=\"col-sm-12 col-xs-12 action text-left\"><span class=\"form-action\"><input class=\"wpcf7-form-control wpcf7-submit has-spinner\" type=\"submit\" value=\"Send\" \/><\/span><\/div>\n<\/div><div class=\"wpcf7-response-output\" aria-hidden=\"true\"><\/div>\n<input type=\"hidden\" name=\"trp-form-language\" value=\"en\"\/><\/form>\n<\/div>\n\t\t\t\t\t\t<\/div>\n\t\t\t\t<\/div>\n\t\t\t\t<\/div>\n\t\t\t\t\t<\/div>\n\t\t\t\t<\/div>\n\t\t<div class=\"elementor-element elementor-element-3e0f909 e-flex e-con-boxed e-con e-parent\" data-id=\"3e0f909\" data-element_type=\"container\">\n\t\t\t\t\t<div class=\"e-con-inner\">\n\t\t\t\t\t<\/div>\n\t\t\t\t<\/div>\n\t\t\t\t<\/div>","protected":false},"excerpt":{"rendered":"<p>\u0130leti\u015fim Dipack, T\u00fcrkiye&#8217;deki sekt\u00f6r liderli\u011finin yan\u0131 s\u0131ra, uluslararas\u0131 alanda da sayg\u0131n bir konumda bulunmaktad\u0131r. Adres Beylikd\u00fcz\u00fc OSB Mah. 10. Cad. No:10\/12 34524 Beylikd\u00fcz\u00fc \/ \u0130stanbul Telefon +90 549 121 05 21 +90 212 544 93 85 +90 533 073 60 85 E-posta info@dipack.com.tr satis@dipack.com.tr export@dipack.com.tr Bize mesaj g\u00f6nderin! \u00dcr\u00fcn \u00f6nerileriniz, sat\u0131\u015f \u00f6ncesi sorular\u0131n\u0131z veya akl\u0131n\u0131za [&hellip;]<\/p>","protected":false},"author":1,"featured_media":0,"parent":0,"menu_order":0,"comment_status":"closed","ping_status":"closed","template":"","meta":{"_acf_changed":false,"_joinchat":[],"footnotes":""},"class_list":["post-875","page","type-page","status-publish","hentry"],"acf":[],"yoast_head":"<!-- This site is optimized with the Yoast SEO plugin v24.6 - https:\/\/yoast.com\/wordpress\/plugins\/seo\/ -->\n<title>\u0130leti\u015fim | Dipack.com.tr<\/title>\n<meta name=\"robots\" content=\"index, follow, max-snippet:-1, max-image-preview:large, max-video-preview:-1\" \/>\n<link rel=\"canonical\" href=\"https:\/\/www.dipack.com.tr\/en\/contact\/\" \/>\n<meta property=\"og:locale\" content=\"en_US\" \/>\n<meta property=\"og:type\" content=\"article\" \/>\n<meta property=\"og:title\" content=\"\u0130leti\u015fim | Dipack.com.tr\" \/>\n<meta property=\"og:description\" content=\"\u0130leti\u015fim Dipack, T\u00fcrkiye&#8217;deki sekt\u00f6r liderli\u011finin yan\u0131 s\u0131ra, uluslararas\u0131 alanda da sayg\u0131n bir konumda bulunmaktad\u0131r. Adres Beylikd\u00fcz\u00fc OSB Mah. 10. Cad. No:10\/12 34524 Beylikd\u00fcz\u00fc \/ \u0130stanbul Telefon +90 549 121 05 21 +90 212 544 93 85 +90 533 073 60 85 E-posta info@dipack.com.tr satis@dipack.com.tr export@dipack.com.tr Bize mesaj g\u00f6nderin! \u00dcr\u00fcn \u00f6nerileriniz, sat\u0131\u015f \u00f6ncesi sorular\u0131n\u0131z veya akl\u0131n\u0131za [&hellip;]\" \/>\n<meta property=\"og:url\" content=\"https:\/\/www.dipack.com.tr\/en\/contact\/\" \/>\n<meta property=\"og:site_name\" content=\"Dipack\" \/>\n<meta property=\"article:modified_time\" content=\"2024-01-09T17:34:55+00:00\" \/>\n<meta name=\"twitter:card\" content=\"summary_large_image\" \/>\n<meta name=\"twitter:label1\" content=\"Est. reading time\" \/>\n\t<meta name=\"twitter:data1\" content=\"1 minute\" \/>\n<script type=\"application\/ld+json\" class=\"yoast-schema-graph\">{\"@context\":\"https:\/\/schema.org\",\"@graph\":[{\"@type\":\"WebPage\",\"@id\":\"https:\/\/www.dipack.com.tr\/iletisim\/\",\"url\":\"https:\/\/www.dipack.com.tr\/iletisim\/\",\"name\":\"\u0130leti\u015fim | Dipack.com.tr\",\"isPartOf\":{\"@id\":\"https:\/\/www.dipack.com.tr\/#website\"},\"datePublished\":\"2023-12-27T11:08:42+00:00\",\"dateModified\":\"2024-01-09T17:34:55+00:00\",\"breadcrumb\":{\"@id\":\"https:\/\/www.dipack.com.tr\/iletisim\/#breadcrumb\"},\"inLanguage\":\"en-US\",\"potentialAction\":[{\"@type\":\"ReadAction\",\"target\":[\"https:\/\/www.dipack.com.tr\/iletisim\/\"]}]},{\"@type\":\"BreadcrumbList\",\"@id\":\"https:\/\/www.dipack.com.tr\/iletisim\/#breadcrumb\",\"itemListElement\":[{\"@type\":\"ListItem\",\"position\":1,\"name\":\"Anasayfa\",\"item\":\"https:\/\/www.dipack.com.tr\/\"},{\"@type\":\"ListItem\",\"position\":2,\"name\":\"\u0130leti\u015fim\"}]},{\"@type\":\"WebSite\",\"@id\":\"https:\/\/www.dipack.com.tr\/#website\",\"url\":\"https:\/\/www.dipack.com.tr\/\",\"name\":\"Dipack\",\"description\":\"Pratik Ambalaj, M&uuml;kemmel Tazelik!\",\"potentialAction\":[{\"@type\":\"SearchAction\",\"target\":{\"@type\":\"EntryPoint\",\"urlTemplate\":\"https:\/\/www.dipack.com.tr\/?s={search_term_string}\"},\"query-input\":{\"@type\":\"PropertyValueSpecification\",\"valueRequired\":true,\"valueName\":\"search_term_string\"}}],\"inLanguage\":\"en-US\"}]}<\/script>\n<!-- \/ Yoast SEO plugin. -->","yoast_head_json":{"title":"\u0130leti\u015fim | Dipack.com.tr","robots":{"index":"index","follow":"follow","max-snippet":"max-snippet:-1","max-image-preview":"max-image-preview:large","max-video-preview":"max-video-preview:-1"},"canonical":"https:\/\/www.dipack.com.tr\/en\/contact\/","og_locale":"en_US","og_type":"article","og_title":"\u0130leti\u015fim | Dipack.com.tr","og_description":"\u0130leti\u015fim Dipack, T\u00fcrkiye&#8217;deki sekt\u00f6r liderli\u011finin yan\u0131 s\u0131ra, uluslararas\u0131 alanda da sayg\u0131n bir konumda bulunmaktad\u0131r. Adres Beylikd\u00fcz\u00fc OSB Mah. 10. Cad. No:10\/12 34524 Beylikd\u00fcz\u00fc \/ \u0130stanbul Telefon +90 549 121 05 21 +90 212 544 93 85 +90 533 073 60 85 E-posta info@dipack.com.tr satis@dipack.com.tr export@dipack.com.tr Bize mesaj g\u00f6nderin! \u00dcr\u00fcn \u00f6nerileriniz, sat\u0131\u015f \u00f6ncesi sorular\u0131n\u0131z veya akl\u0131n\u0131za [&hellip;]","og_url":"https:\/\/www.dipack.com.tr\/en\/contact\/","og_site_name":"Dipack","article_modified_time":"2024-01-09T17:34:55+00:00","twitter_card":"summary_large_image","twitter_misc":{"Est. reading time":"1 minute"},"schema":{"@context":"https:\/\/schema.org","@graph":[{"@type":"WebPage","@id":"https:\/\/www.dipack.com.tr\/iletisim\/","url":"https:\/\/www.dipack.com.tr\/iletisim\/","name":"\u0130leti\u015fim | Dipack.com.tr","isPartOf":{"@id":"https:\/\/www.dipack.com.tr\/#website"},"datePublished":"2023-12-27T11:08:42+00:00","dateModified":"2024-01-09T17:34:55+00:00","breadcrumb":{"@id":"https:\/\/www.dipack.com.tr\/iletisim\/#breadcrumb"},"inLanguage":"en-US","potentialAction":[{"@type":"ReadAction","target":["https:\/\/www.dipack.com.tr\/iletisim\/"]}]},{"@type":"BreadcrumbList","@id":"https:\/\/www.dipack.com.tr\/iletisim\/#breadcrumb","itemListElement":[{"@type":"ListItem","position":1,"name":"Anasayfa","item":"https:\/\/www.dipack.com.tr\/"},{"@type":"ListItem","position":2,"name":"\u0130leti\u015fim"}]},{"@type":"WebSite","@id":"https:\/\/www.dipack.com.tr\/#website","url":"https:\/\/www.dipack.com.tr\/","name":"Dipack","description":"Pratik Ambalaj, M&uuml;kemmel Tazelik!","potentialAction":[{"@type":"SearchAction","target":{"@type":"EntryPoint","urlTemplate":"https:\/\/www.dipack.com.tr\/?s={search_term_string}"},"query-input":{"@type":"PropertyValueSpecification","valueRequired":true,"valueName":"search_term_string"}}],"inLanguage":"en-US"}]}},"_links":{"self":[{"href":"https:\/\/www.dipack.com.tr\/en\/wp-json\/wp\/v2\/pages\/875","targetHints":{"allow":["GET"]}}],"collection":[{"href":"https:\/\/www.dipack.com.tr\/en\/wp-json\/wp\/v2\/pages"}],"about":[{"href":"https:\/\/www.dipack.com.tr\/en\/wp-json\/wp\/v2\/types\/page"}],"author":[{"embeddable":true,"href":"https:\/\/www.dipack.com.tr\/en\/wp-json\/wp\/v2\/users\/1"}],"replies":[{"embeddable":true,"href":"https:\/\/www.dipack.com.tr\/en\/wp-json\/wp\/v2\/comments?post=875"}],"version-history":[{"count":0,"href":"https:\/\/www.dipack.com.tr\/en\/wp-json\/wp\/v2\/pages\/875\/revisions"}],"wp:attachment":[{"href":"https:\/\/www.dipack.com.tr\/en\/wp-json\/wp\/v2\/media?parent=875"}],"curies":[{"name":"wp","href":"https:\/\/api.w.org\/{rel}","templated":true}]}}