{"id":11664,"date":"2023-12-28T18:03:55","date_gmt":"2023-12-28T15:03:55","guid":{"rendered":"https:\/\/www.dipack.com.tr\/?post_type=product&#038;p=11664"},"modified":"2023-12-28T18:04:54","modified_gmt":"2023-12-28T15:04:54","slug":"lolipop-kalibi-34-mm","status":"publish","type":"product","link":"https:\/\/www.dipack.com.tr\/en\/product\/lollipop-mould-34-mm\/","title":{"rendered":"Lollipop Mold 3.4MM"},"content":{"rendered":"<p><strong>Dipack Special Production Containers<\/strong>provides packaging design and production suitable for optimal storage and display of products. It extends the shelf life of your product with its special barrier properties that are highly durable and protect against impacts. Additionally, it minimizes the risk of leaks and punctures, ensuring the quality of your product and preventing damage during loading and transportation. Dipack specially produced containers are the perfect solution to keep your products safe and fresh.<\/p>","protected":false},"excerpt":{"rendered":"<p><img decoding=\"async\" class=\"alignnone size-medium wp-image-11639\" style=\"font-family: var(--default-font-family);\" src=\"https:\/\/www.dipack.com.tr\/wp-content\/uploads\/2023\/08\/pp.png\" alt=\"\" width=\"100\" height=\"100\" srcset=\"https:\/\/www.dipack.com.tr\/wp-content\/uploads\/2023\/08\/pp.png 100w, https:\/\/www.dipack.com.tr\/wp-content\/uploads\/2023\/08\/pp-150x150.png 150w, https:\/\/www.dipack.com.tr\/wp-content\/uploads\/2023\/08\/pp-80x80.png 80w, https:\/\/www.dipack.com.tr\/wp-content\/uploads\/2023\/08\/pp-88x88.png 88w, https:\/\/www.dipack.com.tr\/wp-content\/uploads\/2023\/08\/pp-120x120.png 120w, https:\/\/www.dipack.com.tr\/wp-content\/uploads\/2023\/08\/pp-300x300.png 300w\" sizes=\"(max-width: 100px) 100vw, 100px\" \/><img decoding=\"async\" class=\"alignnone size-medium wp-image-11640\" style=\"font-family: var(--default-font-family);\" src=\"https:\/\/www.dipack.com.tr\/wp-content\/uploads\/2023\/08\/pet.png\" alt=\"\" width=\"100\" height=\"100\" srcset=\"https:\/\/www.dipack.com.tr\/wp-content\/uploads\/2023\/08\/pet.png 100w, https:\/\/www.dipack.com.tr\/wp-content\/uploads\/2023\/08\/pet-150x150.png 150w, https:\/\/www.dipack.com.tr\/wp-content\/uploads\/2023\/08\/pet-80x80.png 80w, https:\/\/www.dipack.com.tr\/wp-content\/uploads\/2023\/08\/pet-88x88.png 88w, https:\/\/www.dipack.com.tr\/wp-content\/uploads\/2023\/08\/pet-120x120.png 120w, https:\/\/www.dipack.com.tr\/wp-content\/uploads\/2023\/08\/pet-300x300.png 300w\" sizes=\"(max-width: 100px) 100vw, 100px\" \/><img decoding=\"async\" class=\"alignnone size-medium wp-image-11641\" style=\"font-family: var(--default-font-family); font-size: 1rem;\" src=\"https:\/\/www.dipack.com.tr\/wp-content\/uploads\/2023\/08\/colored.png\" alt=\"\" width=\"100\" height=\"100\" srcset=\"https:\/\/www.dipack.com.tr\/wp-content\/uploads\/2023\/08\/colored.png 100w, https:\/\/www.dipack.com.tr\/wp-content\/uploads\/2023\/08\/colored-150x150.png 150w, https:\/\/www.dipack.com.tr\/wp-content\/uploads\/2023\/08\/colored-80x80.png 80w, https:\/\/www.dipack.com.tr\/wp-content\/uploads\/2023\/08\/colored-88x88.png 88w, https:\/\/www.dipack.com.tr\/wp-content\/uploads\/2023\/08\/colored-120x120.png 120w, https:\/\/www.dipack.com.tr\/wp-content\/uploads\/2023\/08\/colored-300x300.png 300w\" sizes=\"(max-width: 100px) 100vw, 100px\" \/>\u00a0 \u00a0 <img loading=\"lazy\" decoding=\"async\" class=\"alignnone size-full wp-image-11638\" style=\"font-size: 1rem; font-family: var(--default-font-family);\" src=\"https:\/\/www.dipack.com.tr\/wp-content\/uploads\/2023\/08\/safefood.png\" alt=\"\" width=\"100\" height=\"100\" srcset=\"https:\/\/www.dipack.com.tr\/wp-content\/uploads\/2023\/08\/safefood.png 100w, https:\/\/www.dipack.com.tr\/wp-content\/uploads\/2023\/08\/safefood-150x150.png 150w, https:\/\/www.dipack.com.tr\/wp-content\/uploads\/2023\/08\/safefood-80x80.png 80w, https:\/\/www.dipack.com.tr\/wp-content\/uploads\/2023\/08\/safefood-88x88.png 88w, https:\/\/www.dipack.com.tr\/wp-content\/uploads\/2023\/08\/safefood-120x120.png 120w, https:\/\/www.dipack.com.tr\/wp-content\/uploads\/2023\/08\/safefood-300x300.png 300w\" sizes=\"(max-width: 100px) 100vw, 100px\" \/> <span style=\"font-size: 1rem; font-family: var(--default-font-family);\">\u00a0<\/span><span style=\"font-size: 1rem; font-family: var(--default-font-family);\">\u00a0<\/span><\/p>\n<table>\n<tbody>\n<tr>\n<td>Product Dimension:<\/td>\n<td>\u00d8158<\/td>\n<\/tr>\n<tr>\n<td>Quantity in the bag:<\/td>\n<td>324<\/td>\n<\/tr>\n<tr>\n<td>Pieces in Box:<\/td>\n<td>324<\/td>\n<\/tr>\n<tr>\n<td>Box Size:<\/td>\n<td>640\u00d7370\u00d7430<\/td>\n<\/tr>\n<tr>\n<td>Box m\u00b3:<\/td>\n<td>0,102<\/td>\n<\/tr>\n<tr>\n<td>40 HC Box Quantity:<\/td>\n<td>678<\/td>\n<\/tr>\n<tr>\n<td>Number of Boxes in Truck:<\/td>\n<td>835<\/td>\n<\/tr>\n<\/tbody>\n<\/table>","protected":false},"featured_media":11659,"comment_status":"open","ping_status":"closed","template":"","meta":{"_acf_changed":false,"_joinchat":[]},"product_brand":[],"product_cat":[130],"product_tag":[],"class_list":{"0":"post-11664","1":"product","2":"type-product","3":"status-publish","4":"has-post-thumbnail","6":"product_cat-ozel-uretim-kaplar","8":"first","9":"instock","10":"shipping-taxable","11":"product-type-simple"},"acf":[],"yoast_head":"<!-- This site is optimized with the Yoast SEO plugin v24.6 - https:\/\/yoast.com\/wordpress\/plugins\/seo\/ -->\n<title>Lolipop Kal\u0131b\u0131 3,4 MM - Dipack<\/title>\n<meta name=\"robots\" content=\"index, follow, max-snippet:-1, max-image-preview:large, max-video-preview:-1\" \/>\n<link rel=\"canonical\" href=\"https:\/\/www.dipack.com.tr\/en\/product\/lollipop-mould-34-mm\/\" \/>\n<meta property=\"og:locale\" content=\"en_US\" \/>\n<meta property=\"og:type\" content=\"article\" \/>\n<meta property=\"og:title\" content=\"Lolipop Kal\u0131b\u0131 3,4 MM - Dipack\" \/>\n<meta property=\"og:description\" content=\"\u00a0 \u00a0 \u00a0\u00a0    \u00dcr\u00fcn \u00d6l\u00e7\u00fcs\u00fc: \u00d8158   Po\u015fet i\u00e7i Adet : 324   Koli i\u00e7i Adet: 324   Koli \u00d6l\u00e7\u00fcs\u00fc: 640\u00d7370\u00d7430   Koli m\u00b3: 0,102   40 HC Koli Adet: 678   T\u0131r \u0130\u00e7i Koli Adet: 835\" \/>\n<meta property=\"og:url\" content=\"https:\/\/www.dipack.com.tr\/en\/product\/lollipop-mould-34-mm\/\" \/>\n<meta property=\"og:site_name\" content=\"Dipack\" \/>\n<meta property=\"article:modified_time\" content=\"2023-12-28T15:04:54+00:00\" \/>\n<meta property=\"og:image\" content=\"https:\/\/www.dipack.com.tr\/wp-content\/uploads\/2023\/12\/5013-lolipop-kirmizi.jpg\" \/>\n\t<meta property=\"og:image:width\" content=\"600\" \/>\n\t<meta property=\"og:image:height\" content=\"600\" \/>\n\t<meta property=\"og:image:type\" content=\"image\/jpeg\" \/>\n<meta name=\"twitter:card\" content=\"summary_large_image\" \/>\n<meta name=\"twitter:label1\" content=\"Est. reading time\" \/>\n\t<meta name=\"twitter:data1\" content=\"1 minute\" \/>\n<script type=\"application\/ld+json\" class=\"yoast-schema-graph\">{\"@context\":\"https:\/\/schema.org\",\"@graph\":[{\"@type\":\"WebPage\",\"@id\":\"https:\/\/www.dipack.com.tr\/urun\/lolipop-kalibi-34-mm\/\",\"url\":\"https:\/\/www.dipack.com.tr\/urun\/lolipop-kalibi-34-mm\/\",\"name\":\"Lolipop Kal\u0131b\u0131 3,4 MM - Dipack\",\"isPartOf\":{\"@id\":\"https:\/\/www.dipack.com.tr\/#website\"},\"primaryImageOfPage\":{\"@id\":\"https:\/\/www.dipack.com.tr\/urun\/lolipop-kalibi-34-mm\/#primaryimage\"},\"image\":{\"@id\":\"https:\/\/www.dipack.com.tr\/urun\/lolipop-kalibi-34-mm\/#primaryimage\"},\"thumbnailUrl\":\"https:\/\/www.dipack.com.tr\/wp-content\/uploads\/2023\/12\/5013-lolipop-kirmizi.jpg\",\"datePublished\":\"2023-12-28T15:03:55+00:00\",\"dateModified\":\"2023-12-28T15:04:54+00:00\",\"breadcrumb\":{\"@id\":\"https:\/\/www.dipack.com.tr\/urun\/lolipop-kalibi-34-mm\/#breadcrumb\"},\"inLanguage\":\"en-US\",\"potentialAction\":[{\"@type\":\"ReadAction\",\"target\":[\"https:\/\/www.dipack.com.tr\/urun\/lolipop-kalibi-34-mm\/\"]}]},{\"@type\":\"ImageObject\",\"inLanguage\":\"en-US\",\"@id\":\"https:\/\/www.dipack.com.tr\/urun\/lolipop-kalibi-34-mm\/#primaryimage\",\"url\":\"https:\/\/www.dipack.com.tr\/wp-content\/uploads\/2023\/12\/5013-lolipop-kirmizi.jpg\",\"contentUrl\":\"https:\/\/www.dipack.com.tr\/wp-content\/uploads\/2023\/12\/5013-lolipop-kirmizi.jpg\",\"width\":600,\"height\":600},{\"@type\":\"BreadcrumbList\",\"@id\":\"https:\/\/www.dipack.com.tr\/urun\/lolipop-kalibi-34-mm\/#breadcrumb\",\"itemListElement\":[{\"@type\":\"ListItem\",\"position\":1,\"name\":\"Anasayfa\",\"item\":\"https:\/\/www.dipack.com.tr\/\"},{\"@type\":\"ListItem\",\"position\":2,\"name\":\"L\u00fcx S\u0131zd\u0131rmaz Kaplar\",\"item\":\"https:\/\/www.dipack.com.tr\/lux-sizdirmaz-kaplar\/\"},{\"@type\":\"ListItem\",\"position\":3,\"name\":\"Lolipop Kal\u0131b\u0131 3,4 MM\"}]},{\"@type\":\"WebSite\",\"@id\":\"https:\/\/www.dipack.com.tr\/#website\",\"url\":\"https:\/\/www.dipack.com.tr\/\",\"name\":\"Dipack\",\"description\":\"Pratik Ambalaj, M&uuml;kemmel Tazelik!\",\"potentialAction\":[{\"@type\":\"SearchAction\",\"target\":{\"@type\":\"EntryPoint\",\"urlTemplate\":\"https:\/\/www.dipack.com.tr\/?s={search_term_string}\"},\"query-input\":{\"@type\":\"PropertyValueSpecification\",\"valueRequired\":true,\"valueName\":\"search_term_string\"}}],\"inLanguage\":\"en-US\"}]}<\/script>\n<!-- \/ Yoast SEO plugin. -->","yoast_head_json":{"title":"Lolipop Kal\u0131b\u0131 3,4 MM - Dipack","robots":{"index":"index","follow":"follow","max-snippet":"max-snippet:-1","max-image-preview":"max-image-preview:large","max-video-preview":"max-video-preview:-1"},"canonical":"https:\/\/www.dipack.com.tr\/en\/product\/lollipop-mould-34-mm\/","og_locale":"en_US","og_type":"article","og_title":"Lolipop Kal\u0131b\u0131 3,4 MM - Dipack","og_description":"\u00a0 \u00a0 \u00a0\u00a0    \u00dcr\u00fcn \u00d6l\u00e7\u00fcs\u00fc: \u00d8158   Po\u015fet i\u00e7i Adet : 324   Koli i\u00e7i Adet: 324   Koli \u00d6l\u00e7\u00fcs\u00fc: 640\u00d7370\u00d7430   Koli m\u00b3: 0,102   40 HC Koli Adet: 678   T\u0131r \u0130\u00e7i Koli Adet: 835","og_url":"https:\/\/www.dipack.com.tr\/en\/product\/lollipop-mould-34-mm\/","og_site_name":"Dipack","article_modified_time":"2023-12-28T15:04:54+00:00","og_image":[{"width":600,"height":600,"url":"https:\/\/www.dipack.com.tr\/wp-content\/uploads\/2023\/12\/5013-lolipop-kirmizi.jpg","type":"image\/jpeg"}],"twitter_card":"summary_large_image","twitter_misc":{"Est. reading time":"1 minute"},"schema":{"@context":"https:\/\/schema.org","@graph":[{"@type":"WebPage","@id":"https:\/\/www.dipack.com.tr\/urun\/lolipop-kalibi-34-mm\/","url":"https:\/\/www.dipack.com.tr\/urun\/lolipop-kalibi-34-mm\/","name":"Lolipop Kal\u0131b\u0131 3,4 MM - Dipack","isPartOf":{"@id":"https:\/\/www.dipack.com.tr\/#website"},"primaryImageOfPage":{"@id":"https:\/\/www.dipack.com.tr\/urun\/lolipop-kalibi-34-mm\/#primaryimage"},"image":{"@id":"https:\/\/www.dipack.com.tr\/urun\/lolipop-kalibi-34-mm\/#primaryimage"},"thumbnailUrl":"https:\/\/www.dipack.com.tr\/wp-content\/uploads\/2023\/12\/5013-lolipop-kirmizi.jpg","datePublished":"2023-12-28T15:03:55+00:00","dateModified":"2023-12-28T15:04:54+00:00","breadcrumb":{"@id":"https:\/\/www.dipack.com.tr\/urun\/lolipop-kalibi-34-mm\/#breadcrumb"},"inLanguage":"en-US","potentialAction":[{"@type":"ReadAction","target":["https:\/\/www.dipack.com.tr\/urun\/lolipop-kalibi-34-mm\/"]}]},{"@type":"ImageObject","inLanguage":"en-US","@id":"https:\/\/www.dipack.com.tr\/urun\/lolipop-kalibi-34-mm\/#primaryimage","url":"https:\/\/www.dipack.com.tr\/wp-content\/uploads\/2023\/12\/5013-lolipop-kirmizi.jpg","contentUrl":"https:\/\/www.dipack.com.tr\/wp-content\/uploads\/2023\/12\/5013-lolipop-kirmizi.jpg","width":600,"height":600},{"@type":"BreadcrumbList","@id":"https:\/\/www.dipack.com.tr\/urun\/lolipop-kalibi-34-mm\/#breadcrumb","itemListElement":[{"@type":"ListItem","position":1,"name":"Anasayfa","item":"https:\/\/www.dipack.com.tr\/"},{"@type":"ListItem","position":2,"name":"L\u00fcx S\u0131zd\u0131rmaz Kaplar","item":"https:\/\/www.dipack.com.tr\/lux-sizdirmaz-kaplar\/"},{"@type":"ListItem","position":3,"name":"Lolipop Kal\u0131b\u0131 3,4 MM"}]},{"@type":"WebSite","@id":"https:\/\/www.dipack.com.tr\/#website","url":"https:\/\/www.dipack.com.tr\/","name":"Dipack","description":"Pratik Ambalaj, M&uuml;kemmel Tazelik!","potentialAction":[{"@type":"SearchAction","target":{"@type":"EntryPoint","urlTemplate":"https:\/\/www.dipack.com.tr\/?s={search_term_string}"},"query-input":{"@type":"PropertyValueSpecification","valueRequired":true,"valueName":"search_term_string"}}],"inLanguage":"en-US"}]}},"_links":{"self":[{"href":"https:\/\/www.dipack.com.tr\/en\/wp-json\/wp\/v2\/product\/11664","targetHints":{"allow":["GET"]}}],"collection":[{"href":"https:\/\/www.dipack.com.tr\/en\/wp-json\/wp\/v2\/product"}],"about":[{"href":"https:\/\/www.dipack.com.tr\/en\/wp-json\/wp\/v2\/types\/product"}],"replies":[{"embeddable":true,"href":"https:\/\/www.dipack.com.tr\/en\/wp-json\/wp\/v2\/comments?post=11664"}],"version-history":[{"count":0,"href":"https:\/\/www.dipack.com.tr\/en\/wp-json\/wp\/v2\/product\/11664\/revisions"}],"wp:featuredmedia":[{"embeddable":true,"href":"https:\/\/www.dipack.com.tr\/en\/wp-json\/wp\/v2\/media\/11659"}],"wp:attachment":[{"href":"https:\/\/www.dipack.com.tr\/en\/wp-json\/wp\/v2\/media?parent=11664"}],"wp:term":[{"taxonomy":"product_brand","embeddable":true,"href":"https:\/\/www.dipack.com.tr\/en\/wp-json\/wp\/v2\/product_brand?post=11664"},{"taxonomy":"product_cat","embeddable":true,"href":"https:\/\/www.dipack.com.tr\/en\/wp-json\/wp\/v2\/product_cat?post=11664"},{"taxonomy":"product_tag","embeddable":true,"href":"https:\/\/www.dipack.com.tr\/en\/wp-json\/wp\/v2\/product_tag?post=11664"}],"curies":[{"name":"wp","href":"https:\/\/api.w.org\/{rel}","templated":true}]}}