{"id":11924,"date":"2023-12-29T17:25:27","date_gmt":"2023-12-29T14:25:27","guid":{"rendered":"https:\/\/www.dipack.com.tr\/?post_type=product&#038;p=11924"},"modified":"2025-10-20T20:26:13","modified_gmt":"2025-10-20T17:26:13","slug":"5-bolmeli-kahvalti-kabi","status":"publish","type":"product","link":"https:\/\/www.dipack.com.tr\/en\/product\/5-bolmeli-breakfast-cabinet\/","title":{"rendered":"5 Compartment Breakfast Container"},"content":{"rendered":"<p>Dipack 5 B\u00f6lmeli Kaplar ile g\u00fcne sa\u011fl\u0131kl\u0131 ve lezzetli bir kahvalt\u0131 ile ba\u015flarken pratiklik ve d\u00fczen olmazsa olmazd\u0131r. Kahvalt\u0131, salata ve at\u0131\u015ft\u0131rmal\u0131klar\u0131n\u0131z\u0131 d\u00fczenli bir \u015fekilde saklarken, pratiklik ve kolay ta\u015f\u0131ma olduk\u00e7a \u00f6nemlidir. 5 B\u00f6lmeli Kaplar, kahvalt\u0131ln\u0131z\u0131, \u00e7erezlerinizi ve di\u011fer at\u0131\u015ft\u0131rmal\u0131klar\u0131n\u0131z\u0131 ayr\u0131 ayr\u0131 muhafaza etmek ve ta\u015f\u0131mak i\u00e7in harika bir \u00e7\u00f6z\u00fcm sunar. Y\u00fcksek kaliteli ve dayan\u0131kl\u0131 plastikten \u00fcretilen bu kap, g\u00fcvenli ta\u015f\u0131may\u0131 garanti eder. Kilitli kapak sistemi, \u00e7erezlerinizi s\u0131zd\u0131rmaz \u015fekilde korur, b\u00f6ylece tazeliklerini ve lezzetlerini her zaman muhafaza eder. 5 ayr\u0131 b\u00f6lme sayesinde farkl\u0131 at\u0131\u015ft\u0131rmal\u0131klar\u0131 ayn\u0131 kab\u0131n i\u00e7inde rahat\u00e7a ta\u015f\u0131yabilir, her an\u0131n tad\u0131n\u0131 \u00e7\u0131kartabilirsiniz.<\/p>","protected":false},"excerpt":{"rendered":"<p><img decoding=\"async\" class=\"alignnone size-full wp-image-11640\" style=\"font-family: var(--default-font-family);\" src=\"https:\/\/www.dipack.com.tr\/wp-content\/uploads\/2023\/08\/pet.png\" alt=\"\" width=\"100\" height=\"100\" srcset=\"https:\/\/www.dipack.com.tr\/wp-content\/uploads\/2023\/08\/pet.png 100w, https:\/\/www.dipack.com.tr\/wp-content\/uploads\/2023\/08\/pet-150x150.png 150w, https:\/\/www.dipack.com.tr\/wp-content\/uploads\/2023\/08\/pet-80x80.png 80w, https:\/\/www.dipack.com.tr\/wp-content\/uploads\/2023\/08\/pet-88x88.png 88w, https:\/\/www.dipack.com.tr\/wp-content\/uploads\/2023\/08\/pet-120x120.png 120w, https:\/\/www.dipack.com.tr\/wp-content\/uploads\/2023\/08\/pet-300x300.png 300w\" sizes=\"(max-width: 100px) 100vw, 100px\" \/><img decoding=\"async\" class=\"alignnone size-full wp-image-11906\" src=\"https:\/\/www.dipack.com.tr\/wp-content\/uploads\/2023\/12\/transparent.png\" alt=\"\" width=\"100\" height=\"100\" srcset=\"https:\/\/www.dipack.com.tr\/wp-content\/uploads\/2023\/12\/transparent.png 100w, https:\/\/www.dipack.com.tr\/wp-content\/uploads\/2023\/12\/transparent-150x150.png 150w, https:\/\/www.dipack.com.tr\/wp-content\/uploads\/2023\/12\/transparent-80x80.png 80w, https:\/\/www.dipack.com.tr\/wp-content\/uploads\/2023\/12\/transparent-88x88.png 88w, https:\/\/www.dipack.com.tr\/wp-content\/uploads\/2023\/12\/transparent-120x120.png 120w, https:\/\/www.dipack.com.tr\/wp-content\/uploads\/2023\/12\/transparent-300x300.png 300w\" sizes=\"(max-width: 100px) 100vw, 100px\" \/> \u00a0 \u00a0\u00a0<img decoding=\"async\" class=\"alignnone size-full wp-image-11638\" style=\"font-size: 1rem; font-family: var(--default-font-family);\" src=\"https:\/\/www.dipack.com.tr\/wp-content\/uploads\/2023\/08\/safefood.png\" alt=\"\" width=\"100\" height=\"100\" srcset=\"https:\/\/www.dipack.com.tr\/wp-content\/uploads\/2023\/08\/safefood.png 100w, https:\/\/www.dipack.com.tr\/wp-content\/uploads\/2023\/08\/safefood-150x150.png 150w, https:\/\/www.dipack.com.tr\/wp-content\/uploads\/2023\/08\/safefood-80x80.png 80w, https:\/\/www.dipack.com.tr\/wp-content\/uploads\/2023\/08\/safefood-88x88.png 88w, https:\/\/www.dipack.com.tr\/wp-content\/uploads\/2023\/08\/safefood-120x120.png 120w, https:\/\/www.dipack.com.tr\/wp-content\/uploads\/2023\/08\/safefood-300x300.png 300w\" sizes=\"(max-width: 100px) 100vw, 100px\" \/> <span style=\"font-size: 1rem; font-family: var(--default-font-family);\">\u00a0<\/span><span style=\"font-size: 1rem; font-family: var(--default-font-family);\">\u00a0<\/span><\/p>\n<table>\n<tbody>\n<tr>\n<td>Product Dimension:<\/td>\n<td>380\u00d7187\u00d730<\/td>\n<\/tr>\n<tr>\n<td>Quantity in the bag:<\/td>\n<td>50<\/td>\n<\/tr>\n<tr>\n<td>Pieces in Box:<\/td>\n<td>300<\/td>\n<\/tr>\n<tr>\n<td>Box Size:<\/td>\n<td>490\u00d7380\u00d7560<\/td>\n<\/tr>\n<tr>\n<td>Box m\u00b3:<\/td>\n<td>0,104<\/td>\n<\/tr>\n<tr>\n<td>40 HC Box Quantity:<\/td>\n<td>643<\/td>\n<\/tr>\n<tr>\n<td>Number of Boxes in Truck:<\/td>\n<td>844<\/td>\n<\/tr>\n<\/tbody>\n<\/table>","protected":false},"featured_media":13116,"comment_status":"open","ping_status":"closed","template":"","meta":{"_acf_changed":false,"_joinchat":[]},"product_brand":[],"product_cat":[137],"product_tag":[],"class_list":{"0":"post-11924","1":"product","2":"type-product","3":"status-publish","4":"has-post-thumbnail","6":"product_cat-bes-bolmeli-kaplar","8":"first","9":"instock","10":"shipping-taxable","11":"product-type-simple"},"acf":[],"yoast_head":"<!-- This site is optimized with the Yoast SEO plugin v24.6 - https:\/\/yoast.com\/wordpress\/plugins\/seo\/ -->\n<title>5 B\u00f6lmeli Kahvalt\u0131 Kab\u0131 - Dipack<\/title>\n<meta name=\"robots\" content=\"index, follow, max-snippet:-1, max-image-preview:large, max-video-preview:-1\" \/>\n<link rel=\"canonical\" href=\"https:\/\/www.dipack.com.tr\/en\/product\/5-bolmeli-breakfast-cabinet\/\" \/>\n<meta property=\"og:locale\" content=\"en_US\" \/>\n<meta property=\"og:type\" content=\"article\" \/>\n<meta property=\"og:title\" content=\"5 B\u00f6lmeli Kahvalt\u0131 Kab\u0131 - Dipack\" \/>\n<meta property=\"og:description\" content=\"\u00a0 \u00a0\u00a0 \u00a0\u00a0    \u00dcr\u00fcn \u00d6l\u00e7\u00fcs\u00fc: 380\u00d7187\u00d730   Po\u015fet i\u00e7i Adet : 50   Koli i\u00e7i Adet: 300   Koli \u00d6l\u00e7\u00fcs\u00fc: 490\u00d7380\u00d7560   Koli m\u00b3: 0,104   40 HC Koli Adet: 643   T\u0131r \u0130\u00e7i Koli Adet: 844\" \/>\n<meta property=\"og:url\" content=\"https:\/\/www.dipack.com.tr\/en\/product\/5-bolmeli-breakfast-cabinet\/\" \/>\n<meta property=\"og:site_name\" content=\"Dipack\" \/>\n<meta property=\"article:modified_time\" content=\"2025-10-20T17:26:13+00:00\" \/>\n<meta property=\"og:image\" content=\"https:\/\/www.dipack.com.tr\/wp-content\/uploads\/2025\/10\/5125.jpg\" \/>\n\t<meta property=\"og:image:width\" content=\"600\" \/>\n\t<meta property=\"og:image:height\" content=\"600\" \/>\n\t<meta property=\"og:image:type\" content=\"image\/jpeg\" \/>\n<meta name=\"twitter:card\" content=\"summary_large_image\" \/>\n<meta name=\"twitter:label1\" content=\"Est. reading time\" \/>\n\t<meta name=\"twitter:data1\" content=\"1 minute\" \/>\n<script type=\"application\/ld+json\" class=\"yoast-schema-graph\">{\"@context\":\"https:\/\/schema.org\",\"@graph\":[{\"@type\":\"WebPage\",\"@id\":\"https:\/\/www.dipack.com.tr\/urun\/5-bolmeli-kahvalti-kabi\/\",\"url\":\"https:\/\/www.dipack.com.tr\/urun\/5-bolmeli-kahvalti-kabi\/\",\"name\":\"5 B\u00f6lmeli Kahvalt\u0131 Kab\u0131 - Dipack\",\"isPartOf\":{\"@id\":\"https:\/\/www.dipack.com.tr\/#website\"},\"primaryImageOfPage\":{\"@id\":\"https:\/\/www.dipack.com.tr\/urun\/5-bolmeli-kahvalti-kabi\/#primaryimage\"},\"image\":{\"@id\":\"https:\/\/www.dipack.com.tr\/urun\/5-bolmeli-kahvalti-kabi\/#primaryimage\"},\"thumbnailUrl\":\"https:\/\/www.dipack.com.tr\/wp-content\/uploads\/2025\/10\/5125.jpg\",\"datePublished\":\"2023-12-29T14:25:27+00:00\",\"dateModified\":\"2025-10-20T17:26:13+00:00\",\"breadcrumb\":{\"@id\":\"https:\/\/www.dipack.com.tr\/urun\/5-bolmeli-kahvalti-kabi\/#breadcrumb\"},\"inLanguage\":\"en-US\",\"potentialAction\":[{\"@type\":\"ReadAction\",\"target\":[\"https:\/\/www.dipack.com.tr\/urun\/5-bolmeli-kahvalti-kabi\/\"]}]},{\"@type\":\"ImageObject\",\"inLanguage\":\"en-US\",\"@id\":\"https:\/\/www.dipack.com.tr\/urun\/5-bolmeli-kahvalti-kabi\/#primaryimage\",\"url\":\"https:\/\/www.dipack.com.tr\/wp-content\/uploads\/2025\/10\/5125.jpg\",\"contentUrl\":\"https:\/\/www.dipack.com.tr\/wp-content\/uploads\/2025\/10\/5125.jpg\",\"width\":600,\"height\":600},{\"@type\":\"BreadcrumbList\",\"@id\":\"https:\/\/www.dipack.com.tr\/urun\/5-bolmeli-kahvalti-kabi\/#breadcrumb\",\"itemListElement\":[{\"@type\":\"ListItem\",\"position\":1,\"name\":\"Anasayfa\",\"item\":\"https:\/\/www.dipack.com.tr\/\"},{\"@type\":\"ListItem\",\"position\":2,\"name\":\"L\u00fcx S\u0131zd\u0131rmaz Kaplar\",\"item\":\"https:\/\/www.dipack.com.tr\/lux-sizdirmaz-kaplar\/\"},{\"@type\":\"ListItem\",\"position\":3,\"name\":\"5 B\u00f6lmeli Kahvalt\u0131 Kab\u0131\"}]},{\"@type\":\"WebSite\",\"@id\":\"https:\/\/www.dipack.com.tr\/#website\",\"url\":\"https:\/\/www.dipack.com.tr\/\",\"name\":\"Dipack\",\"description\":\"Pratik Ambalaj, M&uuml;kemmel Tazelik!\",\"potentialAction\":[{\"@type\":\"SearchAction\",\"target\":{\"@type\":\"EntryPoint\",\"urlTemplate\":\"https:\/\/www.dipack.com.tr\/?s={search_term_string}\"},\"query-input\":{\"@type\":\"PropertyValueSpecification\",\"valueRequired\":true,\"valueName\":\"search_term_string\"}}],\"inLanguage\":\"en-US\"}]}<\/script>\n<!-- \/ Yoast SEO plugin. -->","yoast_head_json":{"title":"5 B\u00f6lmeli Kahvalt\u0131 Kab\u0131 - Dipack","robots":{"index":"index","follow":"follow","max-snippet":"max-snippet:-1","max-image-preview":"max-image-preview:large","max-video-preview":"max-video-preview:-1"},"canonical":"https:\/\/www.dipack.com.tr\/en\/product\/5-bolmeli-breakfast-cabinet\/","og_locale":"en_US","og_type":"article","og_title":"5 B\u00f6lmeli Kahvalt\u0131 Kab\u0131 - Dipack","og_description":"\u00a0 \u00a0\u00a0 \u00a0\u00a0    \u00dcr\u00fcn \u00d6l\u00e7\u00fcs\u00fc: 380\u00d7187\u00d730   Po\u015fet i\u00e7i Adet : 50   Koli i\u00e7i Adet: 300   Koli \u00d6l\u00e7\u00fcs\u00fc: 490\u00d7380\u00d7560   Koli m\u00b3: 0,104   40 HC Koli Adet: 643   T\u0131r \u0130\u00e7i Koli Adet: 844","og_url":"https:\/\/www.dipack.com.tr\/en\/product\/5-bolmeli-breakfast-cabinet\/","og_site_name":"Dipack","article_modified_time":"2025-10-20T17:26:13+00:00","og_image":[{"width":600,"height":600,"url":"https:\/\/www.dipack.com.tr\/wp-content\/uploads\/2025\/10\/5125.jpg","type":"image\/jpeg"}],"twitter_card":"summary_large_image","twitter_misc":{"Est. reading time":"1 minute"},"schema":{"@context":"https:\/\/schema.org","@graph":[{"@type":"WebPage","@id":"https:\/\/www.dipack.com.tr\/urun\/5-bolmeli-kahvalti-kabi\/","url":"https:\/\/www.dipack.com.tr\/urun\/5-bolmeli-kahvalti-kabi\/","name":"5 B\u00f6lmeli Kahvalt\u0131 Kab\u0131 - Dipack","isPartOf":{"@id":"https:\/\/www.dipack.com.tr\/#website"},"primaryImageOfPage":{"@id":"https:\/\/www.dipack.com.tr\/urun\/5-bolmeli-kahvalti-kabi\/#primaryimage"},"image":{"@id":"https:\/\/www.dipack.com.tr\/urun\/5-bolmeli-kahvalti-kabi\/#primaryimage"},"thumbnailUrl":"https:\/\/www.dipack.com.tr\/wp-content\/uploads\/2025\/10\/5125.jpg","datePublished":"2023-12-29T14:25:27+00:00","dateModified":"2025-10-20T17:26:13+00:00","breadcrumb":{"@id":"https:\/\/www.dipack.com.tr\/urun\/5-bolmeli-kahvalti-kabi\/#breadcrumb"},"inLanguage":"en-US","potentialAction":[{"@type":"ReadAction","target":["https:\/\/www.dipack.com.tr\/urun\/5-bolmeli-kahvalti-kabi\/"]}]},{"@type":"ImageObject","inLanguage":"en-US","@id":"https:\/\/www.dipack.com.tr\/urun\/5-bolmeli-kahvalti-kabi\/#primaryimage","url":"https:\/\/www.dipack.com.tr\/wp-content\/uploads\/2025\/10\/5125.jpg","contentUrl":"https:\/\/www.dipack.com.tr\/wp-content\/uploads\/2025\/10\/5125.jpg","width":600,"height":600},{"@type":"BreadcrumbList","@id":"https:\/\/www.dipack.com.tr\/urun\/5-bolmeli-kahvalti-kabi\/#breadcrumb","itemListElement":[{"@type":"ListItem","position":1,"name":"Anasayfa","item":"https:\/\/www.dipack.com.tr\/"},{"@type":"ListItem","position":2,"name":"L\u00fcx S\u0131zd\u0131rmaz Kaplar","item":"https:\/\/www.dipack.com.tr\/lux-sizdirmaz-kaplar\/"},{"@type":"ListItem","position":3,"name":"5 B\u00f6lmeli Kahvalt\u0131 Kab\u0131"}]},{"@type":"WebSite","@id":"https:\/\/www.dipack.com.tr\/#website","url":"https:\/\/www.dipack.com.tr\/","name":"Dipack","description":"Pratik Ambalaj, M&uuml;kemmel Tazelik!","potentialAction":[{"@type":"SearchAction","target":{"@type":"EntryPoint","urlTemplate":"https:\/\/www.dipack.com.tr\/?s={search_term_string}"},"query-input":{"@type":"PropertyValueSpecification","valueRequired":true,"valueName":"search_term_string"}}],"inLanguage":"en-US"}]}},"_links":{"self":[{"href":"https:\/\/www.dipack.com.tr\/en\/wp-json\/wp\/v2\/product\/11924","targetHints":{"allow":["GET"]}}],"collection":[{"href":"https:\/\/www.dipack.com.tr\/en\/wp-json\/wp\/v2\/product"}],"about":[{"href":"https:\/\/www.dipack.com.tr\/en\/wp-json\/wp\/v2\/types\/product"}],"replies":[{"embeddable":true,"href":"https:\/\/www.dipack.com.tr\/en\/wp-json\/wp\/v2\/comments?post=11924"}],"version-history":[{"count":3,"href":"https:\/\/www.dipack.com.tr\/en\/wp-json\/wp\/v2\/product\/11924\/revisions"}],"predecessor-version":[{"id":13158,"href":"https:\/\/www.dipack.com.tr\/en\/wp-json\/wp\/v2\/product\/11924\/revisions\/13158"}],"wp:featuredmedia":[{"embeddable":true,"href":"https:\/\/www.dipack.com.tr\/en\/wp-json\/wp\/v2\/media\/13116"}],"wp:attachment":[{"href":"https:\/\/www.dipack.com.tr\/en\/wp-json\/wp\/v2\/media?parent=11924"}],"wp:term":[{"taxonomy":"product_brand","embeddable":true,"href":"https:\/\/www.dipack.com.tr\/en\/wp-json\/wp\/v2\/product_brand?post=11924"},{"taxonomy":"product_cat","embeddable":true,"href":"https:\/\/www.dipack.com.tr\/en\/wp-json\/wp\/v2\/product_cat?post=11924"},{"taxonomy":"product_tag","embeddable":true,"href":"https:\/\/www.dipack.com.tr\/en\/wp-json\/wp\/v2\/product_tag?post=11924"}],"curies":[{"name":"wp","href":"https:\/\/api.w.org\/{rel}","templated":true}]}}