{"id":11975,"date":"2023-12-29T18:01:06","date_gmt":"2023-12-29T15:01:06","guid":{"rendered":"https:\/\/www.dipack.com.tr\/?post_type=product&#038;p=11975"},"modified":"2025-10-20T19:21:07","modified_gmt":"2025-10-20T16:21:07","slug":"1000cc-baklava-kabi","status":"publish","type":"product","link":"https:\/\/www.dipack.com.tr\/en\/product\/1000cc-baklava-cabinet\/","title":{"rendered":"1000cc Baklava Container"},"content":{"rendered":"<p><strong>Dipack baklava containers<\/strong>It is an ideal option to display and protect your sweet products magnificently. These containers help preserve the freshness and flavor of your desserts for a long time. Thanks to its special design, it prevents the desserts from getting moist and preserves the flavor inside.<\/p>\n<p>Tight lids minimize the risk of spillage or external factors damaging your products. In this way, it provides a safe dessert experience for both the business and the customers. It gives you the opportunity to present your desserts in a hygienic and orderly manner, which increases customer satisfaction.<\/p>\n<p><strong>5 compartment breakfast bowl<\/strong> It is now very easy to preserve breakfast products without mixing with each other! The 5-compartment breakfast bowl makes breakfast orderly and enjoyable. Each compartment keeps different ingredients separate, so customers can easily decide on the flavor they want. Enhance the breakfast experience of both users and your business.<\/p>\n<p>Present your products in the best possible way with Dipack baklava containers and 5-compartment breakfast container.<\/p>","protected":false},"excerpt":{"rendered":"<p><img decoding=\"async\" class=\"alignnone size-full wp-image-11640\" src=\"https:\/\/www.dipack.com.tr\/wp-content\/uploads\/2023\/08\/pet.png\" alt=\"\" width=\"100\" height=\"100\" srcset=\"https:\/\/www.dipack.com.tr\/wp-content\/uploads\/2023\/08\/pet.png 100w, https:\/\/www.dipack.com.tr\/wp-content\/uploads\/2023\/08\/pet-150x150.png 150w, https:\/\/www.dipack.com.tr\/wp-content\/uploads\/2023\/08\/pet-80x80.png 80w, https:\/\/www.dipack.com.tr\/wp-content\/uploads\/2023\/08\/pet-88x88.png 88w, https:\/\/www.dipack.com.tr\/wp-content\/uploads\/2023\/08\/pet-120x120.png 120w, https:\/\/www.dipack.com.tr\/wp-content\/uploads\/2023\/08\/pet-300x300.png 300w\" sizes=\"(max-width: 100px) 100vw, 100px\" \/><img decoding=\"async\" class=\"alignnone size-full wp-image-11906\" src=\"https:\/\/www.dipack.com.tr\/wp-content\/uploads\/2023\/12\/transparent.png\" alt=\"\" width=\"100\" height=\"100\" srcset=\"https:\/\/www.dipack.com.tr\/wp-content\/uploads\/2023\/12\/transparent.png 100w, https:\/\/www.dipack.com.tr\/wp-content\/uploads\/2023\/12\/transparent-150x150.png 150w, https:\/\/www.dipack.com.tr\/wp-content\/uploads\/2023\/12\/transparent-80x80.png 80w, https:\/\/www.dipack.com.tr\/wp-content\/uploads\/2023\/12\/transparent-88x88.png 88w, https:\/\/www.dipack.com.tr\/wp-content\/uploads\/2023\/12\/transparent-120x120.png 120w, https:\/\/www.dipack.com.tr\/wp-content\/uploads\/2023\/12\/transparent-300x300.png 300w\" sizes=\"(max-width: 100px) 100vw, 100px\" \/>\u00a0 \u00a0\u00a0<img decoding=\"async\" class=\"alignnone size-full wp-image-11638\" style=\"font-size: 1rem; font-family: var(--default-font-family);\" src=\"https:\/\/www.dipack.com.tr\/wp-content\/uploads\/2023\/08\/safefood.png\" alt=\"\" width=\"100\" height=\"100\" srcset=\"https:\/\/www.dipack.com.tr\/wp-content\/uploads\/2023\/08\/safefood.png 100w, https:\/\/www.dipack.com.tr\/wp-content\/uploads\/2023\/08\/safefood-150x150.png 150w, https:\/\/www.dipack.com.tr\/wp-content\/uploads\/2023\/08\/safefood-80x80.png 80w, https:\/\/www.dipack.com.tr\/wp-content\/uploads\/2023\/08\/safefood-88x88.png 88w, https:\/\/www.dipack.com.tr\/wp-content\/uploads\/2023\/08\/safefood-120x120.png 120w, https:\/\/www.dipack.com.tr\/wp-content\/uploads\/2023\/08\/safefood-300x300.png 300w\" sizes=\"(max-width: 100px) 100vw, 100px\" \/> <span style=\"font-size: 1rem; font-family: var(--default-font-family);\">\u00a0<\/span><span style=\"font-size: 1rem; font-family: var(--default-font-family);\">\u00a0<\/span><\/p>\n<table>\n<tbody>\n<tr>\n<td>Product Dimension:<\/td>\n<td>295\u00d7220\u00d750<\/td>\n<\/tr>\n<tr>\n<td>Quantity in the bag:<\/td>\n<td>50<\/td>\n<\/tr>\n<tr>\n<td>Pieces in Box:<\/td>\n<td>200<\/td>\n<\/tr>\n<tr>\n<td>Box Size:<\/td>\n<td>500\u00d7440\u00d7600<\/td>\n<\/tr>\n<tr>\n<td>Box m\u00b3:<\/td>\n<td>0,132<\/td>\n<\/tr>\n<tr>\n<td>40 HC Box Quantity:<\/td>\n<td>508<\/td>\n<\/tr>\n<tr>\n<td>Number of Boxes in Truck:<\/td>\n<td>667<\/td>\n<\/tr>\n<\/tbody>\n<\/table>","protected":false},"featured_media":11973,"comment_status":"open","ping_status":"closed","template":"","meta":{"_acf_changed":false,"_joinchat":[]},"product_brand":[],"product_cat":[122],"product_tag":[],"class_list":{"0":"post-11975","1":"product","2":"type-product","3":"status-publish","4":"has-post-thumbnail","6":"product_cat-tatli-kaplari","8":"first","9":"instock","10":"shipping-taxable","11":"product-type-simple"},"acf":[],"yoast_head":"<!-- This site is optimized with the Yoast SEO plugin v24.6 - https:\/\/yoast.com\/wordpress\/plugins\/seo\/ -->\n<title>1000cc Baklava Kab\u0131 - Dipack<\/title>\n<meta name=\"robots\" content=\"index, follow, max-snippet:-1, max-image-preview:large, max-video-preview:-1\" \/>\n<link rel=\"canonical\" href=\"https:\/\/www.dipack.com.tr\/en\/product\/1000cc-baklava-cabinet\/\" \/>\n<meta property=\"og:locale\" content=\"en_US\" \/>\n<meta property=\"og:type\" content=\"article\" \/>\n<meta property=\"og:title\" content=\"1000cc Baklava Kab\u0131 - Dipack\" \/>\n<meta property=\"og:description\" content=\"\u00a0 \u00a0\u00a0 \u00a0\u00a0    \u00dcr\u00fcn \u00d6l\u00e7\u00fcs\u00fc: 295\u00d7220\u00d750   Po\u015fet i\u00e7i Adet : 50   Koli i\u00e7i Adet: 200   Koli \u00d6l\u00e7\u00fcs\u00fc: 500\u00d7440\u00d7600   Koli m\u00b3: 0,132   40 HC Koli Adet: 508   T\u0131r \u0130\u00e7i Koli Adet: 667\" \/>\n<meta property=\"og:url\" content=\"https:\/\/www.dipack.com.tr\/en\/product\/1000cc-baklava-cabinet\/\" \/>\n<meta property=\"og:site_name\" content=\"Dipack\" \/>\n<meta property=\"article:modified_time\" content=\"2025-10-20T16:21:07+00:00\" \/>\n<meta property=\"og:image\" content=\"https:\/\/www.dipack.com.tr\/wp-content\/uploads\/2023\/12\/5044-5045.jpg\" \/>\n\t<meta property=\"og:image:width\" content=\"600\" \/>\n\t<meta property=\"og:image:height\" content=\"600\" \/>\n\t<meta property=\"og:image:type\" content=\"image\/jpeg\" \/>\n<meta name=\"twitter:card\" content=\"summary_large_image\" \/>\n<meta name=\"twitter:label1\" content=\"Est. reading time\" \/>\n\t<meta name=\"twitter:data1\" content=\"2 minutes\" \/>\n<script type=\"application\/ld+json\" class=\"yoast-schema-graph\">{\"@context\":\"https:\/\/schema.org\",\"@graph\":[{\"@type\":\"WebPage\",\"@id\":\"https:\/\/www.dipack.com.tr\/urun\/1000cc-baklava-kabi\/\",\"url\":\"https:\/\/www.dipack.com.tr\/urun\/1000cc-baklava-kabi\/\",\"name\":\"1000cc Baklava Kab\u0131 - Dipack\",\"isPartOf\":{\"@id\":\"https:\/\/www.dipack.com.tr\/#website\"},\"primaryImageOfPage\":{\"@id\":\"https:\/\/www.dipack.com.tr\/urun\/1000cc-baklava-kabi\/#primaryimage\"},\"image\":{\"@id\":\"https:\/\/www.dipack.com.tr\/urun\/1000cc-baklava-kabi\/#primaryimage\"},\"thumbnailUrl\":\"https:\/\/www.dipack.com.tr\/wp-content\/uploads\/2023\/12\/5044-5045.jpg\",\"datePublished\":\"2023-12-29T15:01:06+00:00\",\"dateModified\":\"2025-10-20T16:21:07+00:00\",\"breadcrumb\":{\"@id\":\"https:\/\/www.dipack.com.tr\/urun\/1000cc-baklava-kabi\/#breadcrumb\"},\"inLanguage\":\"en-US\",\"potentialAction\":[{\"@type\":\"ReadAction\",\"target\":[\"https:\/\/www.dipack.com.tr\/urun\/1000cc-baklava-kabi\/\"]}]},{\"@type\":\"ImageObject\",\"inLanguage\":\"en-US\",\"@id\":\"https:\/\/www.dipack.com.tr\/urun\/1000cc-baklava-kabi\/#primaryimage\",\"url\":\"https:\/\/www.dipack.com.tr\/wp-content\/uploads\/2023\/12\/5044-5045.jpg\",\"contentUrl\":\"https:\/\/www.dipack.com.tr\/wp-content\/uploads\/2023\/12\/5044-5045.jpg\",\"width\":600,\"height\":600},{\"@type\":\"BreadcrumbList\",\"@id\":\"https:\/\/www.dipack.com.tr\/urun\/1000cc-baklava-kabi\/#breadcrumb\",\"itemListElement\":[{\"@type\":\"ListItem\",\"position\":1,\"name\":\"Anasayfa\",\"item\":\"https:\/\/www.dipack.com.tr\/\"},{\"@type\":\"ListItem\",\"position\":2,\"name\":\"L\u00fcx S\u0131zd\u0131rmaz Kaplar\",\"item\":\"https:\/\/www.dipack.com.tr\/lux-sizdirmaz-kaplar\/\"},{\"@type\":\"ListItem\",\"position\":3,\"name\":\"1000cc Baklava Kab\u0131\"}]},{\"@type\":\"WebSite\",\"@id\":\"https:\/\/www.dipack.com.tr\/#website\",\"url\":\"https:\/\/www.dipack.com.tr\/\",\"name\":\"Dipack\",\"description\":\"Pratik Ambalaj, M&uuml;kemmel Tazelik!\",\"potentialAction\":[{\"@type\":\"SearchAction\",\"target\":{\"@type\":\"EntryPoint\",\"urlTemplate\":\"https:\/\/www.dipack.com.tr\/?s={search_term_string}\"},\"query-input\":{\"@type\":\"PropertyValueSpecification\",\"valueRequired\":true,\"valueName\":\"search_term_string\"}}],\"inLanguage\":\"en-US\"}]}<\/script>\n<!-- \/ Yoast SEO plugin. -->","yoast_head_json":{"title":"1000cc Baklava Kab\u0131 - Dipack","robots":{"index":"index","follow":"follow","max-snippet":"max-snippet:-1","max-image-preview":"max-image-preview:large","max-video-preview":"max-video-preview:-1"},"canonical":"https:\/\/www.dipack.com.tr\/en\/product\/1000cc-baklava-cabinet\/","og_locale":"en_US","og_type":"article","og_title":"1000cc Baklava Kab\u0131 - Dipack","og_description":"\u00a0 \u00a0\u00a0 \u00a0\u00a0    \u00dcr\u00fcn \u00d6l\u00e7\u00fcs\u00fc: 295\u00d7220\u00d750   Po\u015fet i\u00e7i Adet : 50   Koli i\u00e7i Adet: 200   Koli \u00d6l\u00e7\u00fcs\u00fc: 500\u00d7440\u00d7600   Koli m\u00b3: 0,132   40 HC Koli Adet: 508   T\u0131r \u0130\u00e7i Koli Adet: 667","og_url":"https:\/\/www.dipack.com.tr\/en\/product\/1000cc-baklava-cabinet\/","og_site_name":"Dipack","article_modified_time":"2025-10-20T16:21:07+00:00","og_image":[{"width":600,"height":600,"url":"https:\/\/www.dipack.com.tr\/wp-content\/uploads\/2023\/12\/5044-5045.jpg","type":"image\/jpeg"}],"twitter_card":"summary_large_image","twitter_misc":{"Est. reading time":"2 minutes"},"schema":{"@context":"https:\/\/schema.org","@graph":[{"@type":"WebPage","@id":"https:\/\/www.dipack.com.tr\/urun\/1000cc-baklava-kabi\/","url":"https:\/\/www.dipack.com.tr\/urun\/1000cc-baklava-kabi\/","name":"1000cc Baklava Kab\u0131 - Dipack","isPartOf":{"@id":"https:\/\/www.dipack.com.tr\/#website"},"primaryImageOfPage":{"@id":"https:\/\/www.dipack.com.tr\/urun\/1000cc-baklava-kabi\/#primaryimage"},"image":{"@id":"https:\/\/www.dipack.com.tr\/urun\/1000cc-baklava-kabi\/#primaryimage"},"thumbnailUrl":"https:\/\/www.dipack.com.tr\/wp-content\/uploads\/2023\/12\/5044-5045.jpg","datePublished":"2023-12-29T15:01:06+00:00","dateModified":"2025-10-20T16:21:07+00:00","breadcrumb":{"@id":"https:\/\/www.dipack.com.tr\/urun\/1000cc-baklava-kabi\/#breadcrumb"},"inLanguage":"en-US","potentialAction":[{"@type":"ReadAction","target":["https:\/\/www.dipack.com.tr\/urun\/1000cc-baklava-kabi\/"]}]},{"@type":"ImageObject","inLanguage":"en-US","@id":"https:\/\/www.dipack.com.tr\/urun\/1000cc-baklava-kabi\/#primaryimage","url":"https:\/\/www.dipack.com.tr\/wp-content\/uploads\/2023\/12\/5044-5045.jpg","contentUrl":"https:\/\/www.dipack.com.tr\/wp-content\/uploads\/2023\/12\/5044-5045.jpg","width":600,"height":600},{"@type":"BreadcrumbList","@id":"https:\/\/www.dipack.com.tr\/urun\/1000cc-baklava-kabi\/#breadcrumb","itemListElement":[{"@type":"ListItem","position":1,"name":"Anasayfa","item":"https:\/\/www.dipack.com.tr\/"},{"@type":"ListItem","position":2,"name":"L\u00fcx S\u0131zd\u0131rmaz Kaplar","item":"https:\/\/www.dipack.com.tr\/lux-sizdirmaz-kaplar\/"},{"@type":"ListItem","position":3,"name":"1000cc Baklava Kab\u0131"}]},{"@type":"WebSite","@id":"https:\/\/www.dipack.com.tr\/#website","url":"https:\/\/www.dipack.com.tr\/","name":"Dipack","description":"Pratik Ambalaj, M&uuml;kemmel Tazelik!","potentialAction":[{"@type":"SearchAction","target":{"@type":"EntryPoint","urlTemplate":"https:\/\/www.dipack.com.tr\/?s={search_term_string}"},"query-input":{"@type":"PropertyValueSpecification","valueRequired":true,"valueName":"search_term_string"}}],"inLanguage":"en-US"}]}},"_links":{"self":[{"href":"https:\/\/www.dipack.com.tr\/en\/wp-json\/wp\/v2\/product\/11975","targetHints":{"allow":["GET"]}}],"collection":[{"href":"https:\/\/www.dipack.com.tr\/en\/wp-json\/wp\/v2\/product"}],"about":[{"href":"https:\/\/www.dipack.com.tr\/en\/wp-json\/wp\/v2\/types\/product"}],"replies":[{"embeddable":true,"href":"https:\/\/www.dipack.com.tr\/en\/wp-json\/wp\/v2\/comments?post=11975"}],"version-history":[{"count":1,"href":"https:\/\/www.dipack.com.tr\/en\/wp-json\/wp\/v2\/product\/11975\/revisions"}],"predecessor-version":[{"id":13112,"href":"https:\/\/www.dipack.com.tr\/en\/wp-json\/wp\/v2\/product\/11975\/revisions\/13112"}],"wp:featuredmedia":[{"embeddable":true,"href":"https:\/\/www.dipack.com.tr\/en\/wp-json\/wp\/v2\/media\/11973"}],"wp:attachment":[{"href":"https:\/\/www.dipack.com.tr\/en\/wp-json\/wp\/v2\/media?parent=11975"}],"wp:term":[{"taxonomy":"product_brand","embeddable":true,"href":"https:\/\/www.dipack.com.tr\/en\/wp-json\/wp\/v2\/product_brand?post=11975"},{"taxonomy":"product_cat","embeddable":true,"href":"https:\/\/www.dipack.com.tr\/en\/wp-json\/wp\/v2\/product_cat?post=11975"},{"taxonomy":"product_tag","embeddable":true,"href":"https:\/\/www.dipack.com.tr\/en\/wp-json\/wp\/v2\/product_tag?post=11975"}],"curies":[{"name":"wp","href":"https:\/\/api.w.org\/{rel}","templated":true}]}}