{"id":12784,"date":"2024-03-21T00:24:11","date_gmt":"2024-03-20T21:24:11","guid":{"rendered":"https:\/\/www.dipack.com.tr\/?post_type=product&#038;p=12784"},"modified":"2024-03-22T23:40:20","modified_gmt":"2024-03-22T20:40:20","slug":"kapakli-116","status":"publish","type":"product","link":"https:\/\/www.dipack.com.tr\/en\/product\/kapakli-116\/","title":{"rendered":"With Cover \u2013 116"},"content":{"rendered":"<p>Dipack Disposable Humus Container stands out with its quality material, durability and resistance. Thanks to its special production technology, it offers a leak-proof guarantee and ensures safe transportation of humus. It offers users a wide range of options with various volume options and special design patterns. Produced in accordance with hygiene standards, these cups provide practicality and cleanliness as they are disposable. Ideal for any environment, from private events to office meetings.<\/p>","protected":false},"excerpt":{"rendered":"<p><img decoding=\"async\" class=\"alignnone wp-image-11639 size-full\" style=\"font-family: var(--default-font-family);\" src=\"https:\/\/www.dipack.com.tr\/wp-content\/uploads\/2023\/08\/pp.png\" alt=\"\" width=\"100\" height=\"100\" srcset=\"https:\/\/www.dipack.com.tr\/wp-content\/uploads\/2023\/08\/pp.png 100w, https:\/\/www.dipack.com.tr\/wp-content\/uploads\/2023\/08\/pp-150x150.png 150w, https:\/\/www.dipack.com.tr\/wp-content\/uploads\/2023\/08\/pp-80x80.png 80w, https:\/\/www.dipack.com.tr\/wp-content\/uploads\/2023\/08\/pp-88x88.png 88w, https:\/\/www.dipack.com.tr\/wp-content\/uploads\/2023\/08\/pp-120x120.png 120w, https:\/\/www.dipack.com.tr\/wp-content\/uploads\/2023\/08\/pp-300x300.png 300w\" sizes=\"(max-width: 100px) 100vw, 100px\" \/><img decoding=\"async\" class=\"alignnone wp-image-11906 size-full\" style=\"font-family: var(--default-font-family); font-size: 1rem;\" src=\"https:\/\/www.dipack.com.tr\/wp-content\/uploads\/2023\/12\/transparent.png\" alt=\"\" width=\"100\" height=\"100\" srcset=\"https:\/\/www.dipack.com.tr\/wp-content\/uploads\/2023\/12\/transparent.png 100w, https:\/\/www.dipack.com.tr\/wp-content\/uploads\/2023\/12\/transparent-150x150.png 150w, https:\/\/www.dipack.com.tr\/wp-content\/uploads\/2023\/12\/transparent-80x80.png 80w, https:\/\/www.dipack.com.tr\/wp-content\/uploads\/2023\/12\/transparent-88x88.png 88w, https:\/\/www.dipack.com.tr\/wp-content\/uploads\/2023\/12\/transparent-120x120.png 120w, https:\/\/www.dipack.com.tr\/wp-content\/uploads\/2023\/12\/transparent-300x300.png 300w\" sizes=\"(max-width: 100px) 100vw, 100px\" \/>\u00a0 \u00a0 <img decoding=\"async\" class=\"alignnone size-full wp-image-11638\" style=\"font-size: 1rem; font-family: var(--default-font-family);\" src=\"https:\/\/www.dipack.com.tr\/wp-content\/uploads\/2023\/08\/safefood.png\" alt=\"\" width=\"100\" height=\"100\" srcset=\"https:\/\/www.dipack.com.tr\/wp-content\/uploads\/2023\/08\/safefood.png 100w, https:\/\/www.dipack.com.tr\/wp-content\/uploads\/2023\/08\/safefood-150x150.png 150w, https:\/\/www.dipack.com.tr\/wp-content\/uploads\/2023\/08\/safefood-80x80.png 80w, https:\/\/www.dipack.com.tr\/wp-content\/uploads\/2023\/08\/safefood-88x88.png 88w, https:\/\/www.dipack.com.tr\/wp-content\/uploads\/2023\/08\/safefood-120x120.png 120w, https:\/\/www.dipack.com.tr\/wp-content\/uploads\/2023\/08\/safefood-300x300.png 300w\" sizes=\"(max-width: 100px) 100vw, 100px\" \/><\/p>\n<table>\n<tbody>\n<tr>\n<td>Product Dimension:<\/td>\n<td>\u00d8101<\/td>\n<\/tr>\n<tr>\n<td>Quantity in the bag:<\/td>\n<td>1000<\/td>\n<\/tr>\n<tr>\n<td>Pieces in Box:<\/td>\n<td>1000<\/td>\n<\/tr>\n<tr>\n<td>Box Size:<\/td>\n<td>60\u00d7240\u00d7595<\/td>\n<\/tr>\n<tr>\n<td>Box m\u00b3:<\/td>\n<td>0,009<\/td>\n<\/tr>\n<tr>\n<td>40 HC Box Quantity:<\/td>\n<td>8053<\/td>\n<\/tr>\n<tr>\n<td>Number of Boxes in Truck:<\/td>\n<td>9337<\/td>\n<\/tr>\n<\/tbody>\n<\/table>","protected":false},"featured_media":12720,"comment_status":"open","ping_status":"closed","template":"","meta":{"_acf_changed":false,"_joinchat":[]},"product_brand":[],"product_cat":[134],"product_tag":[],"class_list":{"0":"post-12784","1":"product","2":"type-product","3":"status-publish","4":"has-post-thumbnail","6":"product_cat-humus-kaplari","8":"first","9":"instock","10":"shipping-taxable","11":"product-type-simple"},"acf":[],"yoast_head":"<!-- This site is optimized with the Yoast SEO plugin v24.6 - https:\/\/yoast.com\/wordpress\/plugins\/seo\/ -->\n<title>Kapakl\u0131 - 116 - Dipack<\/title>\n<meta name=\"robots\" content=\"index, follow, max-snippet:-1, max-image-preview:large, max-video-preview:-1\" \/>\n<link rel=\"canonical\" href=\"https:\/\/www.dipack.com.tr\/en\/product\/kapakli-116\/\" \/>\n<meta property=\"og:locale\" content=\"en_US\" \/>\n<meta property=\"og:type\" content=\"article\" \/>\n<meta property=\"og:title\" content=\"Kapakl\u0131 - 116 - Dipack\" \/>\n<meta property=\"og:description\" content=\"\u00a0 \u00a0     \u00dcr\u00fcn \u00d6l\u00e7\u00fcs\u00fc: \u00d8101   Po\u015fet i\u00e7i Adet : 1000   Koli i\u00e7i Adet: 1000   Koli \u00d6l\u00e7\u00fcs\u00fc: 60\u00d7240\u00d7595   Koli m\u00b3: 0,009   40 HC Koli Adet: 8053   T\u0131r \u0130\u00e7i Koli Adet: 9337\" \/>\n<meta property=\"og:url\" content=\"https:\/\/www.dipack.com.tr\/en\/product\/kapakli-116\/\" \/>\n<meta property=\"og:site_name\" content=\"Dipack\" \/>\n<meta property=\"article:modified_time\" content=\"2024-03-22T20:40:20+00:00\" \/>\n<meta property=\"og:image\" content=\"https:\/\/www.dipack.com.tr\/wp-content\/uploads\/2024\/03\/12-oz.jpg\" \/>\n\t<meta property=\"og:image:width\" content=\"600\" \/>\n\t<meta property=\"og:image:height\" content=\"600\" \/>\n\t<meta property=\"og:image:type\" content=\"image\/jpeg\" \/>\n<meta name=\"twitter:card\" content=\"summary_large_image\" \/>\n<meta name=\"twitter:label1\" content=\"Est. reading time\" \/>\n\t<meta name=\"twitter:data1\" content=\"1 minute\" \/>\n<script type=\"application\/ld+json\" class=\"yoast-schema-graph\">{\"@context\":\"https:\/\/schema.org\",\"@graph\":[{\"@type\":\"WebPage\",\"@id\":\"https:\/\/www.dipack.com.tr\/urun\/kapakli-116\/\",\"url\":\"https:\/\/www.dipack.com.tr\/urun\/kapakli-116\/\",\"name\":\"Kapakl\u0131 - 116 - Dipack\",\"isPartOf\":{\"@id\":\"https:\/\/www.dipack.com.tr\/#website\"},\"primaryImageOfPage\":{\"@id\":\"https:\/\/www.dipack.com.tr\/urun\/kapakli-116\/#primaryimage\"},\"image\":{\"@id\":\"https:\/\/www.dipack.com.tr\/urun\/kapakli-116\/#primaryimage\"},\"thumbnailUrl\":\"https:\/\/www.dipack.com.tr\/wp-content\/uploads\/2024\/03\/12-oz.jpg\",\"datePublished\":\"2024-03-20T21:24:11+00:00\",\"dateModified\":\"2024-03-22T20:40:20+00:00\",\"breadcrumb\":{\"@id\":\"https:\/\/www.dipack.com.tr\/urun\/kapakli-116\/#breadcrumb\"},\"inLanguage\":\"en-US\",\"potentialAction\":[{\"@type\":\"ReadAction\",\"target\":[\"https:\/\/www.dipack.com.tr\/urun\/kapakli-116\/\"]}]},{\"@type\":\"ImageObject\",\"inLanguage\":\"en-US\",\"@id\":\"https:\/\/www.dipack.com.tr\/urun\/kapakli-116\/#primaryimage\",\"url\":\"https:\/\/www.dipack.com.tr\/wp-content\/uploads\/2024\/03\/12-oz.jpg\",\"contentUrl\":\"https:\/\/www.dipack.com.tr\/wp-content\/uploads\/2024\/03\/12-oz.jpg\",\"width\":600,\"height\":600},{\"@type\":\"BreadcrumbList\",\"@id\":\"https:\/\/www.dipack.com.tr\/urun\/kapakli-116\/#breadcrumb\",\"itemListElement\":[{\"@type\":\"ListItem\",\"position\":1,\"name\":\"Anasayfa\",\"item\":\"https:\/\/www.dipack.com.tr\/\"},{\"@type\":\"ListItem\",\"position\":2,\"name\":\"L\u00fcx S\u0131zd\u0131rmaz Kaplar\",\"item\":\"https:\/\/www.dipack.com.tr\/lux-sizdirmaz-kaplar\/\"},{\"@type\":\"ListItem\",\"position\":3,\"name\":\"Kapakl\u0131 &#8211; 116\"}]},{\"@type\":\"WebSite\",\"@id\":\"https:\/\/www.dipack.com.tr\/#website\",\"url\":\"https:\/\/www.dipack.com.tr\/\",\"name\":\"Dipack\",\"description\":\"Pratik Ambalaj, M&uuml;kemmel Tazelik!\",\"potentialAction\":[{\"@type\":\"SearchAction\",\"target\":{\"@type\":\"EntryPoint\",\"urlTemplate\":\"https:\/\/www.dipack.com.tr\/?s={search_term_string}\"},\"query-input\":{\"@type\":\"PropertyValueSpecification\",\"valueRequired\":true,\"valueName\":\"search_term_string\"}}],\"inLanguage\":\"en-US\"}]}<\/script>\n<!-- \/ Yoast SEO plugin. -->","yoast_head_json":{"title":"Kapakl\u0131 - 116 - Dipack","robots":{"index":"index","follow":"follow","max-snippet":"max-snippet:-1","max-image-preview":"max-image-preview:large","max-video-preview":"max-video-preview:-1"},"canonical":"https:\/\/www.dipack.com.tr\/en\/product\/kapakli-116\/","og_locale":"en_US","og_type":"article","og_title":"Kapakl\u0131 - 116 - Dipack","og_description":"\u00a0 \u00a0     \u00dcr\u00fcn \u00d6l\u00e7\u00fcs\u00fc: \u00d8101   Po\u015fet i\u00e7i Adet : 1000   Koli i\u00e7i Adet: 1000   Koli \u00d6l\u00e7\u00fcs\u00fc: 60\u00d7240\u00d7595   Koli m\u00b3: 0,009   40 HC Koli Adet: 8053   T\u0131r \u0130\u00e7i Koli Adet: 9337","og_url":"https:\/\/www.dipack.com.tr\/en\/product\/kapakli-116\/","og_site_name":"Dipack","article_modified_time":"2024-03-22T20:40:20+00:00","og_image":[{"width":600,"height":600,"url":"https:\/\/www.dipack.com.tr\/wp-content\/uploads\/2024\/03\/12-oz.jpg","type":"image\/jpeg"}],"twitter_card":"summary_large_image","twitter_misc":{"Est. reading time":"1 minute"},"schema":{"@context":"https:\/\/schema.org","@graph":[{"@type":"WebPage","@id":"https:\/\/www.dipack.com.tr\/urun\/kapakli-116\/","url":"https:\/\/www.dipack.com.tr\/urun\/kapakli-116\/","name":"Kapakl\u0131 - 116 - Dipack","isPartOf":{"@id":"https:\/\/www.dipack.com.tr\/#website"},"primaryImageOfPage":{"@id":"https:\/\/www.dipack.com.tr\/urun\/kapakli-116\/#primaryimage"},"image":{"@id":"https:\/\/www.dipack.com.tr\/urun\/kapakli-116\/#primaryimage"},"thumbnailUrl":"https:\/\/www.dipack.com.tr\/wp-content\/uploads\/2024\/03\/12-oz.jpg","datePublished":"2024-03-20T21:24:11+00:00","dateModified":"2024-03-22T20:40:20+00:00","breadcrumb":{"@id":"https:\/\/www.dipack.com.tr\/urun\/kapakli-116\/#breadcrumb"},"inLanguage":"en-US","potentialAction":[{"@type":"ReadAction","target":["https:\/\/www.dipack.com.tr\/urun\/kapakli-116\/"]}]},{"@type":"ImageObject","inLanguage":"en-US","@id":"https:\/\/www.dipack.com.tr\/urun\/kapakli-116\/#primaryimage","url":"https:\/\/www.dipack.com.tr\/wp-content\/uploads\/2024\/03\/12-oz.jpg","contentUrl":"https:\/\/www.dipack.com.tr\/wp-content\/uploads\/2024\/03\/12-oz.jpg","width":600,"height":600},{"@type":"BreadcrumbList","@id":"https:\/\/www.dipack.com.tr\/urun\/kapakli-116\/#breadcrumb","itemListElement":[{"@type":"ListItem","position":1,"name":"Anasayfa","item":"https:\/\/www.dipack.com.tr\/"},{"@type":"ListItem","position":2,"name":"L\u00fcx S\u0131zd\u0131rmaz Kaplar","item":"https:\/\/www.dipack.com.tr\/lux-sizdirmaz-kaplar\/"},{"@type":"ListItem","position":3,"name":"Kapakl\u0131 &#8211; 116"}]},{"@type":"WebSite","@id":"https:\/\/www.dipack.com.tr\/#website","url":"https:\/\/www.dipack.com.tr\/","name":"Dipack","description":"Pratik Ambalaj, M&uuml;kemmel Tazelik!","potentialAction":[{"@type":"SearchAction","target":{"@type":"EntryPoint","urlTemplate":"https:\/\/www.dipack.com.tr\/?s={search_term_string}"},"query-input":{"@type":"PropertyValueSpecification","valueRequired":true,"valueName":"search_term_string"}}],"inLanguage":"en-US"}]}},"_links":{"self":[{"href":"https:\/\/www.dipack.com.tr\/en\/wp-json\/wp\/v2\/product\/12784","targetHints":{"allow":["GET"]}}],"collection":[{"href":"https:\/\/www.dipack.com.tr\/en\/wp-json\/wp\/v2\/product"}],"about":[{"href":"https:\/\/www.dipack.com.tr\/en\/wp-json\/wp\/v2\/types\/product"}],"replies":[{"embeddable":true,"href":"https:\/\/www.dipack.com.tr\/en\/wp-json\/wp\/v2\/comments?post=12784"}],"version-history":[{"count":1,"href":"https:\/\/www.dipack.com.tr\/en\/wp-json\/wp\/v2\/product\/12784\/revisions"}],"predecessor-version":[{"id":12867,"href":"https:\/\/www.dipack.com.tr\/en\/wp-json\/wp\/v2\/product\/12784\/revisions\/12867"}],"wp:featuredmedia":[{"embeddable":true,"href":"https:\/\/www.dipack.com.tr\/en\/wp-json\/wp\/v2\/media\/12720"}],"wp:attachment":[{"href":"https:\/\/www.dipack.com.tr\/en\/wp-json\/wp\/v2\/media?parent=12784"}],"wp:term":[{"taxonomy":"product_brand","embeddable":true,"href":"https:\/\/www.dipack.com.tr\/en\/wp-json\/wp\/v2\/product_brand?post=12784"},{"taxonomy":"product_cat","embeddable":true,"href":"https:\/\/www.dipack.com.tr\/en\/wp-json\/wp\/v2\/product_cat?post=12784"},{"taxonomy":"product_tag","embeddable":true,"href":"https:\/\/www.dipack.com.tr\/en\/wp-json\/wp\/v2\/product_tag?post=12784"}],"curies":[{"name":"wp","href":"https:\/\/api.w.org\/{rel}","templated":true}]}}