{"id":12945,"date":"2024-09-23T20:14:30","date_gmt":"2024-09-23T17:14:30","guid":{"rendered":"https:\/\/www.dipack.com.tr\/?post_type=product&#038;p=12945"},"modified":"2025-10-20T19:02:24","modified_gmt":"2025-10-20T16:02:24","slug":"kucuk-susi-kap-kapak-set","status":"publish","type":"product","link":"https:\/\/www.dipack.com.tr\/en\/product\/kucuk-susi-kap-kapak-set\/","title":{"rendered":"K\u00fc\u00e7\u00fck Su\u015fi Kap + Kapak Set"},"content":{"rendered":"<p>Dipack Tek Kullan\u0131ml\u0131k Su\u015fi Kaplar\u0131, su\u015fi ve benzeri yiyeceklerin hijyenik bir \u015fekilde sunulmas\u0131 ve ta\u015f\u0131nmas\u0131 i\u00e7in \u00f6zel olarak tasarlanm\u0131\u015f y\u00fcksek kaliteli plastik ambalajlard\u0131r. Dayan\u0131kl\u0131 ve s\u0131zd\u0131rmaz yap\u0131lar\u0131, su\u015finin tazeli\u011fini korurken g\u00fcvenli bir ta\u015f\u0131ma imkan\u0131 sunar. \u015eeffaf kapaklar\u0131, \u00fcr\u00fcnlerin estetik sunumunu sa\u011flarken, i\u00e7eri\u011fin rahat\u00e7a g\u00f6r\u00fclmesine olanak tan\u0131r. Geri d\u00f6n\u00fc\u015ft\u00fcr\u00fclebilir plastikten \u00fcretilmi\u015f olup, kullan\u0131m sonras\u0131 \u00e7evreye duyarl\u0131 bir \u015fekilde bertaraf edilebilirler. Dipack, restoranlar ve paket servis hizmetleri i\u00e7in pratik ve g\u00fcvenilir bir ambalaj \u00e7\u00f6z\u00fcm\u00fc sunar.<\/p>","protected":false},"excerpt":{"rendered":"<p><img decoding=\"async\" class=\"alignnone wp-image-11640 size-full\" style=\"font-family: var(--default-font-family);\" src=\"https:\/\/www.dipack.com.tr\/wp-content\/uploads\/2023\/08\/pet.png\" alt=\"\" width=\"100\" height=\"100\" srcset=\"https:\/\/www.dipack.com.tr\/wp-content\/uploads\/2023\/08\/pet.png 100w, https:\/\/www.dipack.com.tr\/wp-content\/uploads\/2023\/08\/pet-150x150.png 150w, https:\/\/www.dipack.com.tr\/wp-content\/uploads\/2023\/08\/pet-80x80.png 80w, https:\/\/www.dipack.com.tr\/wp-content\/uploads\/2023\/08\/pet-88x88.png 88w, https:\/\/www.dipack.com.tr\/wp-content\/uploads\/2023\/08\/pet-120x120.png 120w, https:\/\/www.dipack.com.tr\/wp-content\/uploads\/2023\/08\/pet-300x300.png 300w\" sizes=\"(max-width: 100px) 100vw, 100px\" \/> <img decoding=\"async\" class=\"alignnone wp-image-11906 size-full\" style=\"font-family: var(--default-font-family); font-size: 1rem;\" src=\"https:\/\/www.dipack.com.tr\/wp-content\/uploads\/2023\/12\/transparent.png\" alt=\"\" width=\"100\" height=\"100\" srcset=\"https:\/\/www.dipack.com.tr\/wp-content\/uploads\/2023\/12\/transparent.png 100w, https:\/\/www.dipack.com.tr\/wp-content\/uploads\/2023\/12\/transparent-150x150.png 150w, https:\/\/www.dipack.com.tr\/wp-content\/uploads\/2023\/12\/transparent-80x80.png 80w, https:\/\/www.dipack.com.tr\/wp-content\/uploads\/2023\/12\/transparent-88x88.png 88w, https:\/\/www.dipack.com.tr\/wp-content\/uploads\/2023\/12\/transparent-120x120.png 120w, https:\/\/www.dipack.com.tr\/wp-content\/uploads\/2023\/12\/transparent-300x300.png 300w\" sizes=\"(max-width: 100px) 100vw, 100px\" \/> \u00a0\u00a0 \u00a0<img decoding=\"async\" class=\"alignnone size-full wp-image-11638\" style=\"font-size: 1rem; font-family: var(--default-font-family);\" src=\"https:\/\/www.dipack.com.tr\/wp-content\/uploads\/2023\/08\/safefood.png\" alt=\"\" width=\"100\" height=\"100\" srcset=\"https:\/\/www.dipack.com.tr\/wp-content\/uploads\/2023\/08\/safefood.png 100w, https:\/\/www.dipack.com.tr\/wp-content\/uploads\/2023\/08\/safefood-150x150.png 150w, https:\/\/www.dipack.com.tr\/wp-content\/uploads\/2023\/08\/safefood-80x80.png 80w, https:\/\/www.dipack.com.tr\/wp-content\/uploads\/2023\/08\/safefood-88x88.png 88w, https:\/\/www.dipack.com.tr\/wp-content\/uploads\/2023\/08\/safefood-120x120.png 120w, https:\/\/www.dipack.com.tr\/wp-content\/uploads\/2023\/08\/safefood-300x300.png 300w\" sizes=\"(max-width: 100px) 100vw, 100px\" \/><\/p>\n<table>\n<tbody>\n<tr>\n<td>Product Dimension:<\/td>\n<td>160\u00d790\u00d750<\/td>\n<\/tr>\n<tr>\n<td>Quantity in the bag:<\/td>\n<td>50<\/td>\n<\/tr>\n<tr>\n<td>Pieces in Box:<\/td>\n<td>400<\/td>\n<\/tr>\n<tr>\n<td>Box Size:<\/td>\n<td>400\u00d7390\u00d7355<\/td>\n<\/tr>\n<tr>\n<td>Box m\u00b3:<\/td>\n<td>0,055<\/td>\n<\/tr>\n<tr>\n<td>40 HC Box Quantity:<\/td>\n<td>1210<\/td>\n<\/tr>\n<tr>\n<td>Number of Boxes in Truck:<\/td>\n<td>1589<\/td>\n<\/tr>\n<\/tbody>\n<\/table>","protected":false},"featured_media":12930,"comment_status":"open","ping_status":"closed","template":"","meta":{"_acf_changed":false,"_joinchat":[]},"product_brand":[],"product_cat":[136],"product_tag":[],"class_list":{"0":"post-12945","1":"product","2":"type-product","3":"status-publish","4":"has-post-thumbnail","6":"product_cat-sushi-kaplari","8":"first","9":"instock","10":"shipping-taxable","11":"product-type-simple"},"acf":[],"yoast_head":"<!-- This site is optimized with the Yoast SEO plugin v24.6 - https:\/\/yoast.com\/wordpress\/plugins\/seo\/ -->\n<title>K\u00fc\u00e7\u00fck Su\u015fi Kap + Kapak Set - Dipack<\/title>\n<meta name=\"robots\" content=\"index, follow, max-snippet:-1, max-image-preview:large, max-video-preview:-1\" \/>\n<link rel=\"canonical\" href=\"https:\/\/www.dipack.com.tr\/en\/product\/kucuk-susi-kap-kapak-set\/\" \/>\n<meta property=\"og:locale\" content=\"en_US\" \/>\n<meta property=\"og:type\" content=\"article\" \/>\n<meta property=\"og:title\" content=\"K\u00fc\u00e7\u00fck Su\u015fi Kap + Kapak Set - Dipack\" \/>\n<meta property=\"og:description\" content=\"\u00a0\u00a0 \u00a0    \u00dcr\u00fcn \u00d6l\u00e7\u00fcs\u00fc: 160\u00d790\u00d750   Po\u015fet i\u00e7i Adet : 50   Koli i\u00e7i Adet: 400   Koli \u00d6l\u00e7\u00fcs\u00fc: 400\u00d7390\u00d7355   Koli m\u00b3: 0,055   40 HC Koli Adet: 1210   T\u0131r \u0130\u00e7i Koli Adet: 1589\" \/>\n<meta property=\"og:url\" content=\"https:\/\/www.dipack.com.tr\/en\/product\/kucuk-susi-kap-kapak-set\/\" \/>\n<meta property=\"og:site_name\" content=\"Dipack\" \/>\n<meta property=\"article:modified_time\" content=\"2025-10-20T16:02:24+00:00\" \/>\n<meta property=\"og:image\" content=\"https:\/\/www.dipack.com.tr\/wp-content\/uploads\/2024\/09\/Sushi-1.jpg\" \/>\n\t<meta property=\"og:image:width\" content=\"600\" \/>\n\t<meta property=\"og:image:height\" content=\"600\" \/>\n\t<meta property=\"og:image:type\" content=\"image\/jpeg\" \/>\n<meta name=\"twitter:card\" content=\"summary_large_image\" \/>\n<meta name=\"twitter:label1\" content=\"Est. reading time\" \/>\n\t<meta name=\"twitter:data1\" content=\"1 minute\" \/>\n<script type=\"application\/ld+json\" class=\"yoast-schema-graph\">{\"@context\":\"https:\/\/schema.org\",\"@graph\":[{\"@type\":\"WebPage\",\"@id\":\"https:\/\/www.dipack.com.tr\/urun\/kucuk-susi-kap-kapak-set\/\",\"url\":\"https:\/\/www.dipack.com.tr\/urun\/kucuk-susi-kap-kapak-set\/\",\"name\":\"K\u00fc\u00e7\u00fck Su\u015fi Kap + Kapak Set - Dipack\",\"isPartOf\":{\"@id\":\"https:\/\/www.dipack.com.tr\/#website\"},\"primaryImageOfPage\":{\"@id\":\"https:\/\/www.dipack.com.tr\/urun\/kucuk-susi-kap-kapak-set\/#primaryimage\"},\"image\":{\"@id\":\"https:\/\/www.dipack.com.tr\/urun\/kucuk-susi-kap-kapak-set\/#primaryimage\"},\"thumbnailUrl\":\"https:\/\/www.dipack.com.tr\/wp-content\/uploads\/2024\/09\/Sushi-1.jpg\",\"datePublished\":\"2024-09-23T17:14:30+00:00\",\"dateModified\":\"2025-10-20T16:02:24+00:00\",\"breadcrumb\":{\"@id\":\"https:\/\/www.dipack.com.tr\/urun\/kucuk-susi-kap-kapak-set\/#breadcrumb\"},\"inLanguage\":\"en-US\",\"potentialAction\":[{\"@type\":\"ReadAction\",\"target\":[\"https:\/\/www.dipack.com.tr\/urun\/kucuk-susi-kap-kapak-set\/\"]}]},{\"@type\":\"ImageObject\",\"inLanguage\":\"en-US\",\"@id\":\"https:\/\/www.dipack.com.tr\/urun\/kucuk-susi-kap-kapak-set\/#primaryimage\",\"url\":\"https:\/\/www.dipack.com.tr\/wp-content\/uploads\/2024\/09\/Sushi-1.jpg\",\"contentUrl\":\"https:\/\/www.dipack.com.tr\/wp-content\/uploads\/2024\/09\/Sushi-1.jpg\",\"width\":600,\"height\":600},{\"@type\":\"BreadcrumbList\",\"@id\":\"https:\/\/www.dipack.com.tr\/urun\/kucuk-susi-kap-kapak-set\/#breadcrumb\",\"itemListElement\":[{\"@type\":\"ListItem\",\"position\":1,\"name\":\"Anasayfa\",\"item\":\"https:\/\/www.dipack.com.tr\/\"},{\"@type\":\"ListItem\",\"position\":2,\"name\":\"L\u00fcx S\u0131zd\u0131rmaz Kaplar\",\"item\":\"https:\/\/www.dipack.com.tr\/lux-sizdirmaz-kaplar\/\"},{\"@type\":\"ListItem\",\"position\":3,\"name\":\"K\u00fc\u00e7\u00fck Su\u015fi Kap + Kapak Set\"}]},{\"@type\":\"WebSite\",\"@id\":\"https:\/\/www.dipack.com.tr\/#website\",\"url\":\"https:\/\/www.dipack.com.tr\/\",\"name\":\"Dipack\",\"description\":\"Pratik Ambalaj, M&uuml;kemmel Tazelik!\",\"potentialAction\":[{\"@type\":\"SearchAction\",\"target\":{\"@type\":\"EntryPoint\",\"urlTemplate\":\"https:\/\/www.dipack.com.tr\/?s={search_term_string}\"},\"query-input\":{\"@type\":\"PropertyValueSpecification\",\"valueRequired\":true,\"valueName\":\"search_term_string\"}}],\"inLanguage\":\"en-US\"}]}<\/script>\n<!-- \/ Yoast SEO plugin. -->","yoast_head_json":{"title":"K\u00fc\u00e7\u00fck Su\u015fi Kap + Kapak Set - Dipack","robots":{"index":"index","follow":"follow","max-snippet":"max-snippet:-1","max-image-preview":"max-image-preview:large","max-video-preview":"max-video-preview:-1"},"canonical":"https:\/\/www.dipack.com.tr\/en\/product\/kucuk-susi-kap-kapak-set\/","og_locale":"en_US","og_type":"article","og_title":"K\u00fc\u00e7\u00fck Su\u015fi Kap + Kapak Set - Dipack","og_description":"\u00a0\u00a0 \u00a0    \u00dcr\u00fcn \u00d6l\u00e7\u00fcs\u00fc: 160\u00d790\u00d750   Po\u015fet i\u00e7i Adet : 50   Koli i\u00e7i Adet: 400   Koli \u00d6l\u00e7\u00fcs\u00fc: 400\u00d7390\u00d7355   Koli m\u00b3: 0,055   40 HC Koli Adet: 1210   T\u0131r \u0130\u00e7i Koli Adet: 1589","og_url":"https:\/\/www.dipack.com.tr\/en\/product\/kucuk-susi-kap-kapak-set\/","og_site_name":"Dipack","article_modified_time":"2025-10-20T16:02:24+00:00","og_image":[{"width":600,"height":600,"url":"https:\/\/www.dipack.com.tr\/wp-content\/uploads\/2024\/09\/Sushi-1.jpg","type":"image\/jpeg"}],"twitter_card":"summary_large_image","twitter_misc":{"Est. reading time":"1 minute"},"schema":{"@context":"https:\/\/schema.org","@graph":[{"@type":"WebPage","@id":"https:\/\/www.dipack.com.tr\/urun\/kucuk-susi-kap-kapak-set\/","url":"https:\/\/www.dipack.com.tr\/urun\/kucuk-susi-kap-kapak-set\/","name":"K\u00fc\u00e7\u00fck Su\u015fi Kap + Kapak Set - Dipack","isPartOf":{"@id":"https:\/\/www.dipack.com.tr\/#website"},"primaryImageOfPage":{"@id":"https:\/\/www.dipack.com.tr\/urun\/kucuk-susi-kap-kapak-set\/#primaryimage"},"image":{"@id":"https:\/\/www.dipack.com.tr\/urun\/kucuk-susi-kap-kapak-set\/#primaryimage"},"thumbnailUrl":"https:\/\/www.dipack.com.tr\/wp-content\/uploads\/2024\/09\/Sushi-1.jpg","datePublished":"2024-09-23T17:14:30+00:00","dateModified":"2025-10-20T16:02:24+00:00","breadcrumb":{"@id":"https:\/\/www.dipack.com.tr\/urun\/kucuk-susi-kap-kapak-set\/#breadcrumb"},"inLanguage":"en-US","potentialAction":[{"@type":"ReadAction","target":["https:\/\/www.dipack.com.tr\/urun\/kucuk-susi-kap-kapak-set\/"]}]},{"@type":"ImageObject","inLanguage":"en-US","@id":"https:\/\/www.dipack.com.tr\/urun\/kucuk-susi-kap-kapak-set\/#primaryimage","url":"https:\/\/www.dipack.com.tr\/wp-content\/uploads\/2024\/09\/Sushi-1.jpg","contentUrl":"https:\/\/www.dipack.com.tr\/wp-content\/uploads\/2024\/09\/Sushi-1.jpg","width":600,"height":600},{"@type":"BreadcrumbList","@id":"https:\/\/www.dipack.com.tr\/urun\/kucuk-susi-kap-kapak-set\/#breadcrumb","itemListElement":[{"@type":"ListItem","position":1,"name":"Anasayfa","item":"https:\/\/www.dipack.com.tr\/"},{"@type":"ListItem","position":2,"name":"L\u00fcx S\u0131zd\u0131rmaz Kaplar","item":"https:\/\/www.dipack.com.tr\/lux-sizdirmaz-kaplar\/"},{"@type":"ListItem","position":3,"name":"K\u00fc\u00e7\u00fck Su\u015fi Kap + Kapak Set"}]},{"@type":"WebSite","@id":"https:\/\/www.dipack.com.tr\/#website","url":"https:\/\/www.dipack.com.tr\/","name":"Dipack","description":"Pratik Ambalaj, M&uuml;kemmel Tazelik!","potentialAction":[{"@type":"SearchAction","target":{"@type":"EntryPoint","urlTemplate":"https:\/\/www.dipack.com.tr\/?s={search_term_string}"},"query-input":{"@type":"PropertyValueSpecification","valueRequired":true,"valueName":"search_term_string"}}],"inLanguage":"en-US"}]}},"_links":{"self":[{"href":"https:\/\/www.dipack.com.tr\/en\/wp-json\/wp\/v2\/product\/12945","targetHints":{"allow":["GET"]}}],"collection":[{"href":"https:\/\/www.dipack.com.tr\/en\/wp-json\/wp\/v2\/product"}],"about":[{"href":"https:\/\/www.dipack.com.tr\/en\/wp-json\/wp\/v2\/types\/product"}],"replies":[{"embeddable":true,"href":"https:\/\/www.dipack.com.tr\/en\/wp-json\/wp\/v2\/comments?post=12945"}],"version-history":[{"count":3,"href":"https:\/\/www.dipack.com.tr\/en\/wp-json\/wp\/v2\/product\/12945\/revisions"}],"predecessor-version":[{"id":13095,"href":"https:\/\/www.dipack.com.tr\/en\/wp-json\/wp\/v2\/product\/12945\/revisions\/13095"}],"wp:featuredmedia":[{"embeddable":true,"href":"https:\/\/www.dipack.com.tr\/en\/wp-json\/wp\/v2\/media\/12930"}],"wp:attachment":[{"href":"https:\/\/www.dipack.com.tr\/en\/wp-json\/wp\/v2\/media?parent=12945"}],"wp:term":[{"taxonomy":"product_brand","embeddable":true,"href":"https:\/\/www.dipack.com.tr\/en\/wp-json\/wp\/v2\/product_brand?post=12945"},{"taxonomy":"product_cat","embeddable":true,"href":"https:\/\/www.dipack.com.tr\/en\/wp-json\/wp\/v2\/product_cat?post=12945"},{"taxonomy":"product_tag","embeddable":true,"href":"https:\/\/www.dipack.com.tr\/en\/wp-json\/wp\/v2\/product_tag?post=12945"}],"curies":[{"name":"wp","href":"https:\/\/api.w.org\/{rel}","templated":true}]}}