{"id":12957,"date":"2024-09-24T11:44:20","date_gmt":"2024-09-24T08:44:20","guid":{"rendered":"https:\/\/www.dipack.com.tr\/?post_type=product&#038;p=12957"},"modified":"2025-10-20T19:20:28","modified_gmt":"2025-10-20T16:20:28","slug":"260cc-yuvarlak-tatli-kasesi","status":"publish","type":"product","link":"https:\/\/www.dipack.com.tr\/en\/product\/260cc-yuvarlak-tatli-kasesi\/","title":{"rendered":"260cc Yuvarlak Tatl\u0131 Kasesi"},"content":{"rendered":"<p>Dipack baklava kaplar\u0131, tatl\u0131 \u00fcr\u00fcnlerinizi muhte\u015fem bir \u015fekilde sergilemek ve korumak i\u00e7in ideal bir se\u00e7enektir. Bu kaplar, tatl\u0131lar\u0131n\u0131z\u0131n tazelik ve lezzetini uzun s\u00fcre boyunca muhafaza etmeye yard\u0131mc\u0131 olur. \u00d6zel tasar\u0131m\u0131 sayesinde, tatl\u0131lar\u0131n nemlenmesini \u00f6nler ve i\u00e7indeki lezzeti korur. S\u0131k\u0131 kapaklar\u0131, d\u00f6k\u00fclme veya d\u0131\u015f etkenlerin \u00fcr\u00fcnlerinize zarar verme riskini minimize eder. Bu sayede hem i\u015fletmeye hem de m\u00fc\u015fteriler i\u00e7in g\u00fcvenli bir tatl\u0131 deneyimi sunar. Tatl\u0131lar\u0131n\u0131z\u0131 hijyenik ve d\u00fczenli bir \u015fekilde sunma f\u0131rsat\u0131 verir, bu da m\u00fc\u015fteri memnuniyetini art\u0131r\u0131r. 5 b\u00f6lmeli kahvalt\u0131 kab\u0131 ile kahvalt\u0131l\u0131k \u00fcr\u00fcnlerini birbirine kar\u0131\u015fmadan muhafaza etmek art\u0131k \u00e7ok kolay! 5 b\u00f6lmeli kahvalt\u0131 kab\u0131, kahvalt\u0131y\u0131 d\u00fczenli ve keyifli bir hale getirir. Her b\u00f6lme, farkl\u0131 malzemeleri ayr\u0131 tutar, b\u00f6ylece m\u00fc\u015fteriler istedikleri lezzete rahatl\u0131kla karar verebilirler. Hem kullan\u0131c\u0131lar\u0131n hem de i\u015fletmenizin kahvalt\u0131 deneyimini art\u0131r\u0131n. Dipack baklava kaplar\u0131 ve 5 b\u00f6lmeli kahvalt\u0131 kab\u0131 ile \u00fcr\u00fcnlerinizi en iyi \u015fekilde sunun.<\/p>","protected":false},"excerpt":{"rendered":"<p><img decoding=\"async\" class=\"alignnone wp-image-11640 size-full\" style=\"font-family: var(--default-font-family);\" src=\"https:\/\/www.dipack.com.tr\/wp-content\/uploads\/2023\/08\/pet.png\" alt=\"\" width=\"100\" height=\"100\" srcset=\"https:\/\/www.dipack.com.tr\/wp-content\/uploads\/2023\/08\/pet.png 100w, https:\/\/www.dipack.com.tr\/wp-content\/uploads\/2023\/08\/pet-150x150.png 150w, https:\/\/www.dipack.com.tr\/wp-content\/uploads\/2023\/08\/pet-80x80.png 80w, https:\/\/www.dipack.com.tr\/wp-content\/uploads\/2023\/08\/pet-88x88.png 88w, https:\/\/www.dipack.com.tr\/wp-content\/uploads\/2023\/08\/pet-120x120.png 120w, https:\/\/www.dipack.com.tr\/wp-content\/uploads\/2023\/08\/pet-300x300.png 300w\" sizes=\"(max-width: 100px) 100vw, 100px\" \/> <img decoding=\"async\" class=\"alignnone wp-image-11906 size-full\" style=\"font-family: var(--default-font-family); font-size: 1rem;\" src=\"https:\/\/www.dipack.com.tr\/wp-content\/uploads\/2023\/12\/transparent.png\" alt=\"\" width=\"100\" height=\"100\" srcset=\"https:\/\/www.dipack.com.tr\/wp-content\/uploads\/2023\/12\/transparent.png 100w, https:\/\/www.dipack.com.tr\/wp-content\/uploads\/2023\/12\/transparent-150x150.png 150w, https:\/\/www.dipack.com.tr\/wp-content\/uploads\/2023\/12\/transparent-80x80.png 80w, https:\/\/www.dipack.com.tr\/wp-content\/uploads\/2023\/12\/transparent-88x88.png 88w, https:\/\/www.dipack.com.tr\/wp-content\/uploads\/2023\/12\/transparent-120x120.png 120w, https:\/\/www.dipack.com.tr\/wp-content\/uploads\/2023\/12\/transparent-300x300.png 300w\" sizes=\"(max-width: 100px) 100vw, 100px\" \/> \u00a0\u00a0 \u00a0<img decoding=\"async\" class=\"alignnone size-full wp-image-11638\" style=\"font-size: 1rem; font-family: var(--default-font-family);\" src=\"https:\/\/www.dipack.com.tr\/wp-content\/uploads\/2023\/08\/safefood.png\" alt=\"\" width=\"100\" height=\"100\" srcset=\"https:\/\/www.dipack.com.tr\/wp-content\/uploads\/2023\/08\/safefood.png 100w, https:\/\/www.dipack.com.tr\/wp-content\/uploads\/2023\/08\/safefood-150x150.png 150w, https:\/\/www.dipack.com.tr\/wp-content\/uploads\/2023\/08\/safefood-80x80.png 80w, https:\/\/www.dipack.com.tr\/wp-content\/uploads\/2023\/08\/safefood-88x88.png 88w, https:\/\/www.dipack.com.tr\/wp-content\/uploads\/2023\/08\/safefood-120x120.png 120w, https:\/\/www.dipack.com.tr\/wp-content\/uploads\/2023\/08\/safefood-300x300.png 300w\" sizes=\"(max-width: 100px) 100vw, 100px\" \/><\/p>\n<table>\n<tbody>\n<tr>\n<td>Product Dimension:<\/td>\n<td>\u00d8122\u00d725<\/td>\n<\/tr>\n<tr>\n<td>Quantity in the bag:<\/td>\n<td>50<\/td>\n<\/tr>\n<tr>\n<td>Pieces in Box:<\/td>\n<td>1000<\/td>\n<\/tr>\n<tr>\n<td>Box Size:<\/td>\n<td>600x340x480<\/td>\n<\/tr>\n<tr>\n<td>Box m\u00b3:<\/td>\n<td>0,098<\/td>\n<\/tr>\n<tr>\n<td>40 HC Box Quantity:<\/td>\n<td>684<\/td>\n<\/tr>\n<tr>\n<td>Number of Boxes in Truck:<\/td>\n<td>899<\/td>\n<\/tr>\n<\/tbody>\n<\/table>","protected":false},"featured_media":12922,"comment_status":"open","ping_status":"closed","template":"","meta":{"_acf_changed":false,"_joinchat":[]},"product_brand":[],"product_cat":[122],"product_tag":[],"class_list":{"0":"post-12957","1":"product","2":"type-product","3":"status-publish","4":"has-post-thumbnail","6":"product_cat-tatli-kaplari","8":"first","9":"instock","10":"shipping-taxable","11":"product-type-simple"},"acf":[],"yoast_head":"<!-- This site is optimized with the Yoast SEO plugin v24.6 - https:\/\/yoast.com\/wordpress\/plugins\/seo\/ -->\n<title>260cc Yuvarlak Tatl\u0131 Kasesi - Dipack<\/title>\n<meta name=\"robots\" content=\"index, follow, max-snippet:-1, max-image-preview:large, max-video-preview:-1\" \/>\n<link rel=\"canonical\" href=\"https:\/\/www.dipack.com.tr\/en\/product\/260cc-yuvarlak-tatli-kasesi\/\" \/>\n<meta property=\"og:locale\" content=\"en_US\" \/>\n<meta property=\"og:type\" content=\"article\" \/>\n<meta property=\"og:title\" content=\"260cc Yuvarlak Tatl\u0131 Kasesi - Dipack\" \/>\n<meta property=\"og:description\" content=\"\u00a0\u00a0 \u00a0    \u00dcr\u00fcn \u00d6l\u00e7\u00fcs\u00fc: \u00d8122\u00d725   Po\u015fet i\u00e7i Adet : 50   Koli i\u00e7i Adet: 1000   Koli \u00d6l\u00e7\u00fcs\u00fc: 600x340x480   Koli m\u00b3: 0,098   40 HC Koli Adet: 684   T\u0131r \u0130\u00e7i Koli Adet: 899\" \/>\n<meta property=\"og:url\" content=\"https:\/\/www.dipack.com.tr\/en\/product\/260cc-yuvarlak-tatli-kasesi\/\" \/>\n<meta property=\"og:site_name\" content=\"Dipack\" \/>\n<meta property=\"article:modified_time\" content=\"2025-10-20T16:20:28+00:00\" \/>\n<meta property=\"og:image\" content=\"https:\/\/www.dipack.com.tr\/wp-content\/uploads\/2024\/09\/5115.jpg\" \/>\n\t<meta property=\"og:image:width\" content=\"720\" \/>\n\t<meta property=\"og:image:height\" content=\"720\" \/>\n\t<meta property=\"og:image:type\" content=\"image\/jpeg\" \/>\n<meta name=\"twitter:card\" content=\"summary_large_image\" \/>\n<meta name=\"twitter:label1\" content=\"Est. reading time\" \/>\n\t<meta name=\"twitter:data1\" content=\"2 minutes\" \/>\n<script type=\"application\/ld+json\" class=\"yoast-schema-graph\">{\"@context\":\"https:\/\/schema.org\",\"@graph\":[{\"@type\":\"WebPage\",\"@id\":\"https:\/\/www.dipack.com.tr\/urun\/260cc-yuvarlak-tatli-kasesi\/\",\"url\":\"https:\/\/www.dipack.com.tr\/urun\/260cc-yuvarlak-tatli-kasesi\/\",\"name\":\"260cc Yuvarlak Tatl\u0131 Kasesi - Dipack\",\"isPartOf\":{\"@id\":\"https:\/\/www.dipack.com.tr\/#website\"},\"primaryImageOfPage\":{\"@id\":\"https:\/\/www.dipack.com.tr\/urun\/260cc-yuvarlak-tatli-kasesi\/#primaryimage\"},\"image\":{\"@id\":\"https:\/\/www.dipack.com.tr\/urun\/260cc-yuvarlak-tatli-kasesi\/#primaryimage\"},\"thumbnailUrl\":\"https:\/\/www.dipack.com.tr\/wp-content\/uploads\/2024\/09\/5115.jpg\",\"datePublished\":\"2024-09-24T08:44:20+00:00\",\"dateModified\":\"2025-10-20T16:20:28+00:00\",\"breadcrumb\":{\"@id\":\"https:\/\/www.dipack.com.tr\/urun\/260cc-yuvarlak-tatli-kasesi\/#breadcrumb\"},\"inLanguage\":\"en-US\",\"potentialAction\":[{\"@type\":\"ReadAction\",\"target\":[\"https:\/\/www.dipack.com.tr\/urun\/260cc-yuvarlak-tatli-kasesi\/\"]}]},{\"@type\":\"ImageObject\",\"inLanguage\":\"en-US\",\"@id\":\"https:\/\/www.dipack.com.tr\/urun\/260cc-yuvarlak-tatli-kasesi\/#primaryimage\",\"url\":\"https:\/\/www.dipack.com.tr\/wp-content\/uploads\/2024\/09\/5115.jpg\",\"contentUrl\":\"https:\/\/www.dipack.com.tr\/wp-content\/uploads\/2024\/09\/5115.jpg\",\"width\":720,\"height\":720},{\"@type\":\"BreadcrumbList\",\"@id\":\"https:\/\/www.dipack.com.tr\/urun\/260cc-yuvarlak-tatli-kasesi\/#breadcrumb\",\"itemListElement\":[{\"@type\":\"ListItem\",\"position\":1,\"name\":\"Anasayfa\",\"item\":\"https:\/\/www.dipack.com.tr\/\"},{\"@type\":\"ListItem\",\"position\":2,\"name\":\"L\u00fcx S\u0131zd\u0131rmaz Kaplar\",\"item\":\"https:\/\/www.dipack.com.tr\/lux-sizdirmaz-kaplar\/\"},{\"@type\":\"ListItem\",\"position\":3,\"name\":\"260cc Yuvarlak Tatl\u0131 Kasesi\"}]},{\"@type\":\"WebSite\",\"@id\":\"https:\/\/www.dipack.com.tr\/#website\",\"url\":\"https:\/\/www.dipack.com.tr\/\",\"name\":\"Dipack\",\"description\":\"Pratik Ambalaj, M&uuml;kemmel Tazelik!\",\"potentialAction\":[{\"@type\":\"SearchAction\",\"target\":{\"@type\":\"EntryPoint\",\"urlTemplate\":\"https:\/\/www.dipack.com.tr\/?s={search_term_string}\"},\"query-input\":{\"@type\":\"PropertyValueSpecification\",\"valueRequired\":true,\"valueName\":\"search_term_string\"}}],\"inLanguage\":\"en-US\"}]}<\/script>\n<!-- \/ Yoast SEO plugin. -->","yoast_head_json":{"title":"260cc Yuvarlak Tatl\u0131 Kasesi - Dipack","robots":{"index":"index","follow":"follow","max-snippet":"max-snippet:-1","max-image-preview":"max-image-preview:large","max-video-preview":"max-video-preview:-1"},"canonical":"https:\/\/www.dipack.com.tr\/en\/product\/260cc-yuvarlak-tatli-kasesi\/","og_locale":"en_US","og_type":"article","og_title":"260cc Yuvarlak Tatl\u0131 Kasesi - Dipack","og_description":"\u00a0\u00a0 \u00a0    \u00dcr\u00fcn \u00d6l\u00e7\u00fcs\u00fc: \u00d8122\u00d725   Po\u015fet i\u00e7i Adet : 50   Koli i\u00e7i Adet: 1000   Koli \u00d6l\u00e7\u00fcs\u00fc: 600x340x480   Koli m\u00b3: 0,098   40 HC Koli Adet: 684   T\u0131r \u0130\u00e7i Koli Adet: 899","og_url":"https:\/\/www.dipack.com.tr\/en\/product\/260cc-yuvarlak-tatli-kasesi\/","og_site_name":"Dipack","article_modified_time":"2025-10-20T16:20:28+00:00","og_image":[{"width":720,"height":720,"url":"https:\/\/www.dipack.com.tr\/wp-content\/uploads\/2024\/09\/5115.jpg","type":"image\/jpeg"}],"twitter_card":"summary_large_image","twitter_misc":{"Est. reading time":"2 minutes"},"schema":{"@context":"https:\/\/schema.org","@graph":[{"@type":"WebPage","@id":"https:\/\/www.dipack.com.tr\/urun\/260cc-yuvarlak-tatli-kasesi\/","url":"https:\/\/www.dipack.com.tr\/urun\/260cc-yuvarlak-tatli-kasesi\/","name":"260cc Yuvarlak Tatl\u0131 Kasesi - Dipack","isPartOf":{"@id":"https:\/\/www.dipack.com.tr\/#website"},"primaryImageOfPage":{"@id":"https:\/\/www.dipack.com.tr\/urun\/260cc-yuvarlak-tatli-kasesi\/#primaryimage"},"image":{"@id":"https:\/\/www.dipack.com.tr\/urun\/260cc-yuvarlak-tatli-kasesi\/#primaryimage"},"thumbnailUrl":"https:\/\/www.dipack.com.tr\/wp-content\/uploads\/2024\/09\/5115.jpg","datePublished":"2024-09-24T08:44:20+00:00","dateModified":"2025-10-20T16:20:28+00:00","breadcrumb":{"@id":"https:\/\/www.dipack.com.tr\/urun\/260cc-yuvarlak-tatli-kasesi\/#breadcrumb"},"inLanguage":"en-US","potentialAction":[{"@type":"ReadAction","target":["https:\/\/www.dipack.com.tr\/urun\/260cc-yuvarlak-tatli-kasesi\/"]}]},{"@type":"ImageObject","inLanguage":"en-US","@id":"https:\/\/www.dipack.com.tr\/urun\/260cc-yuvarlak-tatli-kasesi\/#primaryimage","url":"https:\/\/www.dipack.com.tr\/wp-content\/uploads\/2024\/09\/5115.jpg","contentUrl":"https:\/\/www.dipack.com.tr\/wp-content\/uploads\/2024\/09\/5115.jpg","width":720,"height":720},{"@type":"BreadcrumbList","@id":"https:\/\/www.dipack.com.tr\/urun\/260cc-yuvarlak-tatli-kasesi\/#breadcrumb","itemListElement":[{"@type":"ListItem","position":1,"name":"Anasayfa","item":"https:\/\/www.dipack.com.tr\/"},{"@type":"ListItem","position":2,"name":"L\u00fcx S\u0131zd\u0131rmaz Kaplar","item":"https:\/\/www.dipack.com.tr\/lux-sizdirmaz-kaplar\/"},{"@type":"ListItem","position":3,"name":"260cc Yuvarlak Tatl\u0131 Kasesi"}]},{"@type":"WebSite","@id":"https:\/\/www.dipack.com.tr\/#website","url":"https:\/\/www.dipack.com.tr\/","name":"Dipack","description":"Pratik Ambalaj, M&uuml;kemmel Tazelik!","potentialAction":[{"@type":"SearchAction","target":{"@type":"EntryPoint","urlTemplate":"https:\/\/www.dipack.com.tr\/?s={search_term_string}"},"query-input":{"@type":"PropertyValueSpecification","valueRequired":true,"valueName":"search_term_string"}}],"inLanguage":"en-US"}]}},"_links":{"self":[{"href":"https:\/\/www.dipack.com.tr\/en\/wp-json\/wp\/v2\/product\/12957","targetHints":{"allow":["GET"]}}],"collection":[{"href":"https:\/\/www.dipack.com.tr\/en\/wp-json\/wp\/v2\/product"}],"about":[{"href":"https:\/\/www.dipack.com.tr\/en\/wp-json\/wp\/v2\/types\/product"}],"replies":[{"embeddable":true,"href":"https:\/\/www.dipack.com.tr\/en\/wp-json\/wp\/v2\/comments?post=12957"}],"version-history":[{"count":2,"href":"https:\/\/www.dipack.com.tr\/en\/wp-json\/wp\/v2\/product\/12957\/revisions"}],"predecessor-version":[{"id":13111,"href":"https:\/\/www.dipack.com.tr\/en\/wp-json\/wp\/v2\/product\/12957\/revisions\/13111"}],"wp:featuredmedia":[{"embeddable":true,"href":"https:\/\/www.dipack.com.tr\/en\/wp-json\/wp\/v2\/media\/12922"}],"wp:attachment":[{"href":"https:\/\/www.dipack.com.tr\/en\/wp-json\/wp\/v2\/media?parent=12957"}],"wp:term":[{"taxonomy":"product_brand","embeddable":true,"href":"https:\/\/www.dipack.com.tr\/en\/wp-json\/wp\/v2\/product_brand?post=12957"},{"taxonomy":"product_cat","embeddable":true,"href":"https:\/\/www.dipack.com.tr\/en\/wp-json\/wp\/v2\/product_cat?post=12957"},{"taxonomy":"product_tag","embeddable":true,"href":"https:\/\/www.dipack.com.tr\/en\/wp-json\/wp\/v2\/product_tag?post=12957"}],"curies":[{"name":"wp","href":"https:\/\/api.w.org\/{rel}","templated":true}]}}