{"id":13007,"date":"2025-03-07T10:49:09","date_gmt":"2025-03-07T07:49:09","guid":{"rendered":"https:\/\/www.dipack.com.tr\/?post_type=product&#038;p=13007"},"modified":"2025-10-21T20:18:03","modified_gmt":"2025-10-21T17:18:03","slug":"yeni-yemek-kabi-500-cc","status":"publish","type":"product","link":"https:\/\/www.dipack.com.tr\/en\/product\/yeni-yemek-kabi-500-cc\/","title":{"rendered":"Yeni Yemek Kab\u0131 500 cc"},"content":{"rendered":"<p>Dipack Tek Kullan\u0131ml\u0131k S\u0131cak Yemek Kab\u0131, kaliteli malzemesi ve y\u00fcksek \u0131s\u0131 dayan\u0131m\u0131 ile \u00f6n plana \u00e7\u0131kar. \u00d6zel \u00fcretim teknolojisi sayesinde s\u0131zd\u0131rmazl\u0131k garantisi sunarak s\u0131cak yemeklerin g\u00fcvenle ta\u015f\u0131nmas\u0131n\u0131 sa\u011flar. Farkl\u0131 hacim se\u00e7enekleri ve ergonomik tasar\u0131m\u0131 ile kullan\u0131c\u0131 ihtiya\u00e7lar\u0131na geni\u015f bir \u00e7\u00f6z\u00fcm yelpazesi sunar. Hijyen standartlar\u0131na uygun olarak \u00fcretilen bu kaplar, Restoranlardan catering hizmetlerine, etkinliklerden ofis yemeklerine kadar her ortam i\u00e7in ideal bir se\u00e7enektir.<\/p>","protected":false},"excerpt":{"rendered":"<p><img decoding=\"async\" class=\"alignnone size-medium wp-image-11639\" style=\"font-family: var(--default-font-family);\" src=\"https:\/\/www.dipack.com.tr\/wp-content\/uploads\/2023\/08\/pp.png\" alt=\"\" width=\"100\" height=\"100\" srcset=\"https:\/\/www.dipack.com.tr\/wp-content\/uploads\/2023\/08\/pp.png 100w, https:\/\/www.dipack.com.tr\/wp-content\/uploads\/2023\/08\/pp-150x150.png 150w, https:\/\/www.dipack.com.tr\/wp-content\/uploads\/2023\/08\/pp-80x80.png 80w, https:\/\/www.dipack.com.tr\/wp-content\/uploads\/2023\/08\/pp-88x88.png 88w, https:\/\/www.dipack.com.tr\/wp-content\/uploads\/2023\/08\/pp-120x120.png 120w, https:\/\/www.dipack.com.tr\/wp-content\/uploads\/2023\/08\/pp-300x300.png 300w\" sizes=\"(max-width: 100px) 100vw, 100px\" \/> \u00a0<img decoding=\"async\" class=\"alignnone size-medium wp-image-11641\" style=\"font-family: var(--default-font-family); font-size: 1rem;\" src=\"https:\/\/www.dipack.com.tr\/wp-content\/uploads\/2023\/08\/colored.png\" alt=\"\" width=\"100\" height=\"100\" srcset=\"https:\/\/www.dipack.com.tr\/wp-content\/uploads\/2023\/08\/colored.png 100w, https:\/\/www.dipack.com.tr\/wp-content\/uploads\/2023\/08\/colored-150x150.png 150w, https:\/\/www.dipack.com.tr\/wp-content\/uploads\/2023\/08\/colored-80x80.png 80w, https:\/\/www.dipack.com.tr\/wp-content\/uploads\/2023\/08\/colored-88x88.png 88w, https:\/\/www.dipack.com.tr\/wp-content\/uploads\/2023\/08\/colored-120x120.png 120w, https:\/\/www.dipack.com.tr\/wp-content\/uploads\/2023\/08\/colored-300x300.png 300w\" sizes=\"(max-width: 100px) 100vw, 100px\" \/>\u00a0 \u00a0 \u00a0<img decoding=\"async\" class=\"alignnone size-full wp-image-11638\" style=\"font-size: 1rem; font-family: var(--default-font-family);\" src=\"https:\/\/www.dipack.com.tr\/wp-content\/uploads\/2023\/08\/safefood.png\" alt=\"\" width=\"100\" height=\"100\" srcset=\"https:\/\/www.dipack.com.tr\/wp-content\/uploads\/2023\/08\/safefood.png 100w, https:\/\/www.dipack.com.tr\/wp-content\/uploads\/2023\/08\/safefood-150x150.png 150w, https:\/\/www.dipack.com.tr\/wp-content\/uploads\/2023\/08\/safefood-80x80.png 80w, https:\/\/www.dipack.com.tr\/wp-content\/uploads\/2023\/08\/safefood-88x88.png 88w, https:\/\/www.dipack.com.tr\/wp-content\/uploads\/2023\/08\/safefood-120x120.png 120w, https:\/\/www.dipack.com.tr\/wp-content\/uploads\/2023\/08\/safefood-300x300.png 300w\" sizes=\"(max-width: 100px) 100vw, 100px\" \/> <span style=\"font-size: 1rem; font-family: var(--default-font-family);\">\u00a0<\/span><span style=\"font-size: 1rem; font-family: var(--default-font-family);\">\u00a0<\/span><\/p>\n<table>\n<tbody>\n<tr>\n<td>Product Dimension:<\/td>\n<td>225\u00d7140\u00d765<\/td>\n<\/tr>\n<tr>\n<td>Quantity in the bag:<\/td>\n<td>50<\/td>\n<\/tr>\n<tr>\n<td>Pieces in Box:<\/td>\n<td>300<\/td>\n<\/tr>\n<tr>\n<td>Box Size:<\/td>\n<td>640\u00d7415\u00d7455<\/td>\n<\/tr>\n<tr>\n<td>Box m\u00b3:<\/td>\n<td>0,121<\/td>\n<\/tr>\n<tr>\n<td>40 HC Box Quantity:<\/td>\n<td>554<\/td>\n<\/tr>\n<tr>\n<td>Number of Boxes in Truck:<\/td>\n<td>728<\/td>\n<\/tr>\n<\/tbody>\n<\/table>","protected":false},"featured_media":13002,"comment_status":"open","ping_status":"closed","template":"","meta":{"_acf_changed":false,"_joinchat":[]},"product_brand":[],"product_cat":[139],"product_tag":[],"class_list":{"0":"post-13007","1":"product","2":"type-product","3":"status-publish","4":"has-post-thumbnail","6":"product_cat-pp-sicak-yemek-kaplari","8":"first","9":"instock","10":"shipping-taxable","11":"product-type-simple"},"acf":[],"yoast_head":"<!-- This site is optimized with the Yoast SEO plugin v24.6 - https:\/\/yoast.com\/wordpress\/plugins\/seo\/ -->\n<title>Yeni Yemek Kab\u0131 500 cc - Dipack<\/title>\n<meta name=\"robots\" content=\"index, follow, max-snippet:-1, max-image-preview:large, max-video-preview:-1\" \/>\n<link rel=\"canonical\" href=\"https:\/\/www.dipack.com.tr\/en\/product\/yeni-yemek-kabi-500-cc\/\" \/>\n<meta property=\"og:locale\" content=\"en_US\" \/>\n<meta property=\"og:type\" content=\"article\" \/>\n<meta property=\"og:title\" content=\"Yeni Yemek Kab\u0131 500 cc - Dipack\" \/>\n<meta property=\"og:description\" content=\"\u00a0\u00a0 \u00a0 \u00a0 \u00a0\u00a0    \u00dcr\u00fcn \u00d6l\u00e7\u00fcs\u00fc: 225\u00d7140\u00d765   Po\u015fet i\u00e7i Adet : 50   Koli i\u00e7i Adet: 300   Koli \u00d6l\u00e7\u00fcs\u00fc: 640\u00d7415\u00d7455   Koli m\u00b3: 0,121   40 HC Koli Adet: 554   T\u0131r \u0130\u00e7i Koli Adet: 728\" \/>\n<meta property=\"og:url\" content=\"https:\/\/www.dipack.com.tr\/en\/product\/yeni-yemek-kabi-500-cc\/\" \/>\n<meta property=\"og:site_name\" content=\"Dipack\" \/>\n<meta property=\"article:modified_time\" content=\"2025-10-21T17:18:03+00:00\" \/>\n<meta property=\"og:image\" content=\"https:\/\/www.dipack.com.tr\/wp-content\/uploads\/2025\/03\/500-cc-kase.jpg\" \/>\n\t<meta property=\"og:image:width\" content=\"600\" \/>\n\t<meta property=\"og:image:height\" content=\"600\" \/>\n\t<meta property=\"og:image:type\" content=\"image\/jpeg\" \/>\n<meta name=\"twitter:card\" content=\"summary_large_image\" \/>\n<meta name=\"twitter:label1\" content=\"Est. reading time\" \/>\n\t<meta name=\"twitter:data1\" content=\"1 minute\" \/>\n<script type=\"application\/ld+json\" class=\"yoast-schema-graph\">{\"@context\":\"https:\/\/schema.org\",\"@graph\":[{\"@type\":\"WebPage\",\"@id\":\"https:\/\/www.dipack.com.tr\/urun\/yeni-yemek-kabi-500-cc\/\",\"url\":\"https:\/\/www.dipack.com.tr\/urun\/yeni-yemek-kabi-500-cc\/\",\"name\":\"Yeni Yemek Kab\u0131 500 cc - Dipack\",\"isPartOf\":{\"@id\":\"https:\/\/www.dipack.com.tr\/#website\"},\"primaryImageOfPage\":{\"@id\":\"https:\/\/www.dipack.com.tr\/urun\/yeni-yemek-kabi-500-cc\/#primaryimage\"},\"image\":{\"@id\":\"https:\/\/www.dipack.com.tr\/urun\/yeni-yemek-kabi-500-cc\/#primaryimage\"},\"thumbnailUrl\":\"https:\/\/www.dipack.com.tr\/wp-content\/uploads\/2025\/03\/500-cc-kase.jpg\",\"datePublished\":\"2025-03-07T07:49:09+00:00\",\"dateModified\":\"2025-10-21T17:18:03+00:00\",\"breadcrumb\":{\"@id\":\"https:\/\/www.dipack.com.tr\/urun\/yeni-yemek-kabi-500-cc\/#breadcrumb\"},\"inLanguage\":\"en-US\",\"potentialAction\":[{\"@type\":\"ReadAction\",\"target\":[\"https:\/\/www.dipack.com.tr\/urun\/yeni-yemek-kabi-500-cc\/\"]}]},{\"@type\":\"ImageObject\",\"inLanguage\":\"en-US\",\"@id\":\"https:\/\/www.dipack.com.tr\/urun\/yeni-yemek-kabi-500-cc\/#primaryimage\",\"url\":\"https:\/\/www.dipack.com.tr\/wp-content\/uploads\/2025\/03\/500-cc-kase.jpg\",\"contentUrl\":\"https:\/\/www.dipack.com.tr\/wp-content\/uploads\/2025\/03\/500-cc-kase.jpg\",\"width\":600,\"height\":600},{\"@type\":\"BreadcrumbList\",\"@id\":\"https:\/\/www.dipack.com.tr\/urun\/yeni-yemek-kabi-500-cc\/#breadcrumb\",\"itemListElement\":[{\"@type\":\"ListItem\",\"position\":1,\"name\":\"Anasayfa\",\"item\":\"https:\/\/www.dipack.com.tr\/\"},{\"@type\":\"ListItem\",\"position\":2,\"name\":\"L\u00fcx S\u0131zd\u0131rmaz Kaplar\",\"item\":\"https:\/\/www.dipack.com.tr\/lux-sizdirmaz-kaplar\/\"},{\"@type\":\"ListItem\",\"position\":3,\"name\":\"Yeni Yemek Kab\u0131 500 cc\"}]},{\"@type\":\"WebSite\",\"@id\":\"https:\/\/www.dipack.com.tr\/#website\",\"url\":\"https:\/\/www.dipack.com.tr\/\",\"name\":\"Dipack\",\"description\":\"Pratik Ambalaj, M&uuml;kemmel Tazelik!\",\"potentialAction\":[{\"@type\":\"SearchAction\",\"target\":{\"@type\":\"EntryPoint\",\"urlTemplate\":\"https:\/\/www.dipack.com.tr\/?s={search_term_string}\"},\"query-input\":{\"@type\":\"PropertyValueSpecification\",\"valueRequired\":true,\"valueName\":\"search_term_string\"}}],\"inLanguage\":\"en-US\"}]}<\/script>\n<!-- \/ Yoast SEO plugin. -->","yoast_head_json":{"title":"Yeni Yemek Kab\u0131 500 cc - Dipack","robots":{"index":"index","follow":"follow","max-snippet":"max-snippet:-1","max-image-preview":"max-image-preview:large","max-video-preview":"max-video-preview:-1"},"canonical":"https:\/\/www.dipack.com.tr\/en\/product\/yeni-yemek-kabi-500-cc\/","og_locale":"en_US","og_type":"article","og_title":"Yeni Yemek Kab\u0131 500 cc - Dipack","og_description":"\u00a0\u00a0 \u00a0 \u00a0 \u00a0\u00a0    \u00dcr\u00fcn \u00d6l\u00e7\u00fcs\u00fc: 225\u00d7140\u00d765   Po\u015fet i\u00e7i Adet : 50   Koli i\u00e7i Adet: 300   Koli \u00d6l\u00e7\u00fcs\u00fc: 640\u00d7415\u00d7455   Koli m\u00b3: 0,121   40 HC Koli Adet: 554   T\u0131r \u0130\u00e7i Koli Adet: 728","og_url":"https:\/\/www.dipack.com.tr\/en\/product\/yeni-yemek-kabi-500-cc\/","og_site_name":"Dipack","article_modified_time":"2025-10-21T17:18:03+00:00","og_image":[{"width":600,"height":600,"url":"https:\/\/www.dipack.com.tr\/wp-content\/uploads\/2025\/03\/500-cc-kase.jpg","type":"image\/jpeg"}],"twitter_card":"summary_large_image","twitter_misc":{"Est. reading time":"1 minute"},"schema":{"@context":"https:\/\/schema.org","@graph":[{"@type":"WebPage","@id":"https:\/\/www.dipack.com.tr\/urun\/yeni-yemek-kabi-500-cc\/","url":"https:\/\/www.dipack.com.tr\/urun\/yeni-yemek-kabi-500-cc\/","name":"Yeni Yemek Kab\u0131 500 cc - Dipack","isPartOf":{"@id":"https:\/\/www.dipack.com.tr\/#website"},"primaryImageOfPage":{"@id":"https:\/\/www.dipack.com.tr\/urun\/yeni-yemek-kabi-500-cc\/#primaryimage"},"image":{"@id":"https:\/\/www.dipack.com.tr\/urun\/yeni-yemek-kabi-500-cc\/#primaryimage"},"thumbnailUrl":"https:\/\/www.dipack.com.tr\/wp-content\/uploads\/2025\/03\/500-cc-kase.jpg","datePublished":"2025-03-07T07:49:09+00:00","dateModified":"2025-10-21T17:18:03+00:00","breadcrumb":{"@id":"https:\/\/www.dipack.com.tr\/urun\/yeni-yemek-kabi-500-cc\/#breadcrumb"},"inLanguage":"en-US","potentialAction":[{"@type":"ReadAction","target":["https:\/\/www.dipack.com.tr\/urun\/yeni-yemek-kabi-500-cc\/"]}]},{"@type":"ImageObject","inLanguage":"en-US","@id":"https:\/\/www.dipack.com.tr\/urun\/yeni-yemek-kabi-500-cc\/#primaryimage","url":"https:\/\/www.dipack.com.tr\/wp-content\/uploads\/2025\/03\/500-cc-kase.jpg","contentUrl":"https:\/\/www.dipack.com.tr\/wp-content\/uploads\/2025\/03\/500-cc-kase.jpg","width":600,"height":600},{"@type":"BreadcrumbList","@id":"https:\/\/www.dipack.com.tr\/urun\/yeni-yemek-kabi-500-cc\/#breadcrumb","itemListElement":[{"@type":"ListItem","position":1,"name":"Anasayfa","item":"https:\/\/www.dipack.com.tr\/"},{"@type":"ListItem","position":2,"name":"L\u00fcx S\u0131zd\u0131rmaz Kaplar","item":"https:\/\/www.dipack.com.tr\/lux-sizdirmaz-kaplar\/"},{"@type":"ListItem","position":3,"name":"Yeni Yemek Kab\u0131 500 cc"}]},{"@type":"WebSite","@id":"https:\/\/www.dipack.com.tr\/#website","url":"https:\/\/www.dipack.com.tr\/","name":"Dipack","description":"Pratik Ambalaj, M&uuml;kemmel Tazelik!","potentialAction":[{"@type":"SearchAction","target":{"@type":"EntryPoint","urlTemplate":"https:\/\/www.dipack.com.tr\/?s={search_term_string}"},"query-input":{"@type":"PropertyValueSpecification","valueRequired":true,"valueName":"search_term_string"}}],"inLanguage":"en-US"}]}},"_links":{"self":[{"href":"https:\/\/www.dipack.com.tr\/en\/wp-json\/wp\/v2\/product\/13007","targetHints":{"allow":["GET"]}}],"collection":[{"href":"https:\/\/www.dipack.com.tr\/en\/wp-json\/wp\/v2\/product"}],"about":[{"href":"https:\/\/www.dipack.com.tr\/en\/wp-json\/wp\/v2\/types\/product"}],"replies":[{"embeddable":true,"href":"https:\/\/www.dipack.com.tr\/en\/wp-json\/wp\/v2\/comments?post=13007"}],"version-history":[{"count":3,"href":"https:\/\/www.dipack.com.tr\/en\/wp-json\/wp\/v2\/product\/13007\/revisions"}],"predecessor-version":[{"id":13256,"href":"https:\/\/www.dipack.com.tr\/en\/wp-json\/wp\/v2\/product\/13007\/revisions\/13256"}],"wp:featuredmedia":[{"embeddable":true,"href":"https:\/\/www.dipack.com.tr\/en\/wp-json\/wp\/v2\/media\/13002"}],"wp:attachment":[{"href":"https:\/\/www.dipack.com.tr\/en\/wp-json\/wp\/v2\/media?parent=13007"}],"wp:term":[{"taxonomy":"product_brand","embeddable":true,"href":"https:\/\/www.dipack.com.tr\/en\/wp-json\/wp\/v2\/product_brand?post=13007"},{"taxonomy":"product_cat","embeddable":true,"href":"https:\/\/www.dipack.com.tr\/en\/wp-json\/wp\/v2\/product_cat?post=13007"},{"taxonomy":"product_tag","embeddable":true,"href":"https:\/\/www.dipack.com.tr\/en\/wp-json\/wp\/v2\/product_tag?post=13007"}],"curies":[{"name":"wp","href":"https:\/\/api.w.org\/{rel}","templated":true}]}}