{"id":13270,"date":"2025-10-21T20:50:02","date_gmt":"2025-10-21T17:50:02","guid":{"rendered":"https:\/\/www.dipack.com.tr\/?post_type=product&#038;p=13270"},"modified":"2025-10-21T20:51:18","modified_gmt":"2025-10-21T17:51:18","slug":"4-bolmeli-kebap-kapkapak-set","status":"publish","type":"product","link":"https:\/\/www.dipack.com.tr\/en\/product\/4-bolmeli-kebap-kapkapak-set\/","title":{"rendered":"4 B\u00f6lmeli Kebap Kap+Kapak Set"},"content":{"rendered":"<p>Dipack, kebap sunumlar\u0131n\u0131z i\u00e7in pratik ve hijyenik \u00e7\u00f6z\u00fcmler \u00fcretir. PP malzemeden \u00fcretilen Dipack Tek Kullan\u0131ml\u0131k Kebap Kaplar\u0131, mikrodalgada \u0131s\u0131tmaya uygun yap\u0131s\u0131yla serviste b\u00fcy\u00fck kolayl\u0131k sa\u011flar ve lezzeti ilk anki gibi korur. Ayr\u0131ca, \u00f6zel bariyer \u00f6zelli\u011fi sayesinde kebaplar\u0131n\u0131z\u0131 g\u00fcvenle muhafaza eder. \u015eeffaf tasar\u0131m\u0131yla sipari\u015flerinizi kolayca ay\u0131rt etmenizi sa\u011flar.<\/p>","protected":false},"excerpt":{"rendered":"<p><img decoding=\"async\" class=\"alignnone size-medium wp-image-11639\" style=\"font-family: var(--default-font-family);\" src=\"https:\/\/www.dipack.com.tr\/wp-content\/uploads\/2023\/08\/pp.png\" alt=\"\" width=\"100\" height=\"100\" srcset=\"https:\/\/www.dipack.com.tr\/wp-content\/uploads\/2023\/08\/pp.png 100w, https:\/\/www.dipack.com.tr\/wp-content\/uploads\/2023\/08\/pp-150x150.png 150w, https:\/\/www.dipack.com.tr\/wp-content\/uploads\/2023\/08\/pp-80x80.png 80w, https:\/\/www.dipack.com.tr\/wp-content\/uploads\/2023\/08\/pp-88x88.png 88w, https:\/\/www.dipack.com.tr\/wp-content\/uploads\/2023\/08\/pp-120x120.png 120w, https:\/\/www.dipack.com.tr\/wp-content\/uploads\/2023\/08\/pp-300x300.png 300w\" sizes=\"(max-width: 100px) 100vw, 100px\" \/> \u00a0<img decoding=\"async\" class=\"alignnone size-medium wp-image-11641\" style=\"font-family: var(--default-font-family); font-size: 1rem;\" src=\"https:\/\/www.dipack.com.tr\/wp-content\/uploads\/2023\/08\/colored.png\" alt=\"\" width=\"100\" height=\"100\" srcset=\"https:\/\/www.dipack.com.tr\/wp-content\/uploads\/2023\/08\/colored.png 100w, https:\/\/www.dipack.com.tr\/wp-content\/uploads\/2023\/08\/colored-150x150.png 150w, https:\/\/www.dipack.com.tr\/wp-content\/uploads\/2023\/08\/colored-80x80.png 80w, https:\/\/www.dipack.com.tr\/wp-content\/uploads\/2023\/08\/colored-88x88.png 88w, https:\/\/www.dipack.com.tr\/wp-content\/uploads\/2023\/08\/colored-120x120.png 120w, https:\/\/www.dipack.com.tr\/wp-content\/uploads\/2023\/08\/colored-300x300.png 300w\" sizes=\"(max-width: 100px) 100vw, 100px\" \/>\u00a0 \u00a0 \u00a0<img decoding=\"async\" class=\"alignnone size-full wp-image-11638\" style=\"font-size: 1rem; font-family: var(--default-font-family);\" src=\"https:\/\/www.dipack.com.tr\/wp-content\/uploads\/2023\/08\/safefood.png\" alt=\"\" width=\"100\" height=\"100\" srcset=\"https:\/\/www.dipack.com.tr\/wp-content\/uploads\/2023\/08\/safefood.png 100w, https:\/\/www.dipack.com.tr\/wp-content\/uploads\/2023\/08\/safefood-150x150.png 150w, https:\/\/www.dipack.com.tr\/wp-content\/uploads\/2023\/08\/safefood-80x80.png 80w, https:\/\/www.dipack.com.tr\/wp-content\/uploads\/2023\/08\/safefood-88x88.png 88w, https:\/\/www.dipack.com.tr\/wp-content\/uploads\/2023\/08\/safefood-120x120.png 120w, https:\/\/www.dipack.com.tr\/wp-content\/uploads\/2023\/08\/safefood-300x300.png 300w\" sizes=\"(max-width: 100px) 100vw, 100px\" \/> <span style=\"font-size: 1rem; font-family: var(--default-font-family);\">\u00a0<\/span><span style=\"font-size: 1rem; font-family: var(--default-font-family);\">\u00a0<\/span><\/p>\n<table>\n<tbody>\n<tr>\n<td>Product Dimension:<\/td>\n<td>420x300x53<\/td>\n<\/tr>\n<tr>\n<td>Quantity in the bag:<\/td>\n<td><\/td>\n<\/tr>\n<tr>\n<td>Pieces in Box:<\/td>\n<td><\/td>\n<\/tr>\n<tr>\n<td>Box Size:<\/td>\n<td><\/td>\n<\/tr>\n<tr>\n<td>Box m\u00b3:<\/td>\n<td><\/td>\n<\/tr>\n<tr>\n<td>40 HC Box Quantity:<\/td>\n<td><\/td>\n<\/tr>\n<tr>\n<td>Number of Boxes in Truck:<\/td>\n<td><\/td>\n<\/tr>\n<\/tbody>\n<\/table>","protected":false},"featured_media":13122,"comment_status":"open","ping_status":"closed","template":"","meta":{"_acf_changed":false,"_joinchat":[]},"product_brand":[],"product_cat":[143],"product_tag":[],"class_list":{"0":"post-13270","1":"product","2":"type-product","3":"status-publish","4":"has-post-thumbnail","6":"product_cat-kebap-kaplari","8":"first","9":"instock","10":"shipping-taxable","11":"product-type-simple"},"acf":[],"yoast_head":"<!-- This site is optimized with the Yoast SEO plugin v24.6 - https:\/\/yoast.com\/wordpress\/plugins\/seo\/ -->\n<title>4 B\u00f6lmeli Kebap Kap+Kapak Set - Dipack<\/title>\n<meta name=\"robots\" content=\"index, follow, max-snippet:-1, max-image-preview:large, max-video-preview:-1\" \/>\n<link rel=\"canonical\" href=\"https:\/\/www.dipack.com.tr\/en\/product\/4-bolmeli-kebap-kapkapak-set\/\" \/>\n<meta property=\"og:locale\" content=\"en_US\" \/>\n<meta property=\"og:type\" content=\"article\" \/>\n<meta property=\"og:title\" content=\"4 B\u00f6lmeli Kebap Kap+Kapak Set - Dipack\" \/>\n<meta property=\"og:description\" content=\"\u00a0\u00a0 \u00a0 \u00a0 \u00a0\u00a0    \u00dcr\u00fcn \u00d6l\u00e7\u00fcs\u00fc: 420x300x53   Po\u015fet i\u00e7i Adet :    Koli i\u00e7i Adet:    Koli \u00d6l\u00e7\u00fcs\u00fc:    Koli m\u00b3:    40 HC Koli Adet:    T\u0131r \u0130\u00e7i Koli Adet:\" \/>\n<meta property=\"og:url\" content=\"https:\/\/www.dipack.com.tr\/en\/product\/4-bolmeli-kebap-kapkapak-set\/\" \/>\n<meta property=\"og:site_name\" content=\"Dipack\" \/>\n<meta property=\"article:modified_time\" content=\"2025-10-21T17:51:18+00:00\" \/>\n<meta property=\"og:image\" content=\"https:\/\/www.dipack.com.tr\/wp-content\/uploads\/2025\/10\/Kebap-iki.jpg\" \/>\n\t<meta property=\"og:image:width\" content=\"600\" \/>\n\t<meta property=\"og:image:height\" content=\"600\" \/>\n\t<meta property=\"og:image:type\" content=\"image\/jpeg\" \/>\n<meta name=\"twitter:card\" content=\"summary_large_image\" \/>\n<meta name=\"twitter:label1\" content=\"Est. reading time\" \/>\n\t<meta name=\"twitter:data1\" content=\"1 minute\" \/>\n<script type=\"application\/ld+json\" class=\"yoast-schema-graph\">{\"@context\":\"https:\/\/schema.org\",\"@graph\":[{\"@type\":\"WebPage\",\"@id\":\"https:\/\/www.dipack.com.tr\/urun\/4-bolmeli-kebap-kapkapak-set\/\",\"url\":\"https:\/\/www.dipack.com.tr\/urun\/4-bolmeli-kebap-kapkapak-set\/\",\"name\":\"4 B\u00f6lmeli Kebap Kap+Kapak Set - Dipack\",\"isPartOf\":{\"@id\":\"https:\/\/www.dipack.com.tr\/#website\"},\"primaryImageOfPage\":{\"@id\":\"https:\/\/www.dipack.com.tr\/urun\/4-bolmeli-kebap-kapkapak-set\/#primaryimage\"},\"image\":{\"@id\":\"https:\/\/www.dipack.com.tr\/urun\/4-bolmeli-kebap-kapkapak-set\/#primaryimage\"},\"thumbnailUrl\":\"https:\/\/www.dipack.com.tr\/wp-content\/uploads\/2025\/10\/Kebap-iki.jpg\",\"datePublished\":\"2025-10-21T17:50:02+00:00\",\"dateModified\":\"2025-10-21T17:51:18+00:00\",\"breadcrumb\":{\"@id\":\"https:\/\/www.dipack.com.tr\/urun\/4-bolmeli-kebap-kapkapak-set\/#breadcrumb\"},\"inLanguage\":\"en-US\",\"potentialAction\":[{\"@type\":\"ReadAction\",\"target\":[\"https:\/\/www.dipack.com.tr\/urun\/4-bolmeli-kebap-kapkapak-set\/\"]}]},{\"@type\":\"ImageObject\",\"inLanguage\":\"en-US\",\"@id\":\"https:\/\/www.dipack.com.tr\/urun\/4-bolmeli-kebap-kapkapak-set\/#primaryimage\",\"url\":\"https:\/\/www.dipack.com.tr\/wp-content\/uploads\/2025\/10\/Kebap-iki.jpg\",\"contentUrl\":\"https:\/\/www.dipack.com.tr\/wp-content\/uploads\/2025\/10\/Kebap-iki.jpg\",\"width\":600,\"height\":600},{\"@type\":\"BreadcrumbList\",\"@id\":\"https:\/\/www.dipack.com.tr\/urun\/4-bolmeli-kebap-kapkapak-set\/#breadcrumb\",\"itemListElement\":[{\"@type\":\"ListItem\",\"position\":1,\"name\":\"Anasayfa\",\"item\":\"https:\/\/www.dipack.com.tr\/\"},{\"@type\":\"ListItem\",\"position\":2,\"name\":\"L\u00fcx S\u0131zd\u0131rmaz Kaplar\",\"item\":\"https:\/\/www.dipack.com.tr\/lux-sizdirmaz-kaplar\/\"},{\"@type\":\"ListItem\",\"position\":3,\"name\":\"4 B\u00f6lmeli Kebap Kap+Kapak Set\"}]},{\"@type\":\"WebSite\",\"@id\":\"https:\/\/www.dipack.com.tr\/#website\",\"url\":\"https:\/\/www.dipack.com.tr\/\",\"name\":\"Dipack\",\"description\":\"Pratik Ambalaj, M&uuml;kemmel Tazelik!\",\"potentialAction\":[{\"@type\":\"SearchAction\",\"target\":{\"@type\":\"EntryPoint\",\"urlTemplate\":\"https:\/\/www.dipack.com.tr\/?s={search_term_string}\"},\"query-input\":{\"@type\":\"PropertyValueSpecification\",\"valueRequired\":true,\"valueName\":\"search_term_string\"}}],\"inLanguage\":\"en-US\"}]}<\/script>\n<!-- \/ Yoast SEO plugin. -->","yoast_head_json":{"title":"4 B\u00f6lmeli Kebap Kap+Kapak Set - Dipack","robots":{"index":"index","follow":"follow","max-snippet":"max-snippet:-1","max-image-preview":"max-image-preview:large","max-video-preview":"max-video-preview:-1"},"canonical":"https:\/\/www.dipack.com.tr\/en\/product\/4-bolmeli-kebap-kapkapak-set\/","og_locale":"en_US","og_type":"article","og_title":"4 B\u00f6lmeli Kebap Kap+Kapak Set - Dipack","og_description":"\u00a0\u00a0 \u00a0 \u00a0 \u00a0\u00a0    \u00dcr\u00fcn \u00d6l\u00e7\u00fcs\u00fc: 420x300x53   Po\u015fet i\u00e7i Adet :    Koli i\u00e7i Adet:    Koli \u00d6l\u00e7\u00fcs\u00fc:    Koli m\u00b3:    40 HC Koli Adet:    T\u0131r \u0130\u00e7i Koli Adet:","og_url":"https:\/\/www.dipack.com.tr\/en\/product\/4-bolmeli-kebap-kapkapak-set\/","og_site_name":"Dipack","article_modified_time":"2025-10-21T17:51:18+00:00","og_image":[{"width":600,"height":600,"url":"https:\/\/www.dipack.com.tr\/wp-content\/uploads\/2025\/10\/Kebap-iki.jpg","type":"image\/jpeg"}],"twitter_card":"summary_large_image","twitter_misc":{"Est. reading time":"1 minute"},"schema":{"@context":"https:\/\/schema.org","@graph":[{"@type":"WebPage","@id":"https:\/\/www.dipack.com.tr\/urun\/4-bolmeli-kebap-kapkapak-set\/","url":"https:\/\/www.dipack.com.tr\/urun\/4-bolmeli-kebap-kapkapak-set\/","name":"4 B\u00f6lmeli Kebap Kap+Kapak Set - Dipack","isPartOf":{"@id":"https:\/\/www.dipack.com.tr\/#website"},"primaryImageOfPage":{"@id":"https:\/\/www.dipack.com.tr\/urun\/4-bolmeli-kebap-kapkapak-set\/#primaryimage"},"image":{"@id":"https:\/\/www.dipack.com.tr\/urun\/4-bolmeli-kebap-kapkapak-set\/#primaryimage"},"thumbnailUrl":"https:\/\/www.dipack.com.tr\/wp-content\/uploads\/2025\/10\/Kebap-iki.jpg","datePublished":"2025-10-21T17:50:02+00:00","dateModified":"2025-10-21T17:51:18+00:00","breadcrumb":{"@id":"https:\/\/www.dipack.com.tr\/urun\/4-bolmeli-kebap-kapkapak-set\/#breadcrumb"},"inLanguage":"en-US","potentialAction":[{"@type":"ReadAction","target":["https:\/\/www.dipack.com.tr\/urun\/4-bolmeli-kebap-kapkapak-set\/"]}]},{"@type":"ImageObject","inLanguage":"en-US","@id":"https:\/\/www.dipack.com.tr\/urun\/4-bolmeli-kebap-kapkapak-set\/#primaryimage","url":"https:\/\/www.dipack.com.tr\/wp-content\/uploads\/2025\/10\/Kebap-iki.jpg","contentUrl":"https:\/\/www.dipack.com.tr\/wp-content\/uploads\/2025\/10\/Kebap-iki.jpg","width":600,"height":600},{"@type":"BreadcrumbList","@id":"https:\/\/www.dipack.com.tr\/urun\/4-bolmeli-kebap-kapkapak-set\/#breadcrumb","itemListElement":[{"@type":"ListItem","position":1,"name":"Anasayfa","item":"https:\/\/www.dipack.com.tr\/"},{"@type":"ListItem","position":2,"name":"L\u00fcx S\u0131zd\u0131rmaz Kaplar","item":"https:\/\/www.dipack.com.tr\/lux-sizdirmaz-kaplar\/"},{"@type":"ListItem","position":3,"name":"4 B\u00f6lmeli Kebap Kap+Kapak Set"}]},{"@type":"WebSite","@id":"https:\/\/www.dipack.com.tr\/#website","url":"https:\/\/www.dipack.com.tr\/","name":"Dipack","description":"Pratik Ambalaj, M&uuml;kemmel Tazelik!","potentialAction":[{"@type":"SearchAction","target":{"@type":"EntryPoint","urlTemplate":"https:\/\/www.dipack.com.tr\/?s={search_term_string}"},"query-input":{"@type":"PropertyValueSpecification","valueRequired":true,"valueName":"search_term_string"}}],"inLanguage":"en-US"}]}},"_links":{"self":[{"href":"https:\/\/www.dipack.com.tr\/en\/wp-json\/wp\/v2\/product\/13270","targetHints":{"allow":["GET"]}}],"collection":[{"href":"https:\/\/www.dipack.com.tr\/en\/wp-json\/wp\/v2\/product"}],"about":[{"href":"https:\/\/www.dipack.com.tr\/en\/wp-json\/wp\/v2\/types\/product"}],"replies":[{"embeddable":true,"href":"https:\/\/www.dipack.com.tr\/en\/wp-json\/wp\/v2\/comments?post=13270"}],"version-history":[{"count":1,"href":"https:\/\/www.dipack.com.tr\/en\/wp-json\/wp\/v2\/product\/13270\/revisions"}],"predecessor-version":[{"id":13271,"href":"https:\/\/www.dipack.com.tr\/en\/wp-json\/wp\/v2\/product\/13270\/revisions\/13271"}],"wp:featuredmedia":[{"embeddable":true,"href":"https:\/\/www.dipack.com.tr\/en\/wp-json\/wp\/v2\/media\/13122"}],"wp:attachment":[{"href":"https:\/\/www.dipack.com.tr\/en\/wp-json\/wp\/v2\/media?parent=13270"}],"wp:term":[{"taxonomy":"product_brand","embeddable":true,"href":"https:\/\/www.dipack.com.tr\/en\/wp-json\/wp\/v2\/product_brand?post=13270"},{"taxonomy":"product_cat","embeddable":true,"href":"https:\/\/www.dipack.com.tr\/en\/wp-json\/wp\/v2\/product_cat?post=13270"},{"taxonomy":"product_tag","embeddable":true,"href":"https:\/\/www.dipack.com.tr\/en\/wp-json\/wp\/v2\/product_tag?post=13270"}],"curies":[{"name":"wp","href":"https:\/\/api.w.org\/{rel}","templated":true}]}}